{"id":381,"date":"2014-08-21T11:51:56","date_gmt":"2014-08-21T07:51:56","guid":{"rendered":"http:\/\/college-lacaussade.ac-reunion.fr\/?page_id=381"},"modified":"2024-11-29T08:09:49","modified_gmt":"2024-11-29T04:09:49","slug":"service-infirmerie","status":"publish","type":"page","link":"https:\/\/etab.ac-reunion.fr\/clg-lacaussade\/vie-au-college\/service-infirmerie\/","title":{"rendered":"Service Infirmerie"},"content":{"rendered":"<p>Pr\u00e9sence de l&rsquo;infirmi\u00e8re :<\/p>\n<p style=\"text-align: center\"><strong>Lundi : de 8h \u00e0 17h<\/strong><\/p>\n<p style=\"text-align: center\"><strong>Mardi : de 7h \u00e0 15h30<\/strong><\/p>\n<p style=\"text-align: center\"><strong>Mercredi : de 8h \u00e0 12h<\/strong><\/p>\n<p style=\"text-align: center\"><strong>Jeudi : de 8h \u00e0 16h30<\/strong><\/p>\n<p style=\"text-align: center\"><strong>Vendredi : de 8h \u00e0 16h<\/strong><\/p>\n<p><strong>Fonctions de l&rsquo;infirmier(e) scolaire<\/strong><\/p>\n<p>L&rsquo;infirmier(e) dans le cadre de son r\u00f4le relationnel, technique et \u00e9ducation accueille tout \u00e9l\u00e8ve qui le (la) sollicite pour quelque motif que ce soit y compris d&rsquo;ordre relationnel ou psychologique, d\u00e8s lors qu&rsquo;il y une incidence sur sa sant\u00e9 ou sa scolarit\u00e9. Dans cet objectif, l&rsquo;infirmier(e) :<\/p>\n<ul>\n<li>\u00e9coute et accompagne les \u00e9l\u00e8ves;<\/li>\n<li>organise et r\u00e9alise le suivi infirmier de sant\u00e9 des \u00e9l\u00e8ves;<\/li>\n<li>d\u00e9veloppe, en fonction des besoins rep\u00e9r\u00e9s, une dynamique d&rsquo;\u00e9ducation \u00e0 la sant\u00e9 dans le cadre du projet d&rsquo;\u00e9tablissement ou d&rsquo;\u00e9cole, en particulier pour les \u00e9l\u00e8ves des \u00e9tablissements de certaines zones rurales, des territoires de l&rsquo;\u00e9ducation prioritaire, des \u00e9tablissements sensibles et des \u00e9tablissements relevant du plan de lutte contre la violence;<\/li>\n<li>participe \u00e0 la mise en place des dispositifs adapt\u00e9s en cas d&rsquo;\u00e9v\u00e8nements graves survenant dans la communaut\u00e9 scolaire;<\/li>\n<li>favorise la scolarisation des enfants et des adolescents atteints de troubles de la sant\u00e9 \u00e9voluant sur une longue p\u00e9riode;<\/li>\n<li>met en place des actions permettant d&rsquo;am\u00e9liorer la qualit\u00e9 de vie es \u00e9l\u00e8ves en mati\u00e8res d&rsquo;hygi\u00e8ne, de s\u00e9curit\u00e9 et d&rsquo;ergonomie;<\/li>\n<li>intervient en tant que de besoin aupr\u00e8s des enfants et des adolescents en danger;<\/li>\n<li>participe aux diff\u00e9rents instances et commissions de l&rsquo;\u00e9tablissement soit \u00e0 titre de droit, soit s&rsquo;il (elle) est \u00e9lu(e) : CA, CESC, CHS, conseil de classe, etc., et \u00e9tablit les liens n\u00e9cessaires avec les professionnels du r\u00e9seau de soins.<\/li>\n<\/ul>\n","protected":false},"excerpt":{"rendered":"<p>Pr\u00e9sence de l&rsquo;infirmi\u00e8re : Lundi : de 8h \u00e0 17h Mardi : de 7h \u00e0 15h30 Mercredi : de 8h \u00e0 12h Jeudi : de 8h \u00e0 16h30 Vendredi : [&hellip;]<\/p>\n","protected":false},"author":1514,"featured_media":0,"parent":74,"menu_order":0,"comment_status":"closed","ping_status":"closed","template":"","meta":{"_et_pb_use_builder":"","_et_pb_old_content":"","_et_gb_content_width":"","footnotes":""},"class_list":["post-381","page","type-page","status-publish","hentry"],"_links":{"self":[{"href":"https:\/\/etab.ac-reunion.fr\/clg-lacaussade\/wp-json\/wp\/v2\/pages\/381","targetHints":{"allow":["GET"]}}],"collection":[{"href":"https:\/\/etab.ac-reunion.fr\/clg-lacaussade\/wp-json\/wp\/v2\/pages"}],"about":[{"href":"https:\/\/etab.ac-reunion.fr\/clg-lacaussade\/wp-json\/wp\/v2\/types\/page"}],"author":[{"embeddable":true,"href":"https:\/\/etab.ac-reunion.fr\/clg-lacaussade\/wp-json\/wp\/v2\/users\/1514"}],"replies":[{"embeddable":true,"href":"https:\/\/etab.ac-reunion.fr\/clg-lacaussade\/wp-json\/wp\/v2\/comments?post=381"}],"version-history":[{"count":7,"href":"https:\/\/etab.ac-reunion.fr\/clg-lacaussade\/wp-json\/wp\/v2\/pages\/381\/revisions"}],"predecessor-version":[{"id":7561,"href":"https:\/\/etab.ac-reunion.fr\/clg-lacaussade\/wp-json\/wp\/v2\/pages\/381\/revisions\/7561"}],"up":[{"embeddable":true,"href":"https:\/\/etab.ac-reunion.fr\/clg-lacaussade\/wp-json\/wp\/v2\/pages\/74"}],"wp:attachment":[{"href":"https:\/\/etab.ac-reunion.fr\/clg-lacaussade\/wp-json\/wp\/v2\/media?parent=381"}],"curies":[{"name":"wp","href":"https:\/\/api.w.org\/{rel}","templated":true}]}}