{"id":3811,"date":"2017-09-04T15:34:35","date_gmt":"2017-09-04T11:34:35","guid":{"rendered":"http:\/\/college-lacaussade.ac-reunion.fr\/?page_id=3811"},"modified":"2017-09-04T15:52:59","modified_gmt":"2017-09-04T11:52:59","slug":"site-du-cdi-e-sidoc","status":"publish","type":"page","link":"https:\/\/etab.ac-reunion.fr\/clg-lacaussade\/site-du-cdi-e-sidoc\/","title":{"rendered":"Site du CDI : e-sidoc"},"content":{"rendered":"<p><span style=\"font-family: Liberation Serif,serif\"><span style=\"font-size: medium\">Le C.D.I. du coll\u00e8ge Auguste Lacaussade a le plaisir de vous pr\u00e9senter son site internet. <\/span><\/span><\/p>\n<p>\u2192 <span style=\"font-family: Liberation Serif,serif\"><span style=\"font-size: medium\">Sur ce site vous pouvez vous informer sur les actualit\u00e9s du CDI : les nouveaut\u00e9s disponibles au CDI, les \u00e9v\u00e9nements, les productions d&rsquo;\u00e9l\u00e8ves.<\/span><\/span><\/p>\n<p>\u2192 <span style=\"font-family: Liberation Serif,serif\"><span style=\"font-size: medium\">Vous pouvez acc\u00e9der au catalogue du CDI pour faire une recherche de documents disponibles au CDI et de ressources num\u00e9riques s\u00e9lectionn\u00e9es par le CDI (site internet, article).<\/span><\/span><\/p>\n<p><span style=\"font-family: Liberation Serif,serif\"><span style=\"font-size: medium\">\u00a0<\/span><\/span><span style=\"font-family: Liberation Serif,serif\"><span style=\"font-size: medium\"><a href=\"http:\/\/9740651p.esidoc.fr\" target=\"_blank\" rel=\"noopener\"><img loading=\"lazy\" decoding=\"async\" class=\"aligncenter wp-image-37 size-full\" src=\"https:\/\/etab.ac-reunion.fr\/clg-lacaussade\/wp-content\/uploads\/sites\/75\/2014\/05\/logo_esidoc.png\" alt=\"\" width=\"97\" height=\"36\" \/><\/a><\/span><\/span><\/p>\n","protected":false},"excerpt":{"rendered":"<p>Le C.D.I. du coll\u00e8ge Auguste Lacaussade a le plaisir de vous pr\u00e9senter son site internet. \u2192 Sur ce site vous pouvez vous informer sur les actualit\u00e9s du CDI : les [&hellip;]<\/p>\n","protected":false},"author":1514,"featured_media":0,"parent":0,"menu_order":0,"comment_status":"closed","ping_status":"closed","template":"","meta":{"_et_pb_use_builder":"","_et_pb_old_content":"","_et_gb_content_width":"","footnotes":""},"class_list":["post-3811","page","type-page","status-publish","hentry"],"_links":{"self":[{"href":"https:\/\/etab.ac-reunion.fr\/clg-lacaussade\/wp-json\/wp\/v2\/pages\/3811","targetHints":{"allow":["GET"]}}],"collection":[{"href":"https:\/\/etab.ac-reunion.fr\/clg-lacaussade\/wp-json\/wp\/v2\/pages"}],"about":[{"href":"https:\/\/etab.ac-reunion.fr\/clg-lacaussade\/wp-json\/wp\/v2\/types\/page"}],"author":[{"embeddable":true,"href":"https:\/\/etab.ac-reunion.fr\/clg-lacaussade\/wp-json\/wp\/v2\/users\/1514"}],"replies":[{"embeddable":true,"href":"https:\/\/etab.ac-reunion.fr\/clg-lacaussade\/wp-json\/wp\/v2\/comments?post=3811"}],"version-history":[{"count":2,"href":"https:\/\/etab.ac-reunion.fr\/clg-lacaussade\/wp-json\/wp\/v2\/pages\/3811\/revisions"}],"predecessor-version":[{"id":3838,"href":"https:\/\/etab.ac-reunion.fr\/clg-lacaussade\/wp-json\/wp\/v2\/pages\/3811\/revisions\/3838"}],"wp:attachment":[{"href":"https:\/\/etab.ac-reunion.fr\/clg-lacaussade\/wp-json\/wp\/v2\/media?parent=3811"}],"curies":[{"name":"wp","href":"https:\/\/api.w.org\/{rel}","templated":true}]}}