{"id":4566,"date":"2020-04-29T14:08:14","date_gmt":"2020-04-29T10:08:14","guid":{"rendered":"http:\/\/college-lacaussade.ac-reunion.fr\/?page_id=4566"},"modified":"2020-04-29T14:14:08","modified_gmt":"2020-04-29T10:14:08","slug":"recette-vacances-de-mai-2020","status":"publish","type":"page","link":"https:\/\/etab.ac-reunion.fr\/clg-lacaussade\/ce-qui-se-passe-au-college-2\/les-ateliers-au-colleges\/recette-vacances-de-mai-2020\/","title":{"rendered":"Recette Vacances de Mai 2020"},"content":{"rendered":"\n<p>Bonjour,<\/p>\n\n\n\n<p>Pour ces vacances de mai, le coll\u00e8ge \u00e0 disposition des parents et enfants des fiches recettes qui peuvent permettre aux \u00e9l\u00e8ves de s&rsquo;initier ou de s\u2019entra\u00eener \u00e0 l&rsquo;atelier cuisine initialement propos\u00e9 par le coll\u00e8ge.<\/p>\n\n\n\n<p>Voici quelques recettes propos\u00e9s \u00e0 cet effet :<br><br>&#8211;  <a href=\"https:\/\/etab.ac-reunion.fr\/clg-lacaussade\/wp-content\/uploads\/sites\/75\/2020\/04\/Biscuits-sabl\u00e9s.pdf\">Biscuits sabl\u00e9s <\/a><br><br>&#8211; <a href=\"https:\/\/etab.ac-reunion.fr\/clg-lacaussade\/wp-content\/uploads\/sites\/75\/2020\/04\/Quiche-aux-br\u00e8des-et-boucan\u00e9-de-volaille.pdf\">Quiche aux br\u00e8des et boucan\u00e9 de volaille<\/a> <br><br>&#8211;  <a href=\"https:\/\/etab.ac-reunion.fr\/clg-lacaussade\/wp-content\/uploads\/sites\/75\/2020\/04\/Recette-Cup-cake-vanille-coeur-nutella.pdf\">Recette Cup cake vanille coeur nutella<\/a> <br><br>&#8211;  <a href=\"https:\/\/etab.ac-reunion.fr\/clg-lacaussade\/wp-content\/uploads\/sites\/75\/2020\/04\/Recette-pizza-au-fromage.pdf\">Recette pizza au fromage<\/a> <\/p>\n\n\n\n<p><\/p>\n","protected":false},"excerpt":{"rendered":"<p>Bonjour, Pour ces vacances de mai, le coll\u00e8ge \u00e0 disposition des parents et enfants des fiches recettes qui peuvent permettre aux \u00e9l\u00e8ves de s&rsquo;initier ou de s\u2019entra\u00eener \u00e0 l&rsquo;atelier cuisine [&hellip;]<\/p>\n","protected":false},"author":17018,"featured_media":0,"parent":503,"menu_order":1,"comment_status":"closed","ping_status":"closed","template":"","meta":{"_et_pb_use_builder":"","_et_pb_old_content":"","_et_gb_content_width":"","footnotes":""},"class_list":["post-4566","page","type-page","status-publish","hentry"],"_links":{"self":[{"href":"https:\/\/etab.ac-reunion.fr\/clg-lacaussade\/wp-json\/wp\/v2\/pages\/4566","targetHints":{"allow":["GET"]}}],"collection":[{"href":"https:\/\/etab.ac-reunion.fr\/clg-lacaussade\/wp-json\/wp\/v2\/pages"}],"about":[{"href":"https:\/\/etab.ac-reunion.fr\/clg-lacaussade\/wp-json\/wp\/v2\/types\/page"}],"author":[{"embeddable":true,"href":"https:\/\/etab.ac-reunion.fr\/clg-lacaussade\/wp-json\/wp\/v2\/users\/17018"}],"replies":[{"embeddable":true,"href":"https:\/\/etab.ac-reunion.fr\/clg-lacaussade\/wp-json\/wp\/v2\/comments?post=4566"}],"version-history":[{"count":1,"href":"https:\/\/etab.ac-reunion.fr\/clg-lacaussade\/wp-json\/wp\/v2\/pages\/4566\/revisions"}],"predecessor-version":[{"id":4578,"href":"https:\/\/etab.ac-reunion.fr\/clg-lacaussade\/wp-json\/wp\/v2\/pages\/4566\/revisions\/4578"}],"up":[{"embeddable":true,"href":"https:\/\/etab.ac-reunion.fr\/clg-lacaussade\/wp-json\/wp\/v2\/pages\/503"}],"wp:attachment":[{"href":"https:\/\/etab.ac-reunion.fr\/clg-lacaussade\/wp-json\/wp\/v2\/media?parent=4566"}],"curies":[{"name":"wp","href":"https:\/\/api.w.org\/{rel}","templated":true}]}}