{"id":6759,"date":"2024-07-05T20:23:20","date_gmt":"2024-07-05T16:23:20","guid":{"rendered":"https:\/\/etab.ac-reunion.fr\/clg-lacaussade\/?page_id=6759"},"modified":"2025-08-13T12:13:13","modified_gmt":"2025-08-13T08:13:13","slug":"inscription-rentree-scolaire-2023-2024","status":"publish","type":"page","link":"https:\/\/etab.ac-reunion.fr\/clg-lacaussade\/sitemap\/4881-2\/letablissement\/inscription-rentree-scolaire-2023-2024\/","title":{"rendered":"Rentr\u00e9e 2025-2026"},"content":{"rendered":"\n<h3 class=\"wp-block-heading has-text-align-left\">Fournitures scolaires<\/h3>\n\n\n\n\n\n<p>Liste des fournitures fili\u00e8res g\u00e9n\u00e9rale  :<\/p>\n\n\n\n<ul class=\"wp-block-list\">\n<li><\/li>\n<\/ul>\n\n\n\n<div data-wp-interactive=\"core\/file\" class=\"wp-block-file\"><object data-wp-bind--hidden=\"!state.hasPdfPreview\" hidden class=\"wp-block-file__embed\" data=\"https:\/\/etab.ac-reunion.fr\/clg-lacaussade\/wp-content\/uploads\/sites\/75\/2025\/08\/liste-des-fournitures-rentree-2025.pdf\" type=\"application\/pdf\" style=\"width:100%;height:600px\" aria-label=\"Contenu embarqu\u00e9 liste des fournitures rentr\u00e9e 2025.\"><\/object><a id=\"wp-block-file--media-e64b3f3b-1ee8-44b0-bf3f-3a9fa833d7d7\" href=\"https:\/\/etab.ac-reunion.fr\/clg-lacaussade\/wp-content\/uploads\/sites\/75\/2025\/08\/liste-des-fournitures-rentree-2025.pdf\">liste des fournitures rentr\u00e9e 2025<\/a><a href=\"https:\/\/etab.ac-reunion.fr\/clg-lacaussade\/wp-content\/uploads\/sites\/75\/2025\/08\/liste-des-fournitures-rentree-2025.pdf\" class=\"wp-block-file__button wp-element-button\" download aria-describedby=\"wp-block-file--media-e64b3f3b-1ee8-44b0-bf3f-3a9fa833d7d7\">T\u00e9l\u00e9charger<\/a><\/div>\n\n\n\n<p>Liste des fournitures fili\u00e8re SEGPA :<\/p>\n\n\n\n<p>3\u00e8me SEGPA<\/p>\n\n\n\n<div data-wp-interactive=\"core\/file\" class=\"wp-block-file\"><object data-wp-bind--hidden=\"!state.hasPdfPreview\" hidden class=\"wp-block-file__embed\" data=\"https:\/\/etab.ac-reunion.fr\/clg-lacaussade\/wp-content\/uploads\/sites\/75\/2025\/08\/Liste_effets_304_2025-2026-1.pdf\" type=\"application\/pdf\" style=\"width:100%;height:600px\" aria-label=\"Contenu embarqu\u00e9 Liste_effets_304_2025-2026.\"><\/object><a id=\"wp-block-file--media-c8856271-e1d7-4329-b32f-fb65e4dff0ed\" href=\"https:\/\/etab.ac-reunion.fr\/clg-lacaussade\/wp-content\/uploads\/sites\/75\/2025\/08\/Liste_effets_304_2025-2026-1.pdf\">Liste_effets_304_2025-2026<\/a><a href=\"https:\/\/etab.ac-reunion.fr\/clg-lacaussade\/wp-content\/uploads\/sites\/75\/2025\/08\/Liste_effets_304_2025-2026-1.pdf\" class=\"wp-block-file__button wp-element-button\" download aria-describedby=\"wp-block-file--media-c8856271-e1d7-4329-b32f-fb65e4dff0ed\">T\u00e9l\u00e9charger<\/a><\/div>\n\n\n\n<p>4\u00e8me SEGPA<\/p>\n\n\n\n<div data-wp-interactive=\"core\/file\" class=\"wp-block-file\"><object data-wp-bind--hidden=\"!state.hasPdfPreview\" hidden class=\"wp-block-file__embed\" data=\"https:\/\/etab.ac-reunion.fr\/clg-lacaussade\/wp-content\/uploads\/sites\/75\/2025\/08\/Liste_effets_404_2025-2026.pdf\" type=\"application\/pdf\" style=\"width:100%;height:600px\" aria-label=\"Contenu embarqu\u00e9 Liste_effets_404_2025-2026.\"><\/object><a id=\"wp-block-file--media-711f0ac0-ecdc-4a2b-b824-6af6dde844ad\" href=\"https:\/\/etab.ac-reunion.fr\/clg-lacaussade\/wp-content\/uploads\/sites\/75\/2025\/08\/Liste_effets_404_2025-2026.pdf\">Liste_effets_404_2025-2026<\/a><a href=\"https:\/\/etab.ac-reunion.fr\/clg-lacaussade\/wp-content\/uploads\/sites\/75\/2025\/08\/Liste_effets_404_2025-2026.pdf\" class=\"wp-block-file__button wp-element-button\" download aria-describedby=\"wp-block-file--media-711f0ac0-ecdc-4a2b-b824-6af6dde844ad\">T\u00e9l\u00e9charger<\/a><\/div>\n\n\n\n<p>5\u00e8me SEGPA<\/p>\n\n\n\n<div data-wp-interactive=\"core\/file\" class=\"wp-block-file\"><object data-wp-bind--hidden=\"!state.hasPdfPreview\" hidden class=\"wp-block-file__embed\" data=\"https:\/\/etab.ac-reunion.fr\/clg-lacaussade\/wp-content\/uploads\/sites\/75\/2025\/08\/Liste_effets_504_2025-2026.pdf\" type=\"application\/pdf\" style=\"width:100%;height:600px\" aria-label=\"Contenu embarqu\u00e9 Liste_effets_504_2025-2026.\"><\/object><a id=\"wp-block-file--media-903ce7f6-0ce9-4368-8abd-1a590cb10360\" href=\"https:\/\/etab.ac-reunion.fr\/clg-lacaussade\/wp-content\/uploads\/sites\/75\/2025\/08\/Liste_effets_504_2025-2026.pdf\">Liste_effets_504_2025-2026<\/a><a href=\"https:\/\/etab.ac-reunion.fr\/clg-lacaussade\/wp-content\/uploads\/sites\/75\/2025\/08\/Liste_effets_504_2025-2026.pdf\" class=\"wp-block-file__button wp-element-button\" download aria-describedby=\"wp-block-file--media-903ce7f6-0ce9-4368-8abd-1a590cb10360\">T\u00e9l\u00e9charger<\/a><\/div>\n\n\n\n<p>6\u00e8me SEGPA<\/p>\n\n\n\n<div data-wp-interactive=\"core\/file\" class=\"wp-block-file\"><object data-wp-bind--hidden=\"!state.hasPdfPreview\" hidden class=\"wp-block-file__embed\" data=\"https:\/\/etab.ac-reunion.fr\/clg-lacaussade\/wp-content\/uploads\/sites\/75\/2025\/08\/Liste_effets_604_2025-2026.pdf\" type=\"application\/pdf\" style=\"width:100%;height:600px\" aria-label=\"Contenu embarqu\u00e9 Liste_effets_604_2025-2026.\"><\/object><a id=\"wp-block-file--media-45851131-572d-49fa-8e11-4e6592821e91\" href=\"https:\/\/etab.ac-reunion.fr\/clg-lacaussade\/wp-content\/uploads\/sites\/75\/2025\/08\/Liste_effets_604_2025-2026.pdf\">Liste_effets_604_2025-2026<\/a><a href=\"https:\/\/etab.ac-reunion.fr\/clg-lacaussade\/wp-content\/uploads\/sites\/75\/2025\/08\/Liste_effets_604_2025-2026.pdf\" class=\"wp-block-file__button wp-element-button\" download aria-describedby=\"wp-block-file--media-45851131-572d-49fa-8e11-4e6592821e91\">T\u00e9l\u00e9charger<\/a><\/div>\n\n\n\n<h2 class=\"wp-block-heading\">Organisation de la rentr\u00e9e d&rsquo;ao\u00fbt 2025:<\/h2>\n\n\n\n<div data-wp-interactive=\"core\/file\" class=\"wp-block-file\"><object data-wp-bind--hidden=\"!state.hasPdfPreview\" hidden class=\"wp-block-file__embed\" data=\"https:\/\/etab.ac-reunion.fr\/clg-lacaussade\/wp-content\/uploads\/sites\/75\/2025\/08\/Organisation-de-la-rentree-2025.pdf\" type=\"application\/pdf\" style=\"width:100%;height:600px\" aria-label=\"Contenu embarqu\u00e9 Organisation de la rentr\u00e9e 2025.\"><\/object><a id=\"wp-block-file--media-8e6d14c3-8ef2-49db-b73c-7b111ae13ac7\" href=\"https:\/\/etab.ac-reunion.fr\/clg-lacaussade\/wp-content\/uploads\/sites\/75\/2025\/08\/Organisation-de-la-rentree-2025.pdf\">Organisation de la rentr\u00e9e 2025<\/a><a href=\"https:\/\/etab.ac-reunion.fr\/clg-lacaussade\/wp-content\/uploads\/sites\/75\/2025\/08\/Organisation-de-la-rentree-2025.pdf\" class=\"wp-block-file__button wp-element-button\" download aria-describedby=\"wp-block-file--media-8e6d14c3-8ef2-49db-b73c-7b111ae13ac7\">T\u00e9l\u00e9charger<\/a><\/div>\n","protected":false},"excerpt":{"rendered":"<p>Fournitures scolaires Liste des fournitures fili\u00e8res g\u00e9n\u00e9rale : Liste des fournitures fili\u00e8re SEGPA : 3\u00e8me SEGPA 4\u00e8me SEGPA 5\u00e8me SEGPA 6\u00e8me SEGPA Organisation de la rentr\u00e9e d&rsquo;ao\u00fbt 2025:<\/p>\n","protected":false},"author":32044,"featured_media":0,"parent":91,"menu_order":0,"comment_status":"closed","ping_status":"closed","template":"","meta":{"_et_pb_use_builder":"off","_et_pb_old_content":"<!-- wp:heading {\"textAlign\":\"left\",\"level\":3} -->\n<h3 class=\"wp-block-heading has-text-align-left\">Fournitures scolaires<\/h3>\n<!-- \/wp:heading -->\n\n<!-- wp:block {\"ref\":6456} \/-->\n\n<!-- wp:paragraph -->\n<p>Liste des fournitures fili\u00e8res g\u00e9n\u00e9rale  :<\/p>\n<!-- \/wp:paragraph -->\n\n<!-- wp:list -->\n<ul><!-- wp:list-item -->\n<li><a href=\"https:\/\/etab.ac-reunion.fr\/clg-lacaussade\/wp-content\/uploads\/sites\/75\/2024\/07\/liste-des-fournitures-rentree-2024_VD.pdf\">https:\/\/etab.ac-reunion.fr\/clg-lacaussade\/wp-content\/uploads\/sites\/75\/2024\/07\/liste-des-fournitures-rentree-2024_VD.pdf<\/a><\/li>\n<!-- \/wp:list-item --><\/ul>\n<!-- \/wp:list -->\n\n<!-- wp:paragraph -->\n<p>Liste des fournitures 3\u00e8me SEGPA :<\/p>\n<!-- \/wp:paragraph -->\n\n<!-- wp:paragraph -->\n<p><a href=\"https:\/\/etab.ac-reunion.fr\/clg-lacaussade\/wp-content\/uploads\/sites\/75\/2024\/07\/Liste_effets_304_2024-2025-V1.doc.pdf\">https:\/\/etab.ac-reunion.fr\/clg-lacaussade\/wp-content\/uploads\/sites\/75\/2024\/07\/Liste_effets_304_2024-2025-V1.doc.pdf<\/a><\/p>\n<!-- \/wp:paragraph -->\n\n<!-- wp:paragraph -->\n<p>Liste des fournitures 4\u00e8me SEGPA :<\/p>\n<!-- \/wp:paragraph -->\n\n<!-- wp:paragraph -->\n<p><a href=\"https:\/\/etab.ac-reunion.fr\/clg-lacaussade\/wp-content\/uploads\/sites\/75\/2024\/07\/Liste_effets_404_2024-2025-V1.pdf\">https:\/\/etab.ac-reunion.fr\/clg-lacaussade\/wp-content\/uploads\/sites\/75\/2024\/07\/Liste_effets_404_2024-2025-V1.pdf<\/a><\/p>\n<!-- \/wp:paragraph -->\n\n<!-- wp:paragraph -->\n<p>Liste des fournitures 5\u00e8me SEGPA :<\/p>\n<!-- \/wp:paragraph -->\n\n<!-- wp:paragraph -->\n<p><a href=\"https:\/\/etab.ac-reunion.fr\/clg-lacaussade\/wp-content\/uploads\/sites\/75\/2024\/07\/Liste_effets_504_2024-2025-V1.pdf\">https:\/\/etab.ac-reunion.fr\/clg-lacaussade\/wp-content\/uploads\/sites\/75\/2024\/07\/Liste_effets_504_2024-2025-V1.pdf<\/a><\/p>\n<!-- \/wp:paragraph -->\n\n<!-- wp:paragraph -->\n<p>Liste des fournitures 6\u00e8me SEGPA :<\/p>\n<!-- \/wp:paragraph -->\n\n<!-- wp:paragraph -->\n<p><a href=\"https:\/\/etab.ac-reunion.fr\/clg-lacaussade\/wp-content\/uploads\/sites\/75\/2024\/07\/Liste_effets_604_2024-2025-V1.pdf\">https:\/\/etab.ac-reunion.fr\/clg-lacaussade\/wp-content\/uploads\/sites\/75\/2024\/07\/Liste_effets_604_2024-2025-V1.pdf<\/a><\/p>\n<!-- \/wp:paragraph -->\n\n<!-- wp:paragraph -->\n<p><\/p>\n<!-- \/wp:paragraph -->\n\n<!-- wp:heading -->\n<h2 class=\"wp-block-heading\">Organisation de la rentr\u00e9e d'ao\u00fbt 2024 :<\/h2>\n<!-- \/wp:heading -->\n\n<!-- wp:file {\"id\":7555,\"href\":\"https:\/\/etab.ac-reunion.fr\/clg-lacaussade\/wp-content\/uploads\/sites\/75\/2024\/07\/Organisation-de-la-rentree-2024-1.pdf\",\"displayPreview\":true} -->\n<div class=\"wp-block-file\"><object class=\"wp-block-file__embed\" data=\"https:\/\/etab.ac-reunion.fr\/clg-lacaussade\/wp-content\/uploads\/sites\/75\/2024\/07\/Organisation-de-la-rentree-2024-1.pdf\" type=\"application\/pdf\" style=\"width:100%;height:600px\" aria-label=\"Organisation-de-la-rentree-2024-1\"><\/object><a id=\"wp-block-file--media-9eb33c1b-bd90-4e49-a75a-ded1c422aa7e\" href=\"https:\/\/etab.ac-reunion.fr\/clg-lacaussade\/wp-content\/uploads\/sites\/75\/2024\/07\/Organisation-de-la-rentree-2024-1.pdf\">Organisation-de-la-rentree-2024-1<\/a><a href=\"https:\/\/etab.ac-reunion.fr\/clg-lacaussade\/wp-content\/uploads\/sites\/75\/2024\/07\/Organisation-de-la-rentree-2024-1.pdf\" class=\"wp-block-file__button wp-element-button\" download aria-describedby=\"wp-block-file--media-9eb33c1b-bd90-4e49-a75a-ded1c422aa7e\">T\u00e9l\u00e9charger<\/a><\/div>\n<!-- \/wp:file -->","_et_gb_content_width":"","footnotes":""},"class_list":["post-6759","page","type-page","status-publish","hentry"],"_links":{"self":[{"href":"https:\/\/etab.ac-reunion.fr\/clg-lacaussade\/wp-json\/wp\/v2\/pages\/6759","targetHints":{"allow":["GET"]}}],"collection":[{"href":"https:\/\/etab.ac-reunion.fr\/clg-lacaussade\/wp-json\/wp\/v2\/pages"}],"about":[{"href":"https:\/\/etab.ac-reunion.fr\/clg-lacaussade\/wp-json\/wp\/v2\/types\/page"}],"author":[{"embeddable":true,"href":"https:\/\/etab.ac-reunion.fr\/clg-lacaussade\/wp-json\/wp\/v2\/users\/32044"}],"replies":[{"embeddable":true,"href":"https:\/\/etab.ac-reunion.fr\/clg-lacaussade\/wp-json\/wp\/v2\/comments?post=6759"}],"version-history":[{"count":50,"href":"https:\/\/etab.ac-reunion.fr\/clg-lacaussade\/wp-json\/wp\/v2\/pages\/6759\/revisions"}],"predecessor-version":[{"id":8060,"href":"https:\/\/etab.ac-reunion.fr\/clg-lacaussade\/wp-json\/wp\/v2\/pages\/6759\/revisions\/8060"}],"up":[{"embeddable":true,"href":"https:\/\/etab.ac-reunion.fr\/clg-lacaussade\/wp-json\/wp\/v2\/pages\/91"}],"wp:attachment":[{"href":"https:\/\/etab.ac-reunion.fr\/clg-lacaussade\/wp-json\/wp\/v2\/media?parent=6759"}],"curies":[{"name":"wp","href":"https:\/\/api.w.org\/{rel}","templated":true}]}}