{"id":91,"date":"2014-05-05T09:02:59","date_gmt":"2014-05-05T05:02:59","guid":{"rendered":"http:\/\/college-lacaussade.ac-reunion.fr\/?page_id=91"},"modified":"2023-06-12T22:20:29","modified_gmt":"2023-06-12T18:20:29","slug":"letablissement","status":"publish","type":"page","link":"https:\/\/etab.ac-reunion.fr\/clg-lacaussade\/sitemap\/4881-2\/letablissement\/","title":{"rendered":"L&rsquo;\u00e9tablissement"},"content":{"rendered":"<p><img loading=\"lazy\" decoding=\"async\" class=\"alignleft wp-image-2953\" src=\"https:\/\/etab.ac-reunion.fr\/clg-lacaussade\/wp-content\/uploads\/sites\/75\/2014\/05\/LogoAL-1-300x300.png\" alt=\"logoal\" width=\"190\" height=\"190\" srcset=\"https:\/\/etab.ac-reunion.fr\/clg-lacaussade\/wp-content\/uploads\/sites\/75\/2014\/05\/LogoAL-1-300x300.png 300w, https:\/\/etab.ac-reunion.fr\/clg-lacaussade\/wp-content\/uploads\/sites\/75\/2014\/05\/LogoAL-1-150x150.png 150w, https:\/\/etab.ac-reunion.fr\/clg-lacaussade\/wp-content\/uploads\/sites\/75\/2014\/05\/LogoAL-1-1024x1024.png 1024w, https:\/\/etab.ac-reunion.fr\/clg-lacaussade\/wp-content\/uploads\/sites\/75\/2014\/05\/LogoAL-1-140x140.png 140w, https:\/\/etab.ac-reunion.fr\/clg-lacaussade\/wp-content\/uploads\/sites\/75\/2014\/05\/LogoAL-1-74x74.png 74w, https:\/\/etab.ac-reunion.fr\/clg-lacaussade\/wp-content\/uploads\/sites\/75\/2014\/05\/LogoAL-1-184x184.png 184w, https:\/\/etab.ac-reunion.fr\/clg-lacaussade\/wp-content\/uploads\/sites\/75\/2014\/05\/LogoAL-1.png 1700w\" sizes=\"(max-width: 190px) 100vw, 190px\" \/>Situ\u00e9 au c\u0153ur du <span class=\"su-lightbox\" data-mfp-src=\"https:\/\/etab.ac-reunion.fr\/clg-lacaussade\/wp-content\/uploads\/sites\/75\/2014\/05\/Salazie.jpg\" data-mfp-type=\"image\" data-mobile=\"yes\"><a href=\"#\">Cirque de Salazie<\/a><\/span>, le&nbsp;<span class=\"su-lightbox\" data-mfp-src=\"https:\/\/etab.ac-reunion.fr\/clg-lacaussade\/wp-content\/uploads\/sites\/75\/2014\/05\/College_2.jpg\" data-mfp-type=\"image\" data-mobile=\"yes\"><a href=\"#\">Coll\u00e8ge Auguste Lacaussade<\/a><\/span> a \u00e9t\u00e9 construit pour la rentr\u00e9e 2001 \u00e0 <span class=\"su-lightbox\" data-mfp-src=\"https:\/\/etab.ac-reunion.fr\/clg-lacaussade\/wp-content\/uploads\/sites\/75\/2014\/05\/College_1.jpg\" data-mfp-type=\"image\" data-mobile=\"yes\"><a href=\"#\">Mare \u00e0 Citron<\/a><\/span>.<\/p>\n<p>Il remplace donc l\u2019ancien coll\u00e8ge de Salazie devenu trop petit, et construit en zone instable.<\/p>\n<p>L&rsquo;\u00e9tablissement surplombe aujourd&rsquo;hui le village de Salazie, et est encadr\u00e9 des remparts du cirque, des cascades du Voile de la Mari\u00e9e et du Piton des neiges<\/p>\n<p>Le coll\u00e8ge re\u00e7oit des \u00e9l\u00e8ves provenant de tout le cirque de Salazie, mais \u00e9galement d&rsquo;une partie du cirque de Mafate. Les \u00e9l\u00e8ves sont tous r\u00e9partis dans des r\u00e9gions souvent \u00e9loign\u00e9es les unes des autres, qu&rsquo;on appelle les \u00eelets.<\/p>\n<p>Cette configuration n\u00e9cessite un transport scolaire pour la quasi-totalit\u00e9 des \u00e9l\u00e8ves, et est une des raisons pour laquelle le coll\u00e8ge est en R\u00e9seau d&rsquo;Education Prioritaire<\/p>\n<p>Cette situation g\u00e9ographique rend le coll\u00e8ge d\u00e9pendant des al\u00e9as climatiques, notamment en p\u00e9riode cyclonique, en raison des cyclones eux m\u00eame et des coupures de routes cons\u00e9cutives aux \u00e9boulements de terrains. Ces impond\u00e9rables doivent \u00eatre pris en compte lors de la programmation des cours, et n\u00e9cessitent en d\u00e9but d&rsquo;ann\u00e9e un exercice d&rsquo;\u00e9vacuation cyclonique en plus de l&rsquo;habituel exercice d&rsquo;alarme incendie.<\/p>\n<p style=\"text-align: center\"><span style=\"text-decoration: underline;color: #008000\"><span style=\"font-family: comic sans ms,sans-serif\"><strong><a style=\"color: #008000;text-decoration: underline\" href=\"https:\/\/etab.ac-reunion.fr\/clg-lacaussade\/contact-plan-geolocalisation\/\" target=\"_blank\" rel=\"noopener\">-&gt; Contacts, Plan et g\u00e9olocalisation &lt;-<\/a><\/strong><\/span><\/span><\/p>\n<div id=\"su_slider_69ea4f7bc2793\" class=\"su-slider su-slider-centered su-slider-pages-yes su-slider-responsive-yes\" style=\"width:100%\" data-autoplay=\"2000\" data-speed=\"100\" data-mousewheel=\"true\"><div class=\"su-slider-slides\"><div class=\"su-slider-slide\"><a><img decoding=\"async\" src=\"https:\/\/etab.ac-reunion.fr\/clg-lacaussade\/wp-content\/uploads\/sites\/75\/2014\/05\/VisiteCollege-14.jpg\" alt=\"VisiteCollege-14\" \/><span class=\"su-slider-slide-title\">VisiteCollege-14<\/span><\/a><\/div><div class=\"su-slider-slide\"><a><img decoding=\"async\" src=\"https:\/\/etab.ac-reunion.fr\/clg-lacaussade\/wp-content\/uploads\/sites\/75\/2014\/05\/VisiteCollege-09.jpg\" alt=\"VisiteCollege-09\" \/><span class=\"su-slider-slide-title\">VisiteCollege-09<\/span><\/a><\/div><div class=\"su-slider-slide\"><a><img decoding=\"async\" src=\"https:\/\/etab.ac-reunion.fr\/clg-lacaussade\/wp-content\/uploads\/sites\/75\/2014\/05\/VisiteCollege-05.jpg\" alt=\"VisiteCollege-05\" \/><span class=\"su-slider-slide-title\">VisiteCollege-05<\/span><\/a><\/div><div class=\"su-slider-slide\"><a><img decoding=\"async\" src=\"https:\/\/etab.ac-reunion.fr\/clg-lacaussade\/wp-content\/uploads\/sites\/75\/2014\/05\/VisiteCollege-03.jpg\" alt=\"VisiteCollege-03\" \/><span class=\"su-slider-slide-title\">VisiteCollege-03<\/span><\/a><\/div><div class=\"su-slider-slide\"><a><img decoding=\"async\" src=\"https:\/\/etab.ac-reunion.fr\/clg-lacaussade\/wp-content\/uploads\/sites\/75\/2014\/05\/VisiteCollege-01.jpg\" alt=\"VisiteCollege-01\" \/><span class=\"su-slider-slide-title\">VisiteCollege-01<\/span><\/a><\/div><div class=\"su-slider-slide\"><a><img decoding=\"async\" src=\"https:\/\/etab.ac-reunion.fr\/clg-lacaussade\/wp-content\/uploads\/sites\/75\/2014\/05\/VisiteCollege-18.jpg\" alt=\"VisiteCollege-18\" \/><span class=\"su-slider-slide-title\">VisiteCollege-18<\/span><\/a><\/div><\/div><div class=\"su-slider-nav\"><div class=\"su-slider-direction\"><span class=\"su-slider-prev\"><\/span><span class=\"su-slider-next\"><\/span><\/div><div class=\"su-slider-pagination\"><\/div><\/div><\/div>\n","protected":false},"excerpt":{"rendered":"<p>Situ\u00e9 au c\u0153ur du , le&nbsp; a \u00e9t\u00e9 construit pour la rentr\u00e9e 2001 \u00e0 . Il remplace donc l\u2019ancien coll\u00e8ge de Salazie devenu trop petit, et construit en zone instable. [&hellip;]<\/p>\n","protected":false},"author":17018,"featured_media":6811,"parent":4881,"menu_order":0,"comment_status":"closed","ping_status":"closed","template":"","meta":{"_et_pb_use_builder":"off","_et_pb_old_content":"<img class=\"alignleft wp-image-2953\" src=\"https:\/\/etab.ac-reunion.fr\/clg-lacaussade\/wp-content\/uploads\/sites\/75\/2014\/05\/LogoAL-1-300x300.png\" alt=\"logoal\" width=\"190\" height=\"190\" \/>Situ\u00e9 au c\u0153ur du [su_lightbox type=\"image\" src=\"https:\/\/etab.ac-reunion.fr\/clg-lacaussade\/wp-content\/uploads\/sites\/75\/2014\/05\/Salazie.jpg\"]<a href=\"#\">Cirque de Salazie<\/a>[\/su_lightbox], le\u00a0[su_lightbox type=\"image\" src=\"https:\/\/etab.ac-reunion.fr\/clg-lacaussade\/wp-content\/uploads\/sites\/75\/2014\/05\/College_2.jpg\"]<a href=\"#\">Coll\u00e8ge Auguste Lacaussade<\/a>[\/su_lightbox] a \u00e9t\u00e9 construit pour la rentr\u00e9e 2001 \u00e0 [su_lightbox type=\"image\" src=\"https:\/\/etab.ac-reunion.fr\/clg-lacaussade\/wp-content\/uploads\/sites\/75\/2014\/05\/College_1.jpg\"]<a href=\"#\">Mare \u00e0 Citron<\/a>[\/su_lightbox].\n\nIl remplace donc l\u2019ancien coll\u00e8ge de Salazie devenu trop petit, et construit en zone instable.\n\nL'\u00e9tablissement surplombe aujourd'hui le village de Salazie, et est encadr\u00e9 des remparts du cirque, des cascades du Voile de la Mari\u00e9e et du Piton des neiges\n\nLe coll\u00e8ge re\u00e7oit des \u00e9l\u00e8ves provenant de tout le cirque de Salazie, mais \u00e9galement d'une partie du cirque de Mafate. Les \u00e9l\u00e8ves sont tous r\u00e9partis dans des r\u00e9gions souvent \u00e9loign\u00e9es les unes des autres, qu'on appelle les \u00eelets.\n\nCette configuration n\u00e9cessite un transport scolaire pour la quasi-totalit\u00e9 des \u00e9l\u00e8ves, et est une des raisons pour laquelle le coll\u00e8ge est en R\u00e9seau d'Education Prioritaire\n\nCette situation g\u00e9ographique rend le coll\u00e8ge d\u00e9pendant des al\u00e9as climatiques, notamment en p\u00e9riode cyclonique, en raison des cyclones eux m\u00eame et des coupures de routes cons\u00e9cutives aux \u00e9boulements de terrains. Ces impond\u00e9rables doivent \u00eatre pris en compte lors de la programmation des cours, et n\u00e9cessitent en d\u00e9but d'ann\u00e9e un exercice d'\u00e9vacuation cyclonique en plus de l'habituel exercice d'alarme incendie.\n<p style=\"text-align: center;\"><span style=\"text-decoration: underline; color: #008000;\"><span style=\"font-family: comic sans ms,sans-serif;\"><strong><a style=\"color: #008000; text-decoration: underline;\" href=\"https:\/\/etab.ac-reunion.fr\/clg-lacaussade\/contact-plan-geolocalisation\/\" target=\"_blank\" rel=\"noopener\">-&gt; Contacts, Plan et g\u00e9olocalisation &lt;-<\/a><\/strong><\/span><\/span><\/p>\n[su_slider source=\"media: 2237,2236,2235,2234,2233,2232\" height=\"480\" autoplay=\"2000\" speed=\"100\"]","_et_gb_content_width":"","footnotes":""},"class_list":["post-91","page","type-page","status-publish","has-post-thumbnail","hentry"],"_links":{"self":[{"href":"https:\/\/etab.ac-reunion.fr\/clg-lacaussade\/wp-json\/wp\/v2\/pages\/91","targetHints":{"allow":["GET"]}}],"collection":[{"href":"https:\/\/etab.ac-reunion.fr\/clg-lacaussade\/wp-json\/wp\/v2\/pages"}],"about":[{"href":"https:\/\/etab.ac-reunion.fr\/clg-lacaussade\/wp-json\/wp\/v2\/types\/page"}],"author":[{"embeddable":true,"href":"https:\/\/etab.ac-reunion.fr\/clg-lacaussade\/wp-json\/wp\/v2\/users\/17018"}],"replies":[{"embeddable":true,"href":"https:\/\/etab.ac-reunion.fr\/clg-lacaussade\/wp-json\/wp\/v2\/comments?post=91"}],"version-history":[{"count":25,"href":"https:\/\/etab.ac-reunion.fr\/clg-lacaussade\/wp-json\/wp\/v2\/pages\/91\/revisions"}],"predecessor-version":[{"id":6840,"href":"https:\/\/etab.ac-reunion.fr\/clg-lacaussade\/wp-json\/wp\/v2\/pages\/91\/revisions\/6840"}],"up":[{"embeddable":true,"href":"https:\/\/etab.ac-reunion.fr\/clg-lacaussade\/wp-json\/wp\/v2\/pages\/4881"}],"wp:featuredmedia":[{"embeddable":true,"href":"https:\/\/etab.ac-reunion.fr\/clg-lacaussade\/wp-json\/wp\/v2\/media\/6811"}],"wp:attachment":[{"href":"https:\/\/etab.ac-reunion.fr\/clg-lacaussade\/wp-json\/wp\/v2\/media?parent=91"}],"curies":[{"name":"wp","href":"https:\/\/api.w.org\/{rel}","templated":true}]}}