{"id":6,"date":"2014-09-04T17:54:57","date_gmt":"2014-09-04T16:54:57","guid":{"rendered":"http:\/\/college-bernica.ac-reunion.fr\/?page_id=6"},"modified":"2025-04-11T20:21:21","modified_gmt":"2025-04-11T16:21:21","slug":"6-2","status":"publish","type":"page","link":"https:\/\/etab.ac-reunion.fr\/clg-le-bernica\/6-2\/","title":{"rendered":"Mentions l\u00e9gales"},"content":{"rendered":"<h2>L\u2019\u00e9tablissement<\/h2>\n<p>Coll\u00e8ge Le Bernica<br \/>\nBP7<br \/>\nrue Gayet<br \/>\n97435 Saint-Gilles les Hauts<\/p>\n<ul>\n<li>T\u00e9l : 0262 22 78 01<\/li>\n<li>Fax : 0262 55 52 16<\/li>\n<\/ul>\n<p><a href=\"https:\/\/etab.ac-reunion.fr\/clg-le-bernica\/contacts\/\">Pour contacter par mail.<\/a><\/p>\n<p>Directeur de la publication: M. SELMAOUI (Principal)<\/p>\n<h2>H\u00e9bergeur du site<\/h2>\n<blockquote><p>Rectorat de l\u2019acad\u00e9mie de la R\u00e9union<br \/>\n24, avenue Georges Brassens<br \/>\nCS 71003<br \/>\n97743 Saint Denis Cedex 9<\/p>\n<p>T\u00e9l.+262 (0)2 62 48 10 10<\/p>\n<hr \/>\n<p><a href=\"http:\/\/wpetab.ac-reunion.fr\/page-donnees-personnelles\/\" target=\"_blank\" rel=\"noopener\">Donn\u00e9es personnelles<\/a>.<\/p><\/blockquote>\n<h2>Conditions d\u2019utilisation<\/h2>\n<blockquote><p>Sur ce site, les photos ne sont pas libres de droit. Elles sont prot\u00e9g\u00e9es par le Code de la Propri\u00e9t\u00e9 Intellectuelle (CPI).<\/p>\n<p>Sauf mention contraire, les textes sont r\u00e9utilisables dans le respect de la licence<\/p>\n<p><a href=\"https:\/\/etab.ac-reunion.fr\/clg-le-bernica\/wp-content\/uploads\/sites\/88\/2019\/03\/cc_byncsa-300x105.png\"><img loading=\"lazy\" decoding=\"async\" class=\"aligncenter size-medium wp-image-3865\" src=\"https:\/\/etab.ac-reunion.fr\/clg-le-bernica\/wp-content\/uploads\/sites\/88\/2019\/03\/cc_byncsa-300x105-300x105.png\" alt=\"\" width=\"300\" height=\"105\" \/><\/a><\/p><\/blockquote>\n","protected":false},"excerpt":{"rendered":"<p>L\u2019\u00e9tablissement Coll\u00e8ge Le Bernica BP7 rue Gayet 97435 Saint-Gilles les Hauts T\u00e9l : 0262 22 78 01 Fax : 0262 55 52 16 Pour contacter par mail. Directeur de la publication: M. SELMAOUI (Principal) H\u00e9bergeur du site Rectorat de l\u2019acad\u00e9mie de la R\u00e9union 24, avenue Georges Brassens CS 71003 97743&#8230;<\/p>\n<p> <a class=\"continue-reading-link\" href=\"https:\/\/etab.ac-reunion.fr\/clg-le-bernica\/6-2\/\"><span>Poursuivre la lecture<\/span><i class=\"crycon-right-dir\"><\/i><\/a> <\/p>\n","protected":false},"author":1727,"featured_media":0,"parent":0,"menu_order":0,"comment_status":"closed","ping_status":"closed","template":"","meta":{"footnotes":""},"class_list":["post-6","page","type-page","status-publish","hentry"],"_links":{"self":[{"href":"https:\/\/etab.ac-reunion.fr\/clg-le-bernica\/wp-json\/wp\/v2\/pages\/6","targetHints":{"allow":["GET"]}}],"collection":[{"href":"https:\/\/etab.ac-reunion.fr\/clg-le-bernica\/wp-json\/wp\/v2\/pages"}],"about":[{"href":"https:\/\/etab.ac-reunion.fr\/clg-le-bernica\/wp-json\/wp\/v2\/types\/page"}],"author":[{"embeddable":true,"href":"https:\/\/etab.ac-reunion.fr\/clg-le-bernica\/wp-json\/wp\/v2\/users\/1727"}],"replies":[{"embeddable":true,"href":"https:\/\/etab.ac-reunion.fr\/clg-le-bernica\/wp-json\/wp\/v2\/comments?post=6"}],"version-history":[{"count":8,"href":"https:\/\/etab.ac-reunion.fr\/clg-le-bernica\/wp-json\/wp\/v2\/pages\/6\/revisions"}],"predecessor-version":[{"id":5021,"href":"https:\/\/etab.ac-reunion.fr\/clg-le-bernica\/wp-json\/wp\/v2\/pages\/6\/revisions\/5021"}],"wp:attachment":[{"href":"https:\/\/etab.ac-reunion.fr\/clg-le-bernica\/wp-json\/wp\/v2\/media?parent=6"}],"curies":[{"name":"wp","href":"https:\/\/api.w.org\/{rel}","templated":true}]}}