{"id":191,"date":"2016-11-14T12:02:49","date_gmt":"2016-11-14T11:02:49","guid":{"rendered":"http:\/\/blogs.college-ledimitile.ac-reunion.fr\/?page_id=191"},"modified":"2019-11-12T13:05:40","modified_gmt":"2019-11-12T09:05:40","slug":"mentions-legales","status":"publish","type":"page","link":"https:\/\/etab.ac-reunion.fr\/clg-le-dimitile-blog\/mentions-legales\/","title":{"rendered":"Mentions l\u00e9gales"},"content":{"rendered":"<h2>Editeur :<\/h2>\n<p>Coll\u00e8ge Le Dimitile<br \/>\n2 route Hubert Delisle<br \/>\n97414 Entre-Deux<br \/>\n02.62.39. 50.21<\/p>\n<h2>Directrice de publication :<\/h2>\n<p>Madame LAMOLY Marie-Nadine, principale du coll\u00e8ge<\/p>\n<h2>Directrice de r\u00e9daction :<\/h2>\n<p>Val\u00e9rie BOYER, professeur documentaliste<\/p>\n<h2>H\u00e9bergeur :<\/h2>\n<p>Rectorat de l\u2019Acad\u00e9mie de La R\u00e9union<br \/>\nSecr\u00e9tariat g\u00e9n\u00e9ral \u2013 Service Communication<br \/>\n24, Avenue Georges Brassens \u2013 97702 \u2013 St-Denis \u2013 Messag Cedex 9<\/p>\n<h2>Droits d&rsquo;auteurs :<\/h2>\n<div id=\"cc-m-5699607017\" class=\"n j-text \">\n<p>Ce site rel\u00e8ve de la l\u00e9gislation fran\u00e7aise et internationale sur le droit d&rsquo;auteur et la propri\u00e9t\u00e9 intellectuelle. Tous les droits de reproduction sont r\u00e9serv\u00e9s.<\/p>\n<\/div>\n","protected":false},"excerpt":{"rendered":"<p>Editeur : Coll\u00e8ge Le Dimitile 2 route Hubert Delisle 97414 Entre-Deux 02.62.39. 50.21 Directrice de publication : Madame LAMOLY Marie-Nadine, principale du coll\u00e8ge Directrice de\u2026<\/p>\n<p class=\"continue-reading-button\"> <a class=\"continue-reading-link\" href=\"https:\/\/etab.ac-reunion.fr\/clg-le-dimitile-blog\/mentions-legales\/\">Lire la suite<i class=\"crycon-right-dir\"><\/i><\/a><\/p>\n","protected":false},"author":8105,"featured_media":0,"parent":0,"menu_order":0,"comment_status":"closed","ping_status":"closed","template":"","meta":{"footnotes":""},"class_list":["post-191","page","type-page","status-publish","hentry"],"_links":{"self":[{"href":"https:\/\/etab.ac-reunion.fr\/clg-le-dimitile-blog\/wp-json\/wp\/v2\/pages\/191","targetHints":{"allow":["GET"]}}],"collection":[{"href":"https:\/\/etab.ac-reunion.fr\/clg-le-dimitile-blog\/wp-json\/wp\/v2\/pages"}],"about":[{"href":"https:\/\/etab.ac-reunion.fr\/clg-le-dimitile-blog\/wp-json\/wp\/v2\/types\/page"}],"author":[{"embeddable":true,"href":"https:\/\/etab.ac-reunion.fr\/clg-le-dimitile-blog\/wp-json\/wp\/v2\/users\/8105"}],"replies":[{"embeddable":true,"href":"https:\/\/etab.ac-reunion.fr\/clg-le-dimitile-blog\/wp-json\/wp\/v2\/comments?post=191"}],"version-history":[{"count":2,"href":"https:\/\/etab.ac-reunion.fr\/clg-le-dimitile-blog\/wp-json\/wp\/v2\/pages\/191\/revisions"}],"predecessor-version":[{"id":2364,"href":"https:\/\/etab.ac-reunion.fr\/clg-le-dimitile-blog\/wp-json\/wp\/v2\/pages\/191\/revisions\/2364"}],"wp:attachment":[{"href":"https:\/\/etab.ac-reunion.fr\/clg-le-dimitile-blog\/wp-json\/wp\/v2\/media?parent=191"}],"curies":[{"name":"wp","href":"https:\/\/api.w.org\/{rel}","templated":true}]}}