{"id":197,"date":"2016-11-14T12:13:44","date_gmt":"2016-11-14T11:13:44","guid":{"rendered":"http:\/\/blogs.college-ledimitile.ac-reunion.fr\/?page_id=197"},"modified":"2016-11-23T08:39:00","modified_gmt":"2016-11-23T04:39:00","slug":"pour-tamuser","status":"publish","type":"page","link":"https:\/\/etab.ac-reunion.fr\/clg-le-dimitile-blog\/pour-tamuser\/","title":{"rendered":"S\u00e9lection de jeux en ligne"},"content":{"rendered":"<p>&nbsp;<\/p>\n<div id=\"wrapper\" class=\"hfeed\">\n<div id=\"main\">\n<div id=\"forbottom\">\n<section id=\"container\" class=\"three-columns-sided\">\n<div id=\"content\">\n<div id=\"post-102\" class=\"post-102 page type-page status-publish hentry\">\n<div class=\"entry-content\">\n<h4 style=\"text-align: left\"><span style=\"color: #000000\"><em><strong>Voici une petite s\u00e9lection de jeux en ligne :<\/strong><\/em><\/span><\/h4>\n<h3 style=\"text-align: left\"><span style=\"color: #339966\">Cromimi<\/span><\/h3>\n<p style=\"text-align: left\"><a href=\"http:\/\/www.cromimi.com\/\"><img loading=\"lazy\" decoding=\"async\" class=\"alignnone size-full wp-image-78\" src=\"https:\/\/etab.ac-reunion.fr\/clg-le-dimitile-blog\/wp-content\/uploads\/sites\/152\/2016\/11\/jeu-cromimi.jpg\" alt=\"jeu-cromimi\" width=\"200\" height=\"200\" srcset=\"https:\/\/etab.ac-reunion.fr\/clg-le-dimitile-blog\/wp-content\/uploads\/sites\/152\/2016\/11\/jeu-cromimi.jpg 200w, https:\/\/etab.ac-reunion.fr\/clg-le-dimitile-blog\/wp-content\/uploads\/sites\/152\/2016\/11\/jeu-cromimi-150x150.jpg 150w\" sizes=\"auto, (max-width: 200px) 100vw, 200px\" \/><\/a><\/p>\n<p style=\"text-align: left\">Adopte une souris et prends-en soin.<\/p>\n<h2 style=\"text-align: left\"><span style=\"color: #000000\">Jeux en anglais<\/span><\/h2>\n<h3 style=\"text-align: left\"><span style=\"color: #339966\">David &amp; Keithan : The Haunted Lighthouse<\/span><\/h3>\n<p style=\"text-align: left\"><a href=\"http:\/\/www.jeuxjeuxjeux.fr\/jeu\/david-keithan-the-haunted-lighthouse.html\"><img loading=\"lazy\" decoding=\"async\" class=\"alignnone wp-image-79\" src=\"https:\/\/etab.ac-reunion.fr\/clg-le-dimitile-blog\/wp-content\/uploads\/sites\/152\/2016\/11\/jeu-david.jpg\" alt=\"jeu-david\" width=\"194\" height=\"145\" srcset=\"https:\/\/etab.ac-reunion.fr\/clg-le-dimitile-blog\/wp-content\/uploads\/sites\/152\/2016\/11\/jeu-david.jpg 259w, https:\/\/etab.ac-reunion.fr\/clg-le-dimitile-blog\/wp-content\/uploads\/sites\/152\/2016\/11\/jeu-david-200x150.jpg 200w, https:\/\/etab.ac-reunion.fr\/clg-le-dimitile-blog\/wp-content\/uploads\/sites\/152\/2016\/11\/jeu-david-150x112.jpg 150w\" sizes=\"auto, (max-width: 194px) 100vw, 194px\" \/><\/a><\/p>\n<p style=\"text-align: left\">\u00ab\u00a0Pars pour la plus effrayante des aventures dans David &amp; Keithan: The Haunted Lighthouse ! Un myst\u00e9rieux fant\u00f4me r\u00f4de pr\u00e8s de la mer. Collecte des indices sur la goule depuis la biblioth\u00e8que. Rends-toi au quai et chez l\u2019antiquaire pour en savoir plus sur cette force surnaturelle !\u00a0\u00bb<\/p>\n<p style=\"text-align: left\">***<\/p>\n<h3 style=\"text-align: left\"><span style=\"color: #339966\">Chaton cherche ma\u00eetre : Kitty Needs Owner<\/span><\/h3>\n<p style=\"text-align: left\"><a href=\"http:\/\/www.jeuxjeuxjeux.fr\/jeu\/chat\/kitty+needs+owner.html\"><img loading=\"lazy\" decoding=\"async\" class=\"alignnone size-full wp-image-77\" src=\"https:\/\/etab.ac-reunion.fr\/clg-le-dimitile-blog\/wp-content\/uploads\/sites\/152\/2016\/11\/jeu-chaton.jpg\" alt=\"jeu-chaton\" width=\"160\" height=\"98\" srcset=\"https:\/\/etab.ac-reunion.fr\/clg-le-dimitile-blog\/wp-content\/uploads\/sites\/152\/2016\/11\/jeu-chaton.jpg 160w, https:\/\/etab.ac-reunion.fr\/clg-le-dimitile-blog\/wp-content\/uploads\/sites\/152\/2016\/11\/jeu-chaton-150x92.jpg 150w\" sizes=\"auto, (max-width: 160px) 100vw, 160px\" \/><\/a><\/p>\n<p style=\"text-align: left\">\u00ab\u00a0Nettoyez et habillez un chaton \u00e9gar\u00e9 ! Rendez des gens heureux dans ce jeu de chats. Utilisez le Cat-o-matic pour donner un bain bien m\u00e9rit\u00e9 au chaton. Achetez-lui ensuite des v\u00eatements et accessoires. Et essayez de lui trouver un propri\u00e9taire !\u00a0\u00bb<\/p>\n<p style=\"text-align: left\">***<\/p>\n<h3 style=\"text-align: left\"><span style=\"color: #339966\">My little dragon<\/span><\/h3>\n<p style=\"text-align: left\"><a href=\"http:\/\/www.jeuxjeuxjeux.fr\/jeu\/my-little-dragon.html\"><img loading=\"lazy\" decoding=\"async\" class=\"alignnone size-full wp-image-80 aligncenter\" src=\"https:\/\/etab.ac-reunion.fr\/clg-le-dimitile-blog\/wp-content\/uploads\/sites\/152\/2016\/11\/jeu-dragon.jpg\" alt=\"jeu-dragon\" width=\"148\" height=\"112\" \/><\/a><\/p>\n<p style=\"text-align: left\">\u00ab\u00a0Occupe-toi d\u2019un monstre miniature dans My Little Dragon ! Subviens aux besoins de la cr\u00e9ature verte dans ce jeu animalier. Porte des chapeaux amusants et cr\u00e9e des costumes dans la pi\u00e8ce principale. Mange dans la cuisine et joue \u00e0 des mini jeux tels que Dash, Flappy et Hopper !\u00a0\u00bb<\/p>\n<p style=\"text-align: left\">***<\/p>\n<h3 style=\"text-align: left\"><span style=\"color: #339966\">Hamster care<\/span><\/h3>\n<p style=\"text-align: left\"><a href=\"http:\/\/www.jeuxjeuxjeux.fr\/jeu\/hamsters\/hamster+care.html\"><img loading=\"lazy\" decoding=\"async\" class=\"size-full wp-image-81 aligncenter\" src=\"https:\/\/etab.ac-reunion.fr\/clg-le-dimitile-blog\/wp-content\/uploads\/sites\/152\/2016\/11\/jeu-hamster.jpg\" alt=\"jeu-hamster\" width=\"200\" height=\"120\" srcset=\"https:\/\/etab.ac-reunion.fr\/clg-le-dimitile-blog\/wp-content\/uploads\/sites\/152\/2016\/11\/jeu-hamster.jpg 200w, https:\/\/etab.ac-reunion.fr\/clg-le-dimitile-blog\/wp-content\/uploads\/sites\/152\/2016\/11\/jeu-hamster-150x90.jpg 150w\" sizes=\"auto, (max-width: 200px) 100vw, 200px\" \/><\/a><\/p>\n<p style=\"text-align: left\">Prends soin d\u2019un b\u00e9b\u00e9 hamster.<\/p>\n<p style=\"text-align: left\">***<a href=\"http:\/\/www.jeuxjeuxjeux.fr\/jeu\/hamsters\/harry+the+hamster+3.html\"><img loading=\"lazy\" decoding=\"async\" class=\"size-full wp-image-82 aligncenter\" src=\"https:\/\/etab.ac-reunion.fr\/clg-le-dimitile-blog\/wp-content\/uploads\/sites\/152\/2016\/11\/jeu-harry.jpg\" alt=\"jeu-harry\" width=\"144\" height=\"108\" \/><\/a><\/p>\n<h3 style=\"text-align: left\"><span style=\"color: #339966\">Harry le hamster 3<\/span><\/h3>\n<p style=\"text-align: left\">\u00ab\u00a0\u00c9crasez crottes et grenouilles dans votre jardin ! Dirigez Harry le Hamster dans ce jeu animalier. Parcourez des niveaux en 3D dans une bulle de hamster. \u00c9vitez les fleurs et rebondissez sur les grenouilles pour les assommer !\u00a0\u00bb<\/p>\n<p style=\"text-align: left\">***<\/p>\n<h2 style=\"text-align: left\"><span style=\"color: #000000\">\u00ab\u00a0Jeux s\u00e9rieux\u00a0\u00bb<\/span><\/h2>\n<p style=\"text-align: left\">sur le site du CDI tu trouveras des jeux class\u00e9s par th\u00e8me :<\/p>\n<p style=\"text-align: center\"><a href=\"http:\/\/9740006n.esidoc.fr\/\"><img loading=\"lazy\" decoding=\"async\" class=\"alignnone size-full wp-image-41 alignleft\" src=\"https:\/\/etab.ac-reunion.fr\/clg-le-dimitile-blog\/wp-content\/uploads\/sites\/152\/2016\/11\/esidoc1.jpg\" alt=\"esidoc1\" width=\"132\" height=\"85\" \/><\/a><\/p>\n<\/div>\n<\/div>\n<\/div>\n<\/section>\n<\/div>\n<\/div>\n<\/div>\n","protected":false},"excerpt":{"rendered":"<p>&nbsp; Voici une petite s\u00e9lection de jeux en ligne : Cromimi Adopte une souris et prends-en soin. Jeux en anglais David &amp; Keithan : The\u2026<\/p>\n<p class=\"continue-reading-button\"> <a class=\"continue-reading-link\" href=\"https:\/\/etab.ac-reunion.fr\/clg-le-dimitile-blog\/pour-tamuser\/\">Lire la suite<i class=\"crycon-right-dir\"><\/i><\/a><\/p>\n","protected":false},"author":8105,"featured_media":0,"parent":0,"menu_order":0,"comment_status":"closed","ping_status":"closed","template":"","meta":{"footnotes":""},"class_list":["post-197","page","type-page","status-publish","hentry"],"_links":{"self":[{"href":"https:\/\/etab.ac-reunion.fr\/clg-le-dimitile-blog\/wp-json\/wp\/v2\/pages\/197","targetHints":{"allow":["GET"]}}],"collection":[{"href":"https:\/\/etab.ac-reunion.fr\/clg-le-dimitile-blog\/wp-json\/wp\/v2\/pages"}],"about":[{"href":"https:\/\/etab.ac-reunion.fr\/clg-le-dimitile-blog\/wp-json\/wp\/v2\/types\/page"}],"author":[{"embeddable":true,"href":"https:\/\/etab.ac-reunion.fr\/clg-le-dimitile-blog\/wp-json\/wp\/v2\/users\/8105"}],"replies":[{"embeddable":true,"href":"https:\/\/etab.ac-reunion.fr\/clg-le-dimitile-blog\/wp-json\/wp\/v2\/comments?post=197"}],"version-history":[{"count":7,"href":"https:\/\/etab.ac-reunion.fr\/clg-le-dimitile-blog\/wp-json\/wp\/v2\/pages\/197\/revisions"}],"predecessor-version":[{"id":524,"href":"https:\/\/etab.ac-reunion.fr\/clg-le-dimitile-blog\/wp-json\/wp\/v2\/pages\/197\/revisions\/524"}],"wp:attachment":[{"href":"https:\/\/etab.ac-reunion.fr\/clg-le-dimitile-blog\/wp-json\/wp\/v2\/media?parent=197"}],"curies":[{"name":"wp","href":"https:\/\/api.w.org\/{rel}","templated":true}]}}