{"id":333,"date":"2016-11-16T10:40:29","date_gmt":"2016-11-16T06:40:29","guid":{"rendered":"http:\/\/blogs.college-ledimitile.ac-reunion.fr\/?page_id=333"},"modified":"2025-09-01T13:15:53","modified_gmt":"2025-09-01T09:15:53","slug":"ca-se-passe-a-la-reunion","status":"publish","type":"page","link":"https:\/\/etab.ac-reunion.fr\/clg-le-dimitile-blog\/ca-se-passe-a-la-reunion\/","title":{"rendered":"\u00e7a se passe \u00e0 la R\u00e9union"},"content":{"rendered":"\n<p class=\"has-text-align-center has-light-green-cyan-color has-text-color has-link-color has-medium-font-size wp-elements-5432477ec0349be4821d024bd1ea5449\">Les dauphins de la R\u00e9union<\/p>\n\n\n<div class=\"wp-block-image\">\n<figure class=\"aligncenter size-full\"><a href=\"https:\/\/etab.ac-reunion.fr\/clg-le-dimitile-blog\/2024\/11\/07\/les-dauphins-de-la-reunion\/\"><img loading=\"lazy\" decoding=\"async\" width=\"608\" height=\"405\" src=\"https:\/\/etab.ac-reunion.fr\/clg-le-dimitile-blog\/wp-content\/uploads\/sites\/152\/2025\/09\/image-7.png\" alt=\"\" class=\"wp-image-8550\" srcset=\"https:\/\/etab.ac-reunion.fr\/clg-le-dimitile-blog\/wp-content\/uploads\/sites\/152\/2025\/09\/image-7.png 608w, https:\/\/etab.ac-reunion.fr\/clg-le-dimitile-blog\/wp-content\/uploads\/sites\/152\/2025\/09\/image-7-300x200.png 300w, https:\/\/etab.ac-reunion.fr\/clg-le-dimitile-blog\/wp-content\/uploads\/sites\/152\/2025\/09\/image-7-150x100.png 150w\" sizes=\"auto, (max-width: 608px) 100vw, 608px\" \/><\/a><\/figure>\n<\/div>\n\n\n<p class=\"has-text-align-center has-light-green-cyan-color has-text-color has-link-color has-medium-font-size wp-elements-3d1af65f6e52563b92ec648eb2011abe\">No\u00ebl \u00e0 la R\u00e9union<\/p>\n\n\n<div class=\"wp-block-image\">\n<figure class=\"aligncenter size-large is-resized\"><a href=\"https:\/\/etab.ac-reunion.fr\/clg-le-dimitile-blog\/wp-admin\/post.php?post=7647&amp;action=edit\"><img loading=\"lazy\" decoding=\"async\" width=\"1024\" height=\"576\" src=\"https:\/\/etab.ac-reunion.fr\/clg-le-dimitile-blog\/wp-content\/uploads\/sites\/152\/2024\/01\/maxresdefault-1024x576.jpg\" alt=\"\" class=\"wp-image-7837\" style=\"width:363px;height:auto\" srcset=\"https:\/\/etab.ac-reunion.fr\/clg-le-dimitile-blog\/wp-content\/uploads\/sites\/152\/2024\/01\/maxresdefault-1024x576.jpg 1024w, https:\/\/etab.ac-reunion.fr\/clg-le-dimitile-blog\/wp-content\/uploads\/sites\/152\/2024\/01\/maxresdefault-300x169.jpg 300w, https:\/\/etab.ac-reunion.fr\/clg-le-dimitile-blog\/wp-content\/uploads\/sites\/152\/2024\/01\/maxresdefault-768x432.jpg 768w, https:\/\/etab.ac-reunion.fr\/clg-le-dimitile-blog\/wp-content\/uploads\/sites\/152\/2024\/01\/maxresdefault-150x84.jpg 150w, https:\/\/etab.ac-reunion.fr\/clg-le-dimitile-blog\/wp-content\/uploads\/sites\/152\/2024\/01\/maxresdefault.jpg 1280w\" sizes=\"auto, (max-width: 1024px) 100vw, 1024px\" \/><\/a><\/figure>\n<\/div>\n\n\n<p><\/p>\n\n\n\n<p class=\"has-text-align-center has-light-green-cyan-color has-text-color has-link-color has-medium-font-size wp-elements-810ab982d09193c2b06808c21a8023aa\">En pique-nique \u00e0 la Plaine des Cafres<\/p>\n\n\n<div class=\"wp-block-image\">\n<figure class=\"aligncenter size-full\"><a href=\"https:\/\/etab.ac-reunion.fr\/clg-le-dimitile-blog\/2023\/11\/14\/en-pique-nique-a-la-plaine-des-cafres\/\"><img loading=\"lazy\" decoding=\"async\" width=\"259\" height=\"194\" src=\"https:\/\/etab.ac-reunion.fr\/clg-le-dimitile-blog\/wp-content\/uploads\/sites\/152\/2024\/01\/index.jpg\" alt=\"\" class=\"wp-image-7860\" srcset=\"https:\/\/etab.ac-reunion.fr\/clg-le-dimitile-blog\/wp-content\/uploads\/sites\/152\/2024\/01\/index.jpg 259w, https:\/\/etab.ac-reunion.fr\/clg-le-dimitile-blog\/wp-content\/uploads\/sites\/152\/2024\/01\/index-150x112.jpg 150w\" sizes=\"auto, (max-width: 259px) 100vw, 259px\" \/><\/a><\/figure>\n<\/div>\n\n<h4 style=\"text-align: center\">Une fresque au Bras-Long<\/h4>\n<p><a href=\"https:\/\/etab.ac-reunion.fr\/clg-le-dimitile-blog\/2022\/05\/31\/une-fresque-au-bras-long\/\"><img loading=\"lazy\" decoding=\"async\" class=\"size-medium wp-image-5340 aligncenter\" src=\"https:\/\/etab.ac-reunion.fr\/clg-le-dimitile-blog\/wp-content\/uploads\/sites\/152\/2022\/05\/Capture-de\u0301cran-2022-05-24-a\u0300-12.25.40-300x201.png\" alt=\"\" width=\"300\" height=\"201\" srcset=\"https:\/\/etab.ac-reunion.fr\/clg-le-dimitile-blog\/wp-content\/uploads\/sites\/152\/2022\/05\/Capture-de\u0301cran-2022-05-24-a\u0300-12.25.40-300x201.png 300w, https:\/\/etab.ac-reunion.fr\/clg-le-dimitile-blog\/wp-content\/uploads\/sites\/152\/2022\/05\/Capture-de\u0301cran-2022-05-24-a\u0300-12.25.40-1024x686.png 1024w, https:\/\/etab.ac-reunion.fr\/clg-le-dimitile-blog\/wp-content\/uploads\/sites\/152\/2022\/05\/Capture-de\u0301cran-2022-05-24-a\u0300-12.25.40-768x514.png 768w, https:\/\/etab.ac-reunion.fr\/clg-le-dimitile-blog\/wp-content\/uploads\/sites\/152\/2022\/05\/Capture-de\u0301cran-2022-05-24-a\u0300-12.25.40-150x100.png 150w, https:\/\/etab.ac-reunion.fr\/clg-le-dimitile-blog\/wp-content\/uploads\/sites\/152\/2022\/05\/Capture-de\u0301cran-2022-05-24-a\u0300-12.25.40.png 1363w\" sizes=\"auto, (max-width: 300px) 100vw, 300px\" \/><\/a><\/p>\n<h4 style=\"text-align: center\"><strong>La l\u00e9gende du Voile de la Mari\u00e9e<\/strong><\/h4>\n<p style=\"text-align: center\"><a href=\"https:\/\/etab.ac-reunion.fr\/clg-le-dimitile-blog\/2018\/06\/18\/la-legende-du-voile-de-la-mariee\/\"><img loading=\"lazy\" decoding=\"async\" class=\"alignnone size-medium wp-image-1132\" src=\"https:\/\/etab.ac-reunion.fr\/clg-le-dimitile-blog\/wp-content\/uploads\/sites\/152\/2018\/06\/voile-200x300.jpg\" alt=\"\" width=\"200\" height=\"300\" srcset=\"https:\/\/etab.ac-reunion.fr\/clg-le-dimitile-blog\/wp-content\/uploads\/sites\/152\/2018\/06\/voile-200x300.jpg 200w, https:\/\/etab.ac-reunion.fr\/clg-le-dimitile-blog\/wp-content\/uploads\/sites\/152\/2018\/06\/voile-100x150.jpg 100w, https:\/\/etab.ac-reunion.fr\/clg-le-dimitile-blog\/wp-content\/uploads\/sites\/152\/2018\/06\/voile.jpg 333w\" sizes=\"auto, (max-width: 200px) 100vw, 200px\" \/><\/a><\/p>\n<h4 style=\"text-align: center\"><strong>Notre volcan<br \/><\/strong><\/h4>\n<p style=\"text-align: center\"><a href=\"https:\/\/etab.ac-reunion.fr\/clg-le-dimitile-blog\/2015\/11\/10\/273\/\"><img loading=\"lazy\" decoding=\"async\" class=\"alignnone size-medium wp-image-68\" src=\"https:\/\/etab.ac-reunion.fr\/clg-le-dimitile-blog\/wp-content\/uploads\/sites\/152\/2016\/11\/IMG_3053-1024x682-300x200.jpg\" alt=\"img_3053-1024x682\" width=\"300\" height=\"200\" srcset=\"https:\/\/etab.ac-reunion.fr\/clg-le-dimitile-blog\/wp-content\/uploads\/sites\/152\/2016\/11\/IMG_3053-1024x682-300x200.jpg 300w, https:\/\/etab.ac-reunion.fr\/clg-le-dimitile-blog\/wp-content\/uploads\/sites\/152\/2016\/11\/IMG_3053-1024x682-768x512.jpg 768w, https:\/\/etab.ac-reunion.fr\/clg-le-dimitile-blog\/wp-content\/uploads\/sites\/152\/2016\/11\/IMG_3053-1024x682.jpg 1024w, https:\/\/etab.ac-reunion.fr\/clg-le-dimitile-blog\/wp-content\/uploads\/sites\/152\/2016\/11\/IMG_3053-1024x682-225x150.jpg 225w, https:\/\/etab.ac-reunion.fr\/clg-le-dimitile-blog\/wp-content\/uploads\/sites\/152\/2016\/11\/IMG_3053-1024x682-150x100.jpg 150w\" sizes=\"auto, (max-width: 300px) 100vw, 300px\" \/><\/a><\/p>\n<h4 style=\"text-align: center\"><span style=\"color: #33cccc\"><strong>Elio Surf Challenge<\/strong><\/span><\/h4>\n<p style=\"text-align: center\"><a href=\"https:\/\/etab.ac-reunion.fr\/clg-le-dimitile-blog\/2016\/03\/20\/elio-surf-challenge\/\"><img loading=\"lazy\" decoding=\"async\" class=\"alignnone size-medium wp-image-37\" src=\"https:\/\/etab.ac-reunion.fr\/clg-le-dimitile-blog\/wp-content\/uploads\/sites\/152\/2016\/11\/Elio-300x200.jpg\" alt=\"elio\" width=\"300\" height=\"200\" srcset=\"https:\/\/etab.ac-reunion.fr\/clg-le-dimitile-blog\/wp-content\/uploads\/sites\/152\/2016\/11\/Elio-300x200.jpg 300w, https:\/\/etab.ac-reunion.fr\/clg-le-dimitile-blog\/wp-content\/uploads\/sites\/152\/2016\/11\/Elio-226x150.jpg 226w, https:\/\/etab.ac-reunion.fr\/clg-le-dimitile-blog\/wp-content\/uploads\/sites\/152\/2016\/11\/Elio-150x100.jpg 150w, https:\/\/etab.ac-reunion.fr\/clg-le-dimitile-blog\/wp-content\/uploads\/sites\/152\/2016\/11\/Elio.jpg 615w\" sizes=\"auto, (max-width: 300px) 100vw, 300px\" \/><\/a><\/p>\n<h4 style=\"text-align: center\"><strong>Les randonn\u00e9es<\/strong><\/h4>\n<p style=\"text-align: center\"><a href=\"https:\/\/etab.ac-reunion.fr\/clg-le-dimitile-blog\/2016\/08\/29\/les-randonnees\/\"><img loading=\"lazy\" decoding=\"async\" class=\"alignnone size-full wp-image-45\" src=\"https:\/\/etab.ac-reunion.fr\/clg-le-dimitile-blog\/wp-content\/uploads\/sites\/152\/2016\/11\/famille-randonneurs.jpg\" alt=\"famille-randonneurs\" width=\"259\" height=\"194\" srcset=\"https:\/\/etab.ac-reunion.fr\/clg-le-dimitile-blog\/wp-content\/uploads\/sites\/152\/2016\/11\/famille-randonneurs.jpg 259w, https:\/\/etab.ac-reunion.fr\/clg-le-dimitile-blog\/wp-content\/uploads\/sites\/152\/2016\/11\/famille-randonneurs-200x150.jpg 200w, https:\/\/etab.ac-reunion.fr\/clg-le-dimitile-blog\/wp-content\/uploads\/sites\/152\/2016\/11\/famille-randonneurs-150x112.jpg 150w\" sizes=\"auto, (max-width: 259px) 100vw, 259px\" \/><\/a><\/p>\n\n\n<p><\/p>\n\n\n\n<p><\/p>\n","protected":false},"excerpt":{"rendered":"<p>Les dauphins de la R\u00e9union No\u00ebl \u00e0 la R\u00e9union En pique-nique \u00e0 la Plaine des Cafres Une fresque au Bras-Long La l\u00e9gende du Voile de\u2026<\/p>\n<p class=\"continue-reading-button\"> <a class=\"continue-reading-link\" href=\"https:\/\/etab.ac-reunion.fr\/clg-le-dimitile-blog\/ca-se-passe-a-la-reunion\/\">Lire la suite<i class=\"crycon-right-dir\"><\/i><\/a><\/p>\n","protected":false},"author":8105,"featured_media":0,"parent":0,"menu_order":0,"comment_status":"closed","ping_status":"closed","template":"","meta":{"footnotes":""},"class_list":["post-333","page","type-page","status-publish","hentry"],"_links":{"self":[{"href":"https:\/\/etab.ac-reunion.fr\/clg-le-dimitile-blog\/wp-json\/wp\/v2\/pages\/333","targetHints":{"allow":["GET"]}}],"collection":[{"href":"https:\/\/etab.ac-reunion.fr\/clg-le-dimitile-blog\/wp-json\/wp\/v2\/pages"}],"about":[{"href":"https:\/\/etab.ac-reunion.fr\/clg-le-dimitile-blog\/wp-json\/wp\/v2\/types\/page"}],"author":[{"embeddable":true,"href":"https:\/\/etab.ac-reunion.fr\/clg-le-dimitile-blog\/wp-json\/wp\/v2\/users\/8105"}],"replies":[{"embeddable":true,"href":"https:\/\/etab.ac-reunion.fr\/clg-le-dimitile-blog\/wp-json\/wp\/v2\/comments?post=333"}],"version-history":[{"count":22,"href":"https:\/\/etab.ac-reunion.fr\/clg-le-dimitile-blog\/wp-json\/wp\/v2\/pages\/333\/revisions"}],"predecessor-version":[{"id":8552,"href":"https:\/\/etab.ac-reunion.fr\/clg-le-dimitile-blog\/wp-json\/wp\/v2\/pages\/333\/revisions\/8552"}],"wp:attachment":[{"href":"https:\/\/etab.ac-reunion.fr\/clg-le-dimitile-blog\/wp-json\/wp\/v2\/media?parent=333"}],"curies":[{"name":"wp","href":"https:\/\/api.w.org\/{rel}","templated":true}]}}