{"id":340,"date":"2016-11-16T10:46:43","date_gmt":"2016-11-16T06:46:43","guid":{"rendered":"http:\/\/blogs.college-ledimitile.ac-reunion.fr\/?page_id=340"},"modified":"2021-09-16T13:03:12","modified_gmt":"2021-09-16T09:03:12","slug":"ca-se-passe-dans-le-monde","status":"publish","type":"page","link":"https:\/\/etab.ac-reunion.fr\/clg-le-dimitile-blog\/ca-se-passe-dans-le-monde\/","title":{"rendered":"\u00e7a se passe dans le monde"},"content":{"rendered":"\n<p><\/p>\n\n\n\n<p class=\"has-text-align-center\">Le Wor<strong>l Trade Center<\/strong><\/p>\n\n\n\n<div class=\"wp-block-image\"><figure class=\"aligncenter size-full\"><a href=\"https:\/\/etab.ac-reunion.fr\/clg-le-dimitile-blog\/2021\/09\/16\/le-wtc-le-world-trade-center\/\"><img loading=\"lazy\" decoding=\"async\" width=\"310\" height=\"163\" src=\"https:\/\/etab.ac-reunion.fr\/clg-le-dimitile-blog\/wp-content\/uploads\/sites\/152\/2021\/09\/les.jpg\" alt=\"\" class=\"wp-image-4001\" srcset=\"https:\/\/etab.ac-reunion.fr\/clg-le-dimitile-blog\/wp-content\/uploads\/sites\/152\/2021\/09\/les.jpg 310w, https:\/\/etab.ac-reunion.fr\/clg-le-dimitile-blog\/wp-content\/uploads\/sites\/152\/2021\/09\/les-300x158.jpg 300w, https:\/\/etab.ac-reunion.fr\/clg-le-dimitile-blog\/wp-content\/uploads\/sites\/152\/2021\/09\/les-150x79.jpg 150w\" sizes=\"auto, (max-width: 310px) 100vw, 310px\" \/><\/a><\/figure><\/div>\n\n\n\n<p><\/p>\n\n\n<h4 style=\"text-align: center\"><span style=\"color: #000000\"><strong>La peste \u00e0 Madagascar<\/strong><\/span><\/h4>\n<p style=\"text-align: center\"><a href=\"https:\/\/etab.ac-reunion.fr\/clg-le-dimitile-blog\/2017\/11\/06\/1010\/\"><img loading=\"lazy\" decoding=\"async\" class=\"alignnone size-full wp-image-1011\" src=\"https:\/\/etab.ac-reunion.fr\/clg-le-dimitile-blog\/wp-content\/uploads\/sites\/152\/2017\/11\/carte-madacasgar.jpg\" alt=\"\" width=\"232\" height=\"217\" srcset=\"https:\/\/etab.ac-reunion.fr\/clg-le-dimitile-blog\/wp-content\/uploads\/sites\/152\/2017\/11\/carte-madacasgar.jpg 232w, https:\/\/etab.ac-reunion.fr\/clg-le-dimitile-blog\/wp-content\/uploads\/sites\/152\/2017\/11\/carte-madacasgar-150x140.jpg 150w\" sizes=\"auto, (max-width: 232px) 100vw, 232px\" \/><\/a><\/p>\n<h4 style=\"text-align: center\"><strong>Birmanie : les Rohingyas massacr\u00e9s<\/strong><\/h4>\n<h4 style=\"text-align: center\"><a href=\"https:\/\/etab.ac-reunion.fr\/clg-le-dimitile-blog\/2017\/10\/09\/birmanie-les-rohingyas-massacres\/\"><img loading=\"lazy\" decoding=\"async\" class=\"alignnone size-medium wp-image-977\" src=\"https:\/\/etab.ac-reunion.fr\/clg-le-dimitile-blog\/wp-content\/uploads\/sites\/152\/2016\/11\/carte-birmanie-300x300.png\" alt=\"\" width=\"300\" height=\"300\" srcset=\"https:\/\/etab.ac-reunion.fr\/clg-le-dimitile-blog\/wp-content\/uploads\/sites\/152\/2016\/11\/carte-birmanie-300x300.png 300w, https:\/\/etab.ac-reunion.fr\/clg-le-dimitile-blog\/wp-content\/uploads\/sites\/152\/2016\/11\/carte-birmanie-150x150.png 150w, https:\/\/etab.ac-reunion.fr\/clg-le-dimitile-blog\/wp-content\/uploads\/sites\/152\/2016\/11\/carte-birmanie.png 640w\" sizes=\"auto, (max-width: 300px) 100vw, 300px\" \/><\/a><\/h4>\n<h4 style=\"text-align: center\"><strong>Irma : l&rsquo;ouragan qui fait rage<\/strong><\/h4>\n<p style=\"text-align: center\"><a href=\"https:\/\/etab.ac-reunion.fr\/clg-le-dimitile-blog\/2017\/09\/19\/irma-louragan-fait-rage\/\"><img loading=\"lazy\" decoding=\"async\" class=\"alignnone size-full wp-image-961\" src=\"https:\/\/etab.ac-reunion.fr\/clg-le-dimitile-blog\/wp-content\/uploads\/sites\/152\/2017\/09\/irma1.jpg\" alt=\"\" width=\"260\" height=\"194\" srcset=\"https:\/\/etab.ac-reunion.fr\/clg-le-dimitile-blog\/wp-content\/uploads\/sites\/152\/2017\/09\/irma1.jpg 260w, https:\/\/etab.ac-reunion.fr\/clg-le-dimitile-blog\/wp-content\/uploads\/sites\/152\/2017\/09\/irma1-150x112.jpg 150w\" sizes=\"auto, (max-width: 260px) 100vw, 260px\" \/><\/a><\/p>\n<h4 style=\"text-align: center\"><strong>Attaque chimique en Syrie<\/strong><\/h4>\n<h4 style=\"text-align: center\"><a href=\"https:\/\/etab.ac-reunion.fr\/clg-le-dimitile-blog\/2017\/05\/05\/837\/\"><img loading=\"lazy\" decoding=\"async\" class=\"alignnone size-medium wp-image-840\" src=\"https:\/\/etab.ac-reunion.fr\/clg-le-dimitile-blog\/wp-content\/uploads\/sites\/152\/2017\/05\/2-300x141.jpg\" alt=\"\" width=\"300\" height=\"141\" srcset=\"https:\/\/etab.ac-reunion.fr\/clg-le-dimitile-blog\/wp-content\/uploads\/sites\/152\/2017\/05\/2-300x141.jpg 300w, https:\/\/etab.ac-reunion.fr\/clg-le-dimitile-blog\/wp-content\/uploads\/sites\/152\/2017\/05\/2-768x360.jpg 768w, https:\/\/etab.ac-reunion.fr\/clg-le-dimitile-blog\/wp-content\/uploads\/sites\/152\/2017\/05\/2-150x70.jpg 150w, https:\/\/etab.ac-reunion.fr\/clg-le-dimitile-blog\/wp-content\/uploads\/sites\/152\/2017\/05\/2.jpg 938w\" sizes=\"auto, (max-width: 300px) 100vw, 300px\" \/><\/a><\/h4>\n<h4 style=\"text-align: center\"><strong>Coul\u00e9e de boue d\u00e9vastatrice en Colombie<\/strong><\/h4>\n<h4 style=\"text-align: center\"><a href=\"https:\/\/etab.ac-reunion.fr\/clg-le-dimitile-blog\/2017\/04\/21\/coulee-de-boue-devastatrice-en-colombie\/\"><img loading=\"lazy\" decoding=\"async\" class=\"alignnone size-medium wp-image-797\" src=\"https:\/\/etab.ac-reunion.fr\/clg-le-dimitile-blog\/wp-content\/uploads\/sites\/152\/2017\/04\/carte-281x300.gif\" alt=\"\" width=\"281\" height=\"300\" srcset=\"https:\/\/etab.ac-reunion.fr\/clg-le-dimitile-blog\/wp-content\/uploads\/sites\/152\/2017\/04\/carte-281x300.gif 281w, https:\/\/etab.ac-reunion.fr\/clg-le-dimitile-blog\/wp-content\/uploads\/sites\/152\/2017\/04\/carte-141x150.gif 141w\" sizes=\"auto, (max-width: 281px) 100vw, 281px\" \/><\/a><\/h4>\n<h4 style=\"text-align: center\"><strong>Attentat en Russie : un bilan de plus en plus lourd<\/strong><\/h4>\n<h4 style=\"text-align: center\"><a href=\"https:\/\/etab.ac-reunion.fr\/clg-le-dimitile-blog\/2017\/04\/11\/attentat-en-russie-un-bilan-de-plus-en-lourd\/\"><img loading=\"lazy\" decoding=\"async\" class=\"alignnone size-full wp-image-768\" src=\"https:\/\/etab.ac-reunion.fr\/clg-le-dimitile-blog\/wp-content\/uploads\/sites\/152\/2017\/04\/carte-kirghistan.jpg\" alt=\"\" width=\"256\" height=\"197\" srcset=\"https:\/\/etab.ac-reunion.fr\/clg-le-dimitile-blog\/wp-content\/uploads\/sites\/152\/2017\/04\/carte-kirghistan.jpg 256w, https:\/\/etab.ac-reunion.fr\/clg-le-dimitile-blog\/wp-content\/uploads\/sites\/152\/2017\/04\/carte-kirghistan-150x115.jpg 150w\" sizes=\"auto, (max-width: 256px) 100vw, 256px\" \/><\/a><\/h4>\n<h4 style=\"text-align: center\"><strong>Explosion et incendie dans une zone industrielle<\/strong><\/h4>\n<p style=\"text-align: center\"><a href=\"https:\/\/etab.ac-reunion.fr\/clg-le-dimitile-blog\/2016\/04\/16\/explosion-et-incendie-dans-une-zone-industrielle\/\"><img loading=\"lazy\" decoding=\"async\" class=\"alignnone wp-image-357 size-medium\" src=\"https:\/\/etab.ac-reunion.fr\/clg-le-dimitile-blog\/wp-content\/uploads\/sites\/152\/2016\/11\/explosion-1-300x168.jpg\" alt=\"explosion\" width=\"300\" height=\"168\" srcset=\"https:\/\/etab.ac-reunion.fr\/clg-le-dimitile-blog\/wp-content\/uploads\/sites\/152\/2016\/11\/explosion-1.jpg 300w, https:\/\/etab.ac-reunion.fr\/clg-le-dimitile-blog\/wp-content\/uploads\/sites\/152\/2016\/11\/explosion-1-150x84.jpg 150w\" sizes=\"auto, (max-width: 300px) 100vw, 300px\" \/><\/a><\/p>\n<h4 style=\"text-align: center\"><strong>Je suis Paris \/ Je suis Charlie<\/strong><\/h4>\n<p style=\"text-align: center\"><a href=\"https:\/\/etab.ac-reunion.fr\/clg-le-dimitile-blog\/2016\/11\/01\/je-suis-paris-je-suis-charlie\/\"><img loading=\"lazy\" decoding=\"async\" class=\"alignnone wp-image-282\" src=\"https:\/\/etab.ac-reunion.fr\/clg-le-dimitile-blog\/wp-content\/uploads\/sites\/152\/0201\/12\/pray-150x100.jpg\" alt=\"pray-150x100\" width=\"207\" height=\"138\"><\/a><\/p>\n<h4 style=\"text-align: center\"><strong>Attentats : le raid du 18 novembre 2015<\/strong><\/h4>\n<p style=\"text-align: center\"><a href=\"https:\/\/etab.ac-reunion.fr\/clg-le-dimitile-blog\/2015\/12\/02\/attentats-le-raid-du-18-novembre-2015\/\"><img loading=\"lazy\" decoding=\"async\" class=\"alignnone size-full wp-image-10\" src=\"https:\/\/etab.ac-reunion.fr\/clg-le-dimitile-blog\/wp-content\/uploads\/sites\/152\/2016\/11\/attentat1.jpg\" alt=\"attentat1\" width=\"242\" height=\"136\" srcset=\"https:\/\/etab.ac-reunion.fr\/clg-le-dimitile-blog\/wp-content\/uploads\/sites\/152\/2016\/11\/attentat1.jpg 242w, https:\/\/etab.ac-reunion.fr\/clg-le-dimitile-blog\/wp-content\/uploads\/sites\/152\/2016\/11\/attentat1-150x84.jpg 150w\" sizes=\"auto, (max-width: 242px) 100vw, 242px\" \/><\/a><\/p>\n<h4 style=\"text-align: center\"><a href=\"https:\/\/etab.ac-reunion.fr\/clg-le-dimitile-blog\/2015\/12\/02\/attentats-le-13-novembre-2015\/\"><strong>Attentats : le 13 novembre 2015<\/strong><\/a><\/h4>\n<p style=\"text-align: center\"><a href=\"https:\/\/etab.ac-reunion.fr\/clg-le-dimitile-blog\/2015\/12\/02\/attentats-le-13-novembre-2015\/\"><img loading=\"lazy\" decoding=\"async\" class=\"alignnone size-full wp-image-9\" src=\"https:\/\/etab.ac-reunion.fr\/clg-le-dimitile-blog\/wp-content\/uploads\/sites\/152\/2016\/11\/attentat.jpg\" alt=\"attentat\" width=\"242\" height=\"136\" srcset=\"https:\/\/etab.ac-reunion.fr\/clg-le-dimitile-blog\/wp-content\/uploads\/sites\/152\/2016\/11\/attentat.jpg 242w, https:\/\/etab.ac-reunion.fr\/clg-le-dimitile-blog\/wp-content\/uploads\/sites\/152\/2016\/11\/attentat-150x84.jpg 150w\" sizes=\"auto, (max-width: 242px) 100vw, 242px\" \/><\/a><\/p>\n\n\n<h4 class=\"has-text-align-center wp-block-heading\"><\/h4>\n","protected":false},"excerpt":{"rendered":"<p>Le Worl Trade Center La peste \u00e0 Madagascar Birmanie : les Rohingyas massacr\u00e9s Irma : l&rsquo;ouragan qui fait rage Attaque chimique en Syrie Coul\u00e9e de\u2026<\/p>\n<p class=\"continue-reading-button\"> <a class=\"continue-reading-link\" href=\"https:\/\/etab.ac-reunion.fr\/clg-le-dimitile-blog\/ca-se-passe-dans-le-monde\/\">Lire la suite<i class=\"crycon-right-dir\"><\/i><\/a><\/p>\n","protected":false},"author":8105,"featured_media":0,"parent":0,"menu_order":0,"comment_status":"closed","ping_status":"closed","template":"","meta":{"footnotes":""},"class_list":["post-340","page","type-page","status-publish","hentry"],"_links":{"self":[{"href":"https:\/\/etab.ac-reunion.fr\/clg-le-dimitile-blog\/wp-json\/wp\/v2\/pages\/340","targetHints":{"allow":["GET"]}}],"collection":[{"href":"https:\/\/etab.ac-reunion.fr\/clg-le-dimitile-blog\/wp-json\/wp\/v2\/pages"}],"about":[{"href":"https:\/\/etab.ac-reunion.fr\/clg-le-dimitile-blog\/wp-json\/wp\/v2\/types\/page"}],"author":[{"embeddable":true,"href":"https:\/\/etab.ac-reunion.fr\/clg-le-dimitile-blog\/wp-json\/wp\/v2\/users\/8105"}],"replies":[{"embeddable":true,"href":"https:\/\/etab.ac-reunion.fr\/clg-le-dimitile-blog\/wp-json\/wp\/v2\/comments?post=340"}],"version-history":[{"count":25,"href":"https:\/\/etab.ac-reunion.fr\/clg-le-dimitile-blog\/wp-json\/wp\/v2\/pages\/340\/revisions"}],"predecessor-version":[{"id":4054,"href":"https:\/\/etab.ac-reunion.fr\/clg-le-dimitile-blog\/wp-json\/wp\/v2\/pages\/340\/revisions\/4054"}],"wp:attachment":[{"href":"https:\/\/etab.ac-reunion.fr\/clg-le-dimitile-blog\/wp-json\/wp\/v2\/media?parent=340"}],"curies":[{"name":"wp","href":"https:\/\/api.w.org\/{rel}","templated":true}]}}