{"id":10437,"date":"2017-02-27T10:25:13","date_gmt":"2017-02-27T06:25:13","guid":{"rendered":"http:\/\/college-ledimitile.ac-reunion.fr\/?page_id=10437"},"modified":"2025-12-12T13:05:29","modified_gmt":"2025-12-12T09:05:29","slug":"lent-metice-2","status":"publish","type":"page","link":"https:\/\/etab.ac-reunion.fr\/clg-le-dimitile\/lent-metice-2\/","title":{"rendered":"L&rsquo;ENT (M\u00e9tice)"},"content":{"rendered":"<p><span style=\"color: #ffffff\">&#8211;<\/span><\/p>\n<p>L<strong>&lsquo;E<\/strong>space <strong>N<\/strong>um\u00e9rique de <strong>T<\/strong>ravail (ENT) ou \u00ab\u00a0<strong>METICE\u00a0\u00bb <\/strong>offre \u00e0 tous les \u00e9l\u00e8ves ou membres\u00a0de la communaut\u00e9 scolaire un acc\u00e8s direct \u00e0 de pr\u00e9cieux outils, ressources et informations utiles aux apprentissages comme au renforcement du lien avec les\u00a0familles (cahier de textes, notes, application Folios&#8230;)<\/p>\n<p>Pour acc\u00e9der \u00e0 METICE :\u00a0<a href=\"https:\/\/portail.college-ledimitile.ac-reunion.fr\/\" target=\"_blank\" rel=\"noopener\">http:\/\/portail.college-ledimitile.re<\/a><\/p>\n<p>Chaque utilisateur dispose d&rsquo;<strong>identifiants<\/strong> (nom d&rsquo;utilisateur + mot de passe) individuels et confidentiels<strong> valables tout au \u00a0long de la scolarit\u00e9 au coll\u00e8ge<\/strong>. Ces identifiants sont communiqu\u00e9s en d\u00e9but d&rsquo;ann\u00e9e aux nouveaux \u00e9l\u00e8ves et responsables l\u00e9gaux.<\/p>\n<p>En cas d&rsquo;oubli, situation devant \u00eatre exceptionnelle, \u00e9l\u00e8ves ou parents peuvent en obtenir de nouveaux par simple demande au Professeur Principal, mot \u00e9crit dans le carnet de liaison ou courriel \u00e0 l&rsquo;adresse \u00e9lectronique du coll\u00e8ge <a href=\"mailto:Ce.9740006n@ac-reunion.fr\">Ce.9740006n@ac-reunion.fr<\/a><\/p>\n\n\n<p><\/p>\n","protected":false},"excerpt":{"rendered":"<p>&#8211; L&lsquo;Espace Num\u00e9rique de Travail (ENT) ou \u00ab\u00a0METICE\u00a0\u00bb offre \u00e0 tous les \u00e9l\u00e8ves ou membres\u00a0de la communaut\u00e9 scolaire un acc\u00e8s direct \u00e0 de pr\u00e9cieux outils, ressources et informations utiles aux apprentissages comme au renforcement du lien avec les\u00a0familles (cahier de textes, notes, application Folios&#8230;) Pour acc\u00e9der \u00e0 METICE :\u00a0http:\/\/portail.college-ledimitile.re Chaque\u2026<\/p>\n<p class=\"continue-reading-button\"> <a class=\"continue-reading-link\" href=\"https:\/\/etab.ac-reunion.fr\/clg-le-dimitile\/lent-metice-2\/\">Lire la suite<i class=\"crycon-right-dir\"><\/i><\/a><\/p>\n","protected":false},"author":8105,"featured_media":0,"parent":0,"menu_order":0,"comment_status":"closed","ping_status":"closed","template":"","meta":{"footnotes":""},"class_list":["post-10437","page","type-page","status-publish","hentry"],"_links":{"self":[{"href":"https:\/\/etab.ac-reunion.fr\/clg-le-dimitile\/wp-json\/wp\/v2\/pages\/10437","targetHints":{"allow":["GET"]}}],"collection":[{"href":"https:\/\/etab.ac-reunion.fr\/clg-le-dimitile\/wp-json\/wp\/v2\/pages"}],"about":[{"href":"https:\/\/etab.ac-reunion.fr\/clg-le-dimitile\/wp-json\/wp\/v2\/types\/page"}],"author":[{"embeddable":true,"href":"https:\/\/etab.ac-reunion.fr\/clg-le-dimitile\/wp-json\/wp\/v2\/users\/8105"}],"replies":[{"embeddable":true,"href":"https:\/\/etab.ac-reunion.fr\/clg-le-dimitile\/wp-json\/wp\/v2\/comments?post=10437"}],"version-history":[{"count":6,"href":"https:\/\/etab.ac-reunion.fr\/clg-le-dimitile\/wp-json\/wp\/v2\/pages\/10437\/revisions"}],"predecessor-version":[{"id":14580,"href":"https:\/\/etab.ac-reunion.fr\/clg-le-dimitile\/wp-json\/wp\/v2\/pages\/10437\/revisions\/14580"}],"wp:attachment":[{"href":"https:\/\/etab.ac-reunion.fr\/clg-le-dimitile\/wp-json\/wp\/v2\/media?parent=10437"}],"curies":[{"name":"wp","href":"https:\/\/api.w.org\/{rel}","templated":true}]}}