{"id":116,"date":"2015-07-14T14:30:22","date_gmt":"2015-07-14T13:30:22","guid":{"rendered":"http:\/\/college-ledimitile.ac-reunion.fr\/?page_id=116"},"modified":"2025-12-12T09:33:45","modified_gmt":"2025-12-12T05:33:45","slug":"le-role-de-la-cpe","status":"publish","type":"page","link":"https:\/\/etab.ac-reunion.fr\/clg-le-dimitile\/le-role-de-la-cpe\/","title":{"rendered":"Le r\u00f4le de la CPE"},"content":{"rendered":"<p><span style=\"color: #ffffff\">&#8212;<\/span><\/p>\n<p>Le Service Vie Scolaire du Coll\u00e8ge \u00ab Capitaine Dimitile \u00bb \u00e0 l\u2019Entre-Deux est g\u00e9r\u00e9 et dynamis\u00e9 au quotidien par la CPE et les Assistants d&rsquo;\u00e9ducation.<\/p>\n<p>Les missions de la CPE du coll\u00e8ge sont l\u00e9gitimes par son statut. Ses responsabilit\u00e9s s\u2019inscrivent dans la perspective de la mission \u00e9ducative de l\u2019Etablissement Scolaire. Les responsabilit\u00e9s exerc\u00e9es par la CPE se situent dans le cadre g\u00e9n\u00e9ral de la Vie Scolaire dont l\u2019objectif g\u00e9n\u00e9ral\u00a0est de placer les adolescents dans les meilleurs conditions de vie individuelle et collective et d\u2019\u00e9panouissement personnel.<\/p>\n<p>La CPE du coll\u00e8ge intervient dans trois domaines de responsabilit\u00e9s :<\/p>\n<p><strong>\u2013 Fonctionnement de l\u2019Etablissement,<\/strong><\/p>\n<p><strong>\u2013 Collaboration avec le personnel enseignant,<\/strong><\/p>\n<p><strong>\u2013 Animation \u00e9ducative<\/strong><\/p>\n<p>La CPE organise le service du personnel d\u2019encadrement et surveillance des \u00e9l\u00e8ves.<\/p>\n<p>Ensemble, ils constituent l\u2019\u00e9quipe \u00ab\u00a0Vie Scolaire\u00a0\u00bb qui travaille dans un m\u00eame bureau, lieu d\u2019accueil et d\u2019encadrement des \u00e9l\u00e8ves.<\/p>\n<p>La CPE est responsable du contr\u00f4le et de la gestion de la fr\u00e9quentation scolaire.<\/p>\n<p>Renforcer, et\/ou, cr\u00e9er du lien, d\u00e9velopper de citoyennet\u00e9 chez les \u00e9l\u00e8ves, leur faire respecter les r\u00e8gles, sont une partie des actions de la vie scolaire men\u00e9es en collaboration avec la direction et l\u2019ensemble de la communaut\u00e9 \u00e9ducative.<\/p>\n<p>L\u2019\u00e9quipe Vie Scolaire privil\u00e9gie tous les aspects de la vie des \u00e9l\u00e8ves, l\u2019\u00e9coute et le dialogue avec ceux-ci, leur parents et tous les partenaires ext\u00e9rieurs dans les domaines qui lui incombent.<\/p>\n<p>Gestion des absences, pr\u00e9sence permanente sur le terrain, aupr\u00e8s des \u00e9l\u00e8ves mais aussi intervention dans les classes, formation des d\u00e9l\u00e9gu\u00e9s, suivi individuel des \u00e9l\u00e8ves \u2026 sont autant d\u2019actions que doit mener l\u2019\u00e9quipe au quotidien.<\/p>\n<p>Les interactions entre les \u00e9l\u00e8ves se diversifient et la Vie Scolaire du coll\u00e8ge doit s\u2019adapter.<\/p>\n<p>Enfin, la Vie Scolaire participe \u00e0 la vie de l\u2019\u00e9tablissement dans la diversit\u00e9 de ses expressions afin de pouvoir suivre l\u2019\u00e9l\u00e8ve dans tous les aspects de la Vie Scolaire.<\/p>\n","protected":false},"excerpt":{"rendered":"<p>&#8212; Le Service Vie Scolaire du Coll\u00e8ge \u00ab Capitaine Dimitile \u00bb \u00e0 l\u2019Entre-Deux est g\u00e9r\u00e9 et dynamis\u00e9 au quotidien par la CPE et les Assistants d&rsquo;\u00e9ducation. Les missions de la CPE du coll\u00e8ge sont l\u00e9gitimes par son statut. Ses responsabilit\u00e9s s\u2019inscrivent dans la perspective de la mission \u00e9ducative de l\u2019Etablissement\u2026<\/p>\n<p class=\"continue-reading-button\"> <a class=\"continue-reading-link\" href=\"https:\/\/etab.ac-reunion.fr\/clg-le-dimitile\/le-role-de-la-cpe\/\">Lire la suite<i class=\"crycon-right-dir\"><\/i><\/a><\/p>\n","protected":false},"author":8105,"featured_media":0,"parent":0,"menu_order":0,"comment_status":"closed","ping_status":"closed","template":"","meta":{"footnotes":""},"class_list":["post-116","page","type-page","status-publish","hentry"],"_links":{"self":[{"href":"https:\/\/etab.ac-reunion.fr\/clg-le-dimitile\/wp-json\/wp\/v2\/pages\/116","targetHints":{"allow":["GET"]}}],"collection":[{"href":"https:\/\/etab.ac-reunion.fr\/clg-le-dimitile\/wp-json\/wp\/v2\/pages"}],"about":[{"href":"https:\/\/etab.ac-reunion.fr\/clg-le-dimitile\/wp-json\/wp\/v2\/types\/page"}],"author":[{"embeddable":true,"href":"https:\/\/etab.ac-reunion.fr\/clg-le-dimitile\/wp-json\/wp\/v2\/users\/8105"}],"replies":[{"embeddable":true,"href":"https:\/\/etab.ac-reunion.fr\/clg-le-dimitile\/wp-json\/wp\/v2\/comments?post=116"}],"version-history":[{"count":4,"href":"https:\/\/etab.ac-reunion.fr\/clg-le-dimitile\/wp-json\/wp\/v2\/pages\/116\/revisions"}],"predecessor-version":[{"id":14578,"href":"https:\/\/etab.ac-reunion.fr\/clg-le-dimitile\/wp-json\/wp\/v2\/pages\/116\/revisions\/14578"}],"wp:attachment":[{"href":"https:\/\/etab.ac-reunion.fr\/clg-le-dimitile\/wp-json\/wp\/v2\/media?parent=116"}],"curies":[{"name":"wp","href":"https:\/\/api.w.org\/{rel}","templated":true}]}}