{"id":11687,"date":"2019-03-03T10:41:21","date_gmt":"2019-03-03T06:41:21","guid":{"rendered":"http:\/\/college-ledimitile.ac-reunion.fr\/?page_id=11687"},"modified":"2019-03-06T09:43:50","modified_gmt":"2019-03-06T05:43:50","slug":"donnees-personnelles","status":"publish","type":"page","link":"https:\/\/etab.ac-reunion.fr\/clg-le-dimitile\/donnees-personnelles\/","title":{"rendered":"Donn\u00e9es personnelles"},"content":{"rendered":"<p>&nbsp;<\/p>\n<p>L\u2019\u00e9tablissement traite des donn\u00e9es personnelles conform\u00e9ment au R\u00e8glement G\u00e9n\u00e9ral sur la Protection des Donn\u00e9es (RGPD) et \u00e0 la loi Informatiques et Libert\u00e9s.<\/p>\n<h2>Politique de protection des donn\u00e9es :<\/h2>\n<p>Les informations fournies via le formulaire de contact sont transmises par protocole s\u00e9curis\u00e9 au destinataire pour traitement.<\/p>\n<h2>Exercez vos droits<\/h2>\n<p>Pour toute information ou exercice de vos droits Informatique et Libert\u00e9s sur les traitements de donn\u00e9es personnelles g\u00e9r\u00e9s par l\u2019\u00e9tablissement, vous pouvez contacter l\u2019\u00e9tablissement :<\/p>\n<p><strong>* par courrier (avec copie de votre pi\u00e8ce d\u2019identit\u00e9 en cas d\u2019exercice de vos droits) \u00e0 l\u2019adresse suivante :<\/strong><\/p>\n<p>2 rue Hubert Delisle, 97414 Entre-Deux<\/p>\n<p><strong>* en ligne<\/strong><\/p>\n\n<div class=\"wpcf7 no-js\" id=\"wpcf7-f11682-o1\" lang=\"fr-FR\" dir=\"ltr\" data-wpcf7-id=\"11682\">\n<div class=\"screen-reader-response\"><p role=\"status\" aria-live=\"polite\" aria-atomic=\"true\"><\/p> <ul><\/ul><\/div>\n<form action=\"\/clg-le-dimitile\/wp-json\/wp\/v2\/pages\/11687#wpcf7-f11682-o1\" method=\"post\" class=\"wpcf7-form init\" aria-label=\"Formulaire de contact\" novalidate=\"novalidate\" data-status=\"init\">\n<fieldset class=\"hidden-fields-container\"><input type=\"hidden\" name=\"_wpcf7\" value=\"11682\" \/><input type=\"hidden\" name=\"_wpcf7_version\" value=\"6.1.5\" \/><input type=\"hidden\" name=\"_wpcf7_locale\" value=\"fr_FR\" \/><input type=\"hidden\" name=\"_wpcf7_unit_tag\" value=\"wpcf7-f11682-o1\" \/><input type=\"hidden\" name=\"_wpcf7_container_post\" value=\"0\" \/><input type=\"hidden\" name=\"_wpcf7_posted_data_hash\" value=\"\" \/>\n<\/fieldset>\n<p><label> Votre nom (obligatoire)<br \/>\n<span class=\"wpcf7-form-control-wrap\" data-name=\"your-name\"><input size=\"40\" maxlength=\"400\" class=\"wpcf7-form-control wpcf7-text wpcf7-validates-as-required\" aria-required=\"true\" aria-invalid=\"false\" value=\"\" type=\"text\" name=\"your-name\" \/><\/span> <\/label>\n<\/p>\n<p><label> Votre adresse de messagerie (obligatoire)<br \/>\n<span class=\"wpcf7-form-control-wrap\" data-name=\"your-email\"><input size=\"40\" maxlength=\"400\" class=\"wpcf7-form-control wpcf7-email wpcf7-validates-as-required wpcf7-text wpcf7-validates-as-email\" aria-required=\"true\" aria-invalid=\"false\" value=\"\" type=\"email\" name=\"your-email\" \/><\/span> <\/label>\n<\/p>\n<p><label> Objet (obligatoire)<br \/>\n<span class=\"wpcf7-form-control-wrap\" data-name=\"your-subject\"><input size=\"40\" maxlength=\"400\" class=\"wpcf7-form-control wpcf7-text wpcf7-validates-as-required\" aria-required=\"true\" aria-invalid=\"false\" value=\"\" type=\"text\" name=\"your-subject\" \/><\/span> <\/label>\n<\/p>\n<p><label> Votre message<br \/>\n<span class=\"wpcf7-form-control-wrap\" data-name=\"your-message\"><textarea cols=\"40\" rows=\"10\" maxlength=\"2000\" class=\"wpcf7-form-control wpcf7-textarea wpcf7-validates-as-required\" aria-required=\"true\" aria-invalid=\"false\" name=\"your-message\"><\/textarea><\/span> <\/label>\n<\/p>\n<p><span id=\"wpcf7-69dc18dc49cc8-wrapper\" class=\"wpcf7-form-control-wrap website-wrap\" style=\"display:none !important; visibility:hidden !important;\"><label for=\"wpcf7-69dc18dc49cc8-field\" class=\"hp-message\">Veuillez laisser ce champ vide.<\/label><input id=\"wpcf7-69dc18dc49cc8-field\"  class=\"wpcf7-form-control wpcf7-text\" type=\"text\" name=\"website\" value=\"\" size=\"40\" tabindex=\"-1\" autocomplete=\"new-password\" \/><\/span>\n<\/p>\n<p><input class=\"wpcf7-form-control wpcf7-submit has-spinner\" type=\"submit\" value=\"Envoyer\" \/>\n<\/p><div class=\"wpcf7-response-output\" aria-hidden=\"true\"><\/div>\n<\/form>\n<\/div>\n\n<h2>A propos des \u00ab\u00a0cookies\u00a0\u00bb<\/h2>\n<p>Les \u00ab\u00a0cookies\u00a0\u00bb sont des petits fichiers qui collectent des donn\u00e9es lors de l\u2019usage de sites internet.<\/p>\n<p>Trois types de cookies sont cr\u00e9\u00e9s lors de la consultation du site :<\/p>\n<h2>Cookies internes n\u00e9cessaires au site pour fonctionner<\/h2>\n<p>Exemples :<\/p>\n<ul>\n<li>PHPSESSID<\/li>\n<li>tarteaucitron<\/li>\n<\/ul>\n<h2>Cookie de mesure d\u2019audience<\/h2>\n<p>La mesure d\u2019audience se fait avec Matomo (ex-Piwik) o\u00f9 l\u2019adresse IP est anonymis\u00e9e sur 2 octets, conform\u00e9ment aux pr\u00e9conisations de la CNIL.<\/p>\n<h2>Cookies tiers li\u00e9s \u00e0 des contenus tiers en ligne<\/h2>\n<p>Des services tiers n\u00e9cessitent l\u2019acceptation des cookies pour fonctionner :<\/p>\n<ul>\n<li>Vid\u00e9os en ligne (Dailymotion, YouTube)<\/li>\n<li>Tweets (Twitter)<\/li>\n<li>Boutons de partages sur les r\u00e9seaux sociaux (Twitter, Facebook)<\/li>\n<li>Pr\u00e9sentations anim\u00e9es (Mindomo, Prezi)<\/li>\n<\/ul>\n<p><a href=\"https:\/\/etab.ac-reunion.fr\/clg-le-dimitile-blog\/mentions-legales-2\/\">Mentions l\u00e9gales<\/a><\/p>\n","protected":false},"excerpt":{"rendered":"<p>&nbsp; L\u2019\u00e9tablissement traite des donn\u00e9es personnelles conform\u00e9ment au R\u00e8glement G\u00e9n\u00e9ral sur la Protection des Donn\u00e9es (RGPD) et \u00e0 la loi Informatiques et Libert\u00e9s. Politique de protection des donn\u00e9es : Les informations fournies via le formulaire de contact sont transmises par protocole s\u00e9curis\u00e9 au destinataire pour traitement. Exercez vos droits Pour\u2026<\/p>\n<p class=\"continue-reading-button\"> <a class=\"continue-reading-link\" href=\"https:\/\/etab.ac-reunion.fr\/clg-le-dimitile\/donnees-personnelles\/\">Lire la suite<i class=\"crycon-right-dir\"><\/i><\/a><\/p>\n","protected":false},"author":19933,"featured_media":0,"parent":0,"menu_order":0,"comment_status":"closed","ping_status":"closed","template":"","meta":{"footnotes":""},"class_list":["post-11687","page","type-page","status-publish","hentry"],"_links":{"self":[{"href":"https:\/\/etab.ac-reunion.fr\/clg-le-dimitile\/wp-json\/wp\/v2\/pages\/11687","targetHints":{"allow":["GET"]}}],"collection":[{"href":"https:\/\/etab.ac-reunion.fr\/clg-le-dimitile\/wp-json\/wp\/v2\/pages"}],"about":[{"href":"https:\/\/etab.ac-reunion.fr\/clg-le-dimitile\/wp-json\/wp\/v2\/types\/page"}],"author":[{"embeddable":true,"href":"https:\/\/etab.ac-reunion.fr\/clg-le-dimitile\/wp-json\/wp\/v2\/users\/19933"}],"replies":[{"embeddable":true,"href":"https:\/\/etab.ac-reunion.fr\/clg-le-dimitile\/wp-json\/wp\/v2\/comments?post=11687"}],"version-history":[{"count":10,"href":"https:\/\/etab.ac-reunion.fr\/clg-le-dimitile\/wp-json\/wp\/v2\/pages\/11687\/revisions"}],"predecessor-version":[{"id":11701,"href":"https:\/\/etab.ac-reunion.fr\/clg-le-dimitile\/wp-json\/wp\/v2\/pages\/11687\/revisions\/11701"}],"wp:attachment":[{"href":"https:\/\/etab.ac-reunion.fr\/clg-le-dimitile\/wp-json\/wp\/v2\/media?parent=11687"}],"curies":[{"name":"wp","href":"https:\/\/api.w.org\/{rel}","templated":true}]}}