{"id":14149,"date":"2023-12-12T15:52:35","date_gmt":"2023-12-12T11:52:35","guid":{"rendered":"https:\/\/etab.ac-reunion.fr\/clg-le-dimitile\/?page_id=14149"},"modified":"2025-08-21T15:55:32","modified_gmt":"2025-08-21T11:55:32","slug":"aide-pour-pronote-et-educonnect","status":"publish","type":"page","link":"https:\/\/etab.ac-reunion.fr\/clg-le-dimitile\/aide-pour-pronote-et-educonnect\/","title":{"rendered":"Aide Pour Pronote et Educonnect"},"content":{"rendered":"\n<p><strong>Proc\u00e9dure Pronote\/Educonnect pour une nouvelle rentr\u00e9e scolaire.<\/strong><\/p>\n\n\n\n<p class=\"has-text-align-left\"><strong><em>PRONOTE<\/em><\/strong><em>: Pronote est un logiciel *(<u>service num\u00e9rique<\/u>) de vie scolaire qui peut s&rsquo;int\u00e9grer \u00e0 l&rsquo;ENT.<\/em><\/p>\n\n\n\n<p class=\"has-text-align-left\"><strong><em>ENT<\/em><\/strong><em>: Espace Num\u00e9rique de Travail (ENT), d\u00e9signe un <u>ensemble int\u00e9gr\u00e9 de services num\u00e9riques<\/u> choisis et mis \u00e0 disposition des acteurs de la communaut\u00e9 \u00e9ducative. (\u00c9l\u00e8ves, parents, professeurs, personnel\u2026)<\/em><\/p>\n\n\n\n<p class=\"has-text-align-left\"><strong><em>Educonnect<\/em><\/strong><em> : Educonnect est un compte unique qui permet d&rsquo;acc\u00e9der \u00e0 un ensemble de services et d\u00e9marches en ligne pour suivre la scolarit\u00e9 de mes enfants.<\/em><\/p>\n\n\n\n<p><strong>1. El\u00e8ves<\/strong><\/p>\n\n\n\n<p>La connexion Pronote pour \u00e9l\u00e8ves se fait sur <a href=\"https:\/\/sso.ac-reunion.fr\/login\" target=\"_blank\" rel=\"noreferrer noopener\">M\u00e9tice<\/a><\/p>\n\n\n\n<p><a href=\"https:\/\/sso.ac-reunion.fr\/\" target=\"_blank\" rel=\"noreferrer noopener\">https:\/\/sso.ac-reunion.fr\/<\/a><\/p>\n\n\n\n<p>Les 6eme auront leurs identifiants et codes par le Tice en d\u00e9but d\u2019ann\u00e9e scolaire. Ils devront le garder dans un endroit s\u00fbr. (Carnet de liaison, Agenda, cahier de texte)<\/p>\n\n\n\n<p>Les 5e,4e,3eme gardent le m\u00eame mot de passe tout le long de leurs scolarit\u00e9*,<\/p>\n\n\n\n<p><em>(Sauf demande de r\u00e9initialisation de mot de passe, situation devant \u00eatre exceptionnelle)<\/em><\/p>\n\n\n\n<p><strong>2. Parents \/ Responsables<\/strong><\/p>\n\n\n\n<p>La connexion Pronote pour parents se fait sur <a href=\"https:\/\/educonnect.education.gouv.fr\/\" target=\"_blank\" rel=\"noreferrer noopener\">EDUCONNECT<\/a><\/p>\n\n\n\n<p><a href=\"https:\/\/educonnect.education.gouv.fr\/\" target=\"_blank\" rel=\"noreferrer noopener\">https:\/\/educonnect.education.gouv.fr\/<\/a><\/p>\n\n\n\n<p>Les responsables <strong><u>devront imp\u00e9rativement cr\u00e9er leurs espaces responsables sur Educonnect,<\/u><\/strong> pour suivre l\u2019\u00e9l\u00e8ve tout le long de sa scolarit\u00e9 (orientation, affectation, bourses\u2026)<\/p>\n\n\n\n<p>Pour cr\u00e9er un nouveau compte cliquez sur \u00ab <strong>Je n\u2019ai pas de compte<\/strong> \u00bb, conserver les identifiant.<\/p>\n\n\n\n<p>Si vous avez oubli\u00e9 vos identifiants\/mots de passe, cliquez sur les liens concern\u00e9s.<\/p>\n\n\n\n<figure class=\"wp-block-image size-large\"><img loading=\"lazy\" decoding=\"async\" width=\"1024\" height=\"714\" src=\"https:\/\/etab.ac-reunion.fr\/clg-le-dimitile\/wp-content\/uploads\/sites\/129\/2023\/12\/cas-educonnect-1024x714.png\" alt=\"\" class=\"wp-image-14150\" srcset=\"https:\/\/etab.ac-reunion.fr\/clg-le-dimitile\/wp-content\/uploads\/sites\/129\/2023\/12\/cas-educonnect-1024x714.png 1024w, https:\/\/etab.ac-reunion.fr\/clg-le-dimitile\/wp-content\/uploads\/sites\/129\/2023\/12\/cas-educonnect-300x209.png 300w, https:\/\/etab.ac-reunion.fr\/clg-le-dimitile\/wp-content\/uploads\/sites\/129\/2023\/12\/cas-educonnect-768x536.png 768w, https:\/\/etab.ac-reunion.fr\/clg-le-dimitile\/wp-content\/uploads\/sites\/129\/2023\/12\/cas-educonnect-150x105.png 150w, https:\/\/etab.ac-reunion.fr\/clg-le-dimitile\/wp-content\/uploads\/sites\/129\/2023\/12\/cas-educonnect.png 1243w\" sizes=\"auto, (max-width: 1024px) 100vw, 1024px\" \/><\/figure>\n\n\n\n<p>Une fois connect\u00e9, vous pouvez acc\u00e9der au compte Pronote de vos enfants, en cliquant sur l\u2019onglet<\/p>\n\n\n\n<p>\u00ab<strong> Mes Services<\/strong> \u00bb, et tout en bas \u00ab<strong> Acc\u00e9der \u00e0 l\u2019ENT<\/strong> \u00bb, ensuite cliquez sur l\u2019ic\u00f4ne <strong>Pronote.<\/strong><\/p>\n\n\n\n<p><em>Nb : Parents\/Responsable, Pour \u00e9tablir la synchronisation, vous devrez renseigner les informations exactes donn\u00e9 lors de l\u2019inscription de l\u2019\u00e9l\u00e8ve concern\u00e9. (Le\/les noms, le\/les pr\u00e9noms, le num\u00e9ro de tel renseign\u00e9)<\/em><\/p>\n\n\n\n<p>Une fois la 1ere connexion \u00e9tabli via navigateur internet, vous pourrez vous connecter au<\/p>\n\n\n\n<p>&#8211; <a href=\"https:\/\/www.index-education.com\/fr\/telecharger-pronote.php\" data-type=\"link\" data-id=\"https:\/\/www.index-education.com\/fr\/telecharger-pronote.php\" target=\"_blank\" rel=\"noreferrer noopener\">Client PRONOTE<\/a> sur Pc*<br>&#8211; Ou <a href=\"https:\/\/play.google.com\/store\/apps\/details?id=com.IndexEducation.Pronote&amp;hl=fr&amp;gl=US\" target=\"_blank\" rel=\"noreferrer noopener\">Pronote version Android<\/a> et\/ou <a href=\"https:\/\/apps.apple.com\/fr\/app\/pronote\/id1138223804\" target=\"_blank\" rel=\"noreferrer noopener\">Pronote App Store<\/a><\/p>\n\n\n\n<p>&#8211; Assurez-vous poss\u00e9der un logiciel a jour&nbsp;!<\/p>\n\n\n\n<p><em>Les connexions en client direct, sont utiles en cas de panne de l\u2019ENT (M\u00e9tice, site du coll\u00e8ge&#8230;)<\/em><\/p>\n\n\n\n<p><strong>PRONOTE Pour Smartphone \/ O\u00f9 est mon QR code&nbsp;?<\/strong><\/p>\n\n\n\n<p>Une fois la version Portable\/smartphone install\u00e9, vous devrez r\u00e9cup\u00e9rer le <strong>QR code<\/strong> disponible \u00e0 la 1ere connexion en cliquant sur le logo correspondant. (Voir ci-dessous)<\/p>\n\n\n\n<figure class=\"wp-block-image size-full\"><img loading=\"lazy\" decoding=\"async\" width=\"550\" height=\"139\" src=\"https:\/\/etab.ac-reunion.fr\/clg-le-dimitile\/wp-content\/uploads\/sites\/129\/2023\/12\/Qr-code-Pronote.png\" alt=\"\" class=\"wp-image-14151\" srcset=\"https:\/\/etab.ac-reunion.fr\/clg-le-dimitile\/wp-content\/uploads\/sites\/129\/2023\/12\/Qr-code-Pronote.png 550w, https:\/\/etab.ac-reunion.fr\/clg-le-dimitile\/wp-content\/uploads\/sites\/129\/2023\/12\/Qr-code-Pronote-300x76.png 300w, https:\/\/etab.ac-reunion.fr\/clg-le-dimitile\/wp-content\/uploads\/sites\/129\/2023\/12\/Qr-code-Pronote-150x38.png 150w\" sizes=\"auto, (max-width: 550px) 100vw, 550px\" \/><\/figure>\n\n\n\n<p>Cliquez et flashez* le QR code une fois demand\u00e9 dans l\u2019application<\/p>\n\n\n\n<p><em>&nbsp;&nbsp;&nbsp;&nbsp;&nbsp;&nbsp;&nbsp;&nbsp;&nbsp;&nbsp;&nbsp;&nbsp;&nbsp;&nbsp;&nbsp; Flasher = passez la cam\u00e9ra de l\u2019appareille photo au-dessus de l\u2019image affich\u00e9<\/em><\/p>\n\n\n\n<p>Un Code PIN \u00e0 4 chiffres vous sera demand\u00e9, <strong>ne le perdez pas !<\/strong><\/p>\n\n\n\n<p>&nbsp;&nbsp;&nbsp;&nbsp;&nbsp;&nbsp;&nbsp;&nbsp;&nbsp;&nbsp;&nbsp; (Vous pouvez le d\u00e9sactiver de suite dans les options)<\/p>\n\n\n\n<p><strong>Comment enlever mon code PIN et ne plus demander ?<\/strong><\/p>\n\n\n\n<p>Pour enlever le code pin, rendez-vous dans <strong>Mes donn\u00e9es, Compte, S\u00e9curisation des comptes<\/strong> et s\u00e9lectionner \u00ab&nbsp;Notification uniquement ou Aucune s\u00e9curit\u00e9 suppl\u00e9mentaire&nbsp;\u00bb<\/p>\n\n\n\n<figure class=\"wp-block-image size-large\"><img loading=\"lazy\" decoding=\"async\" width=\"1024\" height=\"319\" src=\"https:\/\/etab.ac-reunion.fr\/clg-le-dimitile\/wp-content\/uploads\/sites\/129\/2023\/12\/code-pin-1024x319.png\" alt=\"\" class=\"wp-image-14152\" srcset=\"https:\/\/etab.ac-reunion.fr\/clg-le-dimitile\/wp-content\/uploads\/sites\/129\/2023\/12\/code-pin-1024x319.png 1024w, https:\/\/etab.ac-reunion.fr\/clg-le-dimitile\/wp-content\/uploads\/sites\/129\/2023\/12\/code-pin-300x93.png 300w, https:\/\/etab.ac-reunion.fr\/clg-le-dimitile\/wp-content\/uploads\/sites\/129\/2023\/12\/code-pin-768x239.png 768w, https:\/\/etab.ac-reunion.fr\/clg-le-dimitile\/wp-content\/uploads\/sites\/129\/2023\/12\/code-pin-1536x478.png 1536w, https:\/\/etab.ac-reunion.fr\/clg-le-dimitile\/wp-content\/uploads\/sites\/129\/2023\/12\/code-pin-150x47.png 150w, https:\/\/etab.ac-reunion.fr\/clg-le-dimitile\/wp-content\/uploads\/sites\/129\/2023\/12\/code-pin.png 1618w\" sizes=\"auto, (max-width: 1024px) 100vw, 1024px\" \/><\/figure>\n\n\n\n<p><strong>PRONOTE Client PC\/ Ordinateur de bureau UNIQUEMENT<\/strong><\/p>\n\n\n\n<p>Au lancement du logiciel, renseignez votre \u00e9tablissement en utilisant les boutons,<\/p>\n\n\n\n<p>Chercher mon \u00e9tablissement \u00bb et Renseignez votre \u00e9tablissement,<\/p>\n\n\n\n<figure class=\"wp-block-image size-large\"><img loading=\"lazy\" decoding=\"async\" width=\"1024\" height=\"673\" src=\"https:\/\/etab.ac-reunion.fr\/clg-le-dimitile\/wp-content\/uploads\/sites\/129\/2023\/12\/etape-1-pronote-client-1024x673.png\" alt=\"\" class=\"wp-image-14153\" srcset=\"https:\/\/etab.ac-reunion.fr\/clg-le-dimitile\/wp-content\/uploads\/sites\/129\/2023\/12\/etape-1-pronote-client-1024x673.png 1024w, https:\/\/etab.ac-reunion.fr\/clg-le-dimitile\/wp-content\/uploads\/sites\/129\/2023\/12\/etape-1-pronote-client-300x197.png 300w, https:\/\/etab.ac-reunion.fr\/clg-le-dimitile\/wp-content\/uploads\/sites\/129\/2023\/12\/etape-1-pronote-client-768x505.png 768w, https:\/\/etab.ac-reunion.fr\/clg-le-dimitile\/wp-content\/uploads\/sites\/129\/2023\/12\/etape-1-pronote-client-150x99.png 150w, https:\/\/etab.ac-reunion.fr\/clg-le-dimitile\/wp-content\/uploads\/sites\/129\/2023\/12\/etape-1-pronote-client.png 1274w\" sizes=\"auto, (max-width: 1024px) 100vw, 1024px\" \/><\/figure>\n\n\n\n<p><strong>&nbsp; Si erreur : Veuillez renseigner les informations ci-dessous<br><br><\/strong><\/p>\n\n\n\n<p><strong>Adresse\/IP : <\/strong>9740006N.index-education.net<\/p>\n\n\n\n<p><strong>Port TCP : <\/strong>49300<\/p>\n\n\n\n<p><strong>D\u00e9signation du serveur : <\/strong>Coll\u00e8ge le Dimitile<\/p>\n\n\n\n<figure class=\"wp-block-image size-large\"><img loading=\"lazy\" decoding=\"async\" width=\"1024\" height=\"663\" src=\"https:\/\/etab.ac-reunion.fr\/clg-le-dimitile\/wp-content\/uploads\/sites\/129\/2023\/12\/etape-alternative-pronote-client-1024x663.png\" alt=\"\" class=\"wp-image-14154\" srcset=\"https:\/\/etab.ac-reunion.fr\/clg-le-dimitile\/wp-content\/uploads\/sites\/129\/2023\/12\/etape-alternative-pronote-client-1024x663.png 1024w, https:\/\/etab.ac-reunion.fr\/clg-le-dimitile\/wp-content\/uploads\/sites\/129\/2023\/12\/etape-alternative-pronote-client-300x194.png 300w, https:\/\/etab.ac-reunion.fr\/clg-le-dimitile\/wp-content\/uploads\/sites\/129\/2023\/12\/etape-alternative-pronote-client-768x498.png 768w, https:\/\/etab.ac-reunion.fr\/clg-le-dimitile\/wp-content\/uploads\/sites\/129\/2023\/12\/etape-alternative-pronote-client-150x97.png 150w, https:\/\/etab.ac-reunion.fr\/clg-le-dimitile\/wp-content\/uploads\/sites\/129\/2023\/12\/etape-alternative-pronote-client.png 1275w\" sizes=\"auto, (max-width: 1024px) 100vw, 1024px\" \/><\/figure>\n\n\n\n<p>Ces param\u00e8tres resteront enregistr\u00e9s pour vos futures connexions.<\/p>\n\n\n\n<p><br>Il ne vous reste plus qu\u2019\u00e0 vous connectez-vous \u00e0 l\u2019espace concern\u00e9e avec vos identifiant.<\/p>\n\n\n\n<p><\/p>\n","protected":false},"excerpt":{"rendered":"<p>Proc\u00e9dure Pronote\/Educonnect pour une nouvelle rentr\u00e9e scolaire. PRONOTE: Pronote est un logiciel *(service num\u00e9rique) de vie scolaire qui peut s&rsquo;int\u00e9grer \u00e0 l&rsquo;ENT. ENT: Espace Num\u00e9rique de Travail (ENT), d\u00e9signe un ensemble int\u00e9gr\u00e9 de services num\u00e9riques choisis et mis \u00e0 disposition des acteurs de la communaut\u00e9 \u00e9ducative. (\u00c9l\u00e8ves, parents, professeurs, personnel\u2026)\u2026<\/p>\n<p class=\"continue-reading-button\"> <a class=\"continue-reading-link\" href=\"https:\/\/etab.ac-reunion.fr\/clg-le-dimitile\/aide-pour-pronote-et-educonnect\/\">Lire la suite<i class=\"crycon-right-dir\"><\/i><\/a><\/p>\n","protected":false},"author":32994,"featured_media":0,"parent":0,"menu_order":0,"comment_status":"closed","ping_status":"closed","template":"","meta":{"footnotes":""},"class_list":["post-14149","page","type-page","status-publish","hentry"],"_links":{"self":[{"href":"https:\/\/etab.ac-reunion.fr\/clg-le-dimitile\/wp-json\/wp\/v2\/pages\/14149","targetHints":{"allow":["GET"]}}],"collection":[{"href":"https:\/\/etab.ac-reunion.fr\/clg-le-dimitile\/wp-json\/wp\/v2\/pages"}],"about":[{"href":"https:\/\/etab.ac-reunion.fr\/clg-le-dimitile\/wp-json\/wp\/v2\/types\/page"}],"author":[{"embeddable":true,"href":"https:\/\/etab.ac-reunion.fr\/clg-le-dimitile\/wp-json\/wp\/v2\/users\/32994"}],"replies":[{"embeddable":true,"href":"https:\/\/etab.ac-reunion.fr\/clg-le-dimitile\/wp-json\/wp\/v2\/comments?post=14149"}],"version-history":[{"count":5,"href":"https:\/\/etab.ac-reunion.fr\/clg-le-dimitile\/wp-json\/wp\/v2\/pages\/14149\/revisions"}],"predecessor-version":[{"id":14459,"href":"https:\/\/etab.ac-reunion.fr\/clg-le-dimitile\/wp-json\/wp\/v2\/pages\/14149\/revisions\/14459"}],"wp:attachment":[{"href":"https:\/\/etab.ac-reunion.fr\/clg-le-dimitile\/wp-json\/wp\/v2\/media?parent=14149"}],"curies":[{"name":"wp","href":"https:\/\/api.w.org\/{rel}","templated":true}]}}