{"id":14156,"date":"2023-12-13T09:34:15","date_gmt":"2023-12-13T05:34:15","guid":{"rendered":"https:\/\/etab.ac-reunion.fr\/clg-le-dimitile\/?page_id=14156"},"modified":"2025-12-12T09:25:46","modified_gmt":"2025-12-12T05:25:46","slug":"educonnect","status":"publish","type":"page","link":"https:\/\/etab.ac-reunion.fr\/clg-le-dimitile\/educonnect\/","title":{"rendered":"Educonnect"},"content":{"rendered":"\n<div class=\"wp-block-group\"><div class=\"wp-block-group__inner-container is-layout-constrained wp-block-group-is-layout-constrained\">\n<div class=\"wp-block-columns is-layout-flex wp-container-core-columns-is-layout-9d6595d7 wp-block-columns-is-layout-flex\">\n<div class=\"wp-block-column is-layout-flow wp-block-column-is-layout-flow\" style=\"flex-basis:100%\">\n<div class=\"wp-block-group is-vertical is-layout-flex wp-container-core-group-is-layout-8cf370e7 wp-block-group-is-layout-flex\">\n<p><strong>Parents \/ Responsables<\/strong><\/p>\n\n\n\n<p>La connexion Pronote pour parents se fais sur&nbsp;<a href=\"https:\/\/educonnect.education.gouv.fr\/\" target=\"_blank\" rel=\"noreferrer noopener\">EDUCONNECT<\/a><\/p>\n\n\n\n<p><a href=\"https:\/\/educonnect.education.gouv.fr\/\">https:\/\/educonnect.education.gouv.fr\/<\/a><\/p>\n\n\n\n<p>Les responsables&nbsp;<strong><u>devront imp\u00e9rativement cr\u00e9er leurs espaces responsables sur Educonnect,<\/u><\/strong>&nbsp;pour suivre l\u2019\u00e9l\u00e8ve tout le long de sa scolarit\u00e9 (orientation, affectation, bourses\u2026)<\/p>\n\n\n\n<p>Pour cr\u00e9e un nouveau compte cliquez sur \u00ab Je n\u2019ai pas de compte \u00bb, conserver les identifiant.<\/p>\n\n\n\n<p>Si vous avez oubli\u00e9 vos identifiants\/mots de passe, cliquez sur les liens concern\u00e9s.<\/p>\n\n\n\n<p><a href=\"https:\/\/etab.ac-reunion.fr\/clg-le-dimitile\/aide-pour-pronote-et-educonnect\/\" data-type=\"link\" data-id=\"https:\/\/etab.ac-reunion.fr\/clg-le-dimitile\/aide-pour-pronote-et-educonnect\/\">plus d&rsquo;aide ici !<\/a><\/p>\n<\/div>\n<\/div>\n<\/div>\n<\/div><\/div>\n\n\n\n<h2 class=\"wp-block-heading has-text-align-center\" id=\"edugouv-summary-item-0\">\u00c0 quoi sert EduConnect&nbsp;?<\/h2>\n\n\n\n<p><\/p>\n\n\n\n<p>Le compte unique EduConnect remplace les identifiants et mot de passe utilis\u00e9s jusqu\u2019\u00e0 pr\u00e9sent par les \u00e9l\u00e8ves et leurs parents.&nbsp;Il<strong>&nbsp;simplifie pour les parents l\u2019acc\u00e8s au suivi et \u00e0 l\u2019accompagnement de la scolarit\u00e9 des enfants et donne acc\u00e8s pour les \u00e9l\u00e8ves \u00e0 l\u2019ensemble des services num\u00e9riques de l\u2019\u00e9cole au lyc\u00e9e.<\/strong><\/p>\n\n\n\n<p>Articul\u00e9 avec le syst\u00e8me FranceConnect, le compte EduConnect&nbsp;permet l&rsquo;acc\u00e8s&nbsp;:<\/p>\n\n\n\n<ul class=\"wp-block-list\">\n<li>au<strong>&nbsp;portail Scolarit\u00e9 Services&nbsp;<\/strong>du minist\u00e8re \u00e0 l\u2019adresse&nbsp;<a href=\"https:\/\/teleservices.education.gouv.fr\/\" target=\"_blank\" rel=\"noreferrer noopener\">teleservices.education.gouv.fr<\/a>&nbsp;pour effectuer des d\u00e9marches en ligne (par exemple demandes de bourses, orientation, inscription) ou consulter le livret scolaire ;<\/li>\n\n\n\n<li>\u00e0 l\u2019<strong>espace num\u00e9rique de travail (ENT)<\/strong>&nbsp;de l\u2019\u00e9tablissement ou d\u2019autres services (se renseigner aupr\u00e8s de l\u2019\u00e9tablissement).<\/li>\n<\/ul>\n\n\n\n<div class=\"wp-block-cover\" style=\"min-height:1054px;aspect-ratio:unset;\"><span aria-hidden=\"true\" class=\"wp-block-cover__background has-background-dim\"><\/span><div class=\"wp-block-cover__inner-container is-layout-flow wp-block-cover-is-layout-flow\">\n<div class=\"wp-block-group\"><div class=\"wp-block-group__inner-container is-layout-constrained wp-block-group-is-layout-constrained\">\n<div data-wp-interactive=\"core\/file\" class=\"wp-block-file\"><object data-wp-bind--hidden=\"!state.hasPdfPreview\" hidden class=\"wp-block-file__embed\" data=\"https:\/\/etab.ac-reunion.fr\/clg-le-dimitile\/wp-content\/uploads\/sites\/129\/2023\/12\/2021_Educonnect-infographie.pdf\" type=\"application\/pdf\" style=\"width:100%;height:810px\" aria-label=\"Contenu embarqu\u00e9 2021_Educonnect-infographie.\"><\/object><a id=\"wp-block-file--media-3164893c-eb7f-445f-bb58-8c50eb704104\" href=\"https:\/\/etab.ac-reunion.fr\/clg-le-dimitile\/wp-content\/uploads\/sites\/129\/2023\/12\/2021_Educonnect-infographie.pdf\">2021_Educonnect-infographie<\/a><a href=\"https:\/\/etab.ac-reunion.fr\/clg-le-dimitile\/wp-content\/uploads\/sites\/129\/2023\/12\/2021_Educonnect-infographie.pdf\" class=\"wp-block-file__button wp-element-button\" download aria-describedby=\"wp-block-file--media-3164893c-eb7f-445f-bb58-8c50eb704104\">T\u00e9l\u00e9charger<\/a><\/div>\n<\/div><\/div>\n<\/div><\/div>\n","protected":false},"excerpt":{"rendered":"<p>Parents \/ Responsables La connexion Pronote pour parents se fais sur&nbsp;EDUCONNECT https:\/\/educonnect.education.gouv.fr\/ Les responsables&nbsp;devront imp\u00e9rativement cr\u00e9er leurs espaces responsables sur Educonnect,&nbsp;pour suivre l\u2019\u00e9l\u00e8ve tout le long de sa scolarit\u00e9 (orientation, affectation, bourses\u2026) Pour cr\u00e9e un nouveau compte cliquez sur \u00ab Je n\u2019ai pas de compte \u00bb, conserver les identifiant. Si\u2026<\/p>\n<p class=\"continue-reading-button\"> <a class=\"continue-reading-link\" href=\"https:\/\/etab.ac-reunion.fr\/clg-le-dimitile\/educonnect\/\">Lire la suite<i class=\"crycon-right-dir\"><\/i><\/a><\/p>\n","protected":false},"author":32994,"featured_media":0,"parent":0,"menu_order":0,"comment_status":"closed","ping_status":"closed","template":"","meta":{"footnotes":""},"class_list":["post-14156","page","type-page","status-publish","hentry"],"_links":{"self":[{"href":"https:\/\/etab.ac-reunion.fr\/clg-le-dimitile\/wp-json\/wp\/v2\/pages\/14156","targetHints":{"allow":["GET"]}}],"collection":[{"href":"https:\/\/etab.ac-reunion.fr\/clg-le-dimitile\/wp-json\/wp\/v2\/pages"}],"about":[{"href":"https:\/\/etab.ac-reunion.fr\/clg-le-dimitile\/wp-json\/wp\/v2\/types\/page"}],"author":[{"embeddable":true,"href":"https:\/\/etab.ac-reunion.fr\/clg-le-dimitile\/wp-json\/wp\/v2\/users\/32994"}],"replies":[{"embeddable":true,"href":"https:\/\/etab.ac-reunion.fr\/clg-le-dimitile\/wp-json\/wp\/v2\/comments?post=14156"}],"version-history":[{"count":11,"href":"https:\/\/etab.ac-reunion.fr\/clg-le-dimitile\/wp-json\/wp\/v2\/pages\/14156\/revisions"}],"predecessor-version":[{"id":14572,"href":"https:\/\/etab.ac-reunion.fr\/clg-le-dimitile\/wp-json\/wp\/v2\/pages\/14156\/revisions\/14572"}],"wp:attachment":[{"href":"https:\/\/etab.ac-reunion.fr\/clg-le-dimitile\/wp-json\/wp\/v2\/media?parent=14156"}],"curies":[{"name":"wp","href":"https:\/\/api.w.org\/{rel}","templated":true}]}}