{"id":14181,"date":"2023-12-13T11:25:04","date_gmt":"2023-12-13T07:25:04","guid":{"rendered":"https:\/\/etab.ac-reunion.fr\/clg-le-dimitile\/?page_id=14181"},"modified":"2023-12-13T11:25:05","modified_gmt":"2023-12-13T07:25:05","slug":"liste-des-ateliers-pour-lannee-2023-2024","status":"publish","type":"page","link":"https:\/\/etab.ac-reunion.fr\/clg-le-dimitile\/liste-des-ateliers-pour-lannee-2023-2024\/","title":{"rendered":"Liste des ateliers pour l&rsquo;ann\u00e9e 2023 -2024"},"content":{"rendered":"\n<p class=\"has-text-align-center\"><strong>Atelier \u00e9loquence &#8211; Slam -RAP<\/strong><\/p>\n\n\n\n<p class=\"has-text-align-center\"><strong>Atelier G\u00e9n\u00e9alogie<\/strong><\/p>\n\n\n\n<p class=\"has-text-align-center\"><strong>Atelier Journal<\/strong><\/p>\n\n\n\n<p class=\"has-text-align-center\"><strong>Atelier Club CDI<\/strong><\/p>\n\n\n\n<p class=\"has-text-align-center\"><strong>Atelier Couture<\/strong><\/p>\n\n\n\n<p class=\"has-text-align-center\"><strong>Atelier Maquettes<\/strong><\/p>\n\n\n\n<p class=\"has-text-align-center\"><strong>Atelier Informatique<\/strong><\/p>\n\n\n\n<p>Pour vous inscrire, adressez-vous \u00e0 de la vie scolaire <\/p>\n","protected":false},"excerpt":{"rendered":"<p>Atelier \u00e9loquence &#8211; Slam -RAP Atelier G\u00e9n\u00e9alogie Atelier Journal Atelier Club CDI Atelier Couture Atelier Maquettes Atelier Informatique Pour vous inscrire, adressez-vous \u00e0 de la vie scolaire<\/p>\n<p class=\"continue-reading-button\"> <a class=\"continue-reading-link\" href=\"https:\/\/etab.ac-reunion.fr\/clg-le-dimitile\/liste-des-ateliers-pour-lannee-2023-2024\/\">Lire la suite<i class=\"crycon-right-dir\"><\/i><\/a><\/p>\n","protected":false},"author":32994,"featured_media":0,"parent":0,"menu_order":0,"comment_status":"closed","ping_status":"closed","template":"","meta":{"footnotes":""},"class_list":["post-14181","page","type-page","status-publish","hentry"],"_links":{"self":[{"href":"https:\/\/etab.ac-reunion.fr\/clg-le-dimitile\/wp-json\/wp\/v2\/pages\/14181","targetHints":{"allow":["GET"]}}],"collection":[{"href":"https:\/\/etab.ac-reunion.fr\/clg-le-dimitile\/wp-json\/wp\/v2\/pages"}],"about":[{"href":"https:\/\/etab.ac-reunion.fr\/clg-le-dimitile\/wp-json\/wp\/v2\/types\/page"}],"author":[{"embeddable":true,"href":"https:\/\/etab.ac-reunion.fr\/clg-le-dimitile\/wp-json\/wp\/v2\/users\/32994"}],"replies":[{"embeddable":true,"href":"https:\/\/etab.ac-reunion.fr\/clg-le-dimitile\/wp-json\/wp\/v2\/comments?post=14181"}],"version-history":[{"count":1,"href":"https:\/\/etab.ac-reunion.fr\/clg-le-dimitile\/wp-json\/wp\/v2\/pages\/14181\/revisions"}],"predecessor-version":[{"id":14182,"href":"https:\/\/etab.ac-reunion.fr\/clg-le-dimitile\/wp-json\/wp\/v2\/pages\/14181\/revisions\/14182"}],"wp:attachment":[{"href":"https:\/\/etab.ac-reunion.fr\/clg-le-dimitile\/wp-json\/wp\/v2\/media?parent=14181"}],"curies":[{"name":"wp","href":"https:\/\/api.w.org\/{rel}","templated":true}]}}