{"id":14231,"date":"2024-01-30T10:02:44","date_gmt":"2024-01-30T06:02:44","guid":{"rendered":"https:\/\/etab.ac-reunion.fr\/clg-le-dimitile\/?page_id=14231"},"modified":"2025-12-12T09:23:53","modified_gmt":"2025-12-12T05:23:53","slug":"erasmus","status":"publish","type":"page","link":"https:\/\/etab.ac-reunion.fr\/clg-le-dimitile\/erasmus\/","title":{"rendered":"ERASMUS +"},"content":{"rendered":"<div class=\"wp-block-image\">\n<figure class=\"aligncenter size-full is-resized\"><img loading=\"lazy\" decoding=\"async\" width=\"667\" height=\"667\" src=\"https:\/\/etab.ac-reunion.fr\/clg-le-dimitile\/wp-content\/uploads\/sites\/129\/2024\/01\/image-1.jpg\" alt=\"\" class=\"wp-image-14229\" style=\"width:320px;height:auto\" srcset=\"https:\/\/etab.ac-reunion.fr\/clg-le-dimitile\/wp-content\/uploads\/sites\/129\/2024\/01\/image-1.jpg 667w, https:\/\/etab.ac-reunion.fr\/clg-le-dimitile\/wp-content\/uploads\/sites\/129\/2024\/01\/image-1-300x300.jpg 300w, https:\/\/etab.ac-reunion.fr\/clg-le-dimitile\/wp-content\/uploads\/sites\/129\/2024\/01\/image-1-150x150.jpg 150w\" sizes=\"auto, (max-width: 667px) 100vw, 667px\" \/><\/figure>\n<\/div>\n\n\n<p class=\"has-text-align-left\"><strong>Le Programme Erasmus+<\/strong> (<strong>EuRopean Action Scheme for the Mobility of University Students<\/strong>), <strong>donne la possibilit\u00e9 de s\u00e9journer \u00e0 l\u2019\u00e9tranger pour renforcer connaissances, comp\u00e9tences et employabilit\u00e9<\/strong><\/p>\n\n\n\n<p>Il s\u2019adresse aux \u00e9l\u00e8ves, \u00e9tudiants, stagiaires, apprentis, enseignants, formateurs, personnels, demandeurs d\u2019emploi, jeunes, etc. dans le cadre des \u00e9tudes, de stages ou de volontariat.<\/p>\n\n\n\n<p>Le Programme Erasmus+ permet de d\u00e9velopper des mobilit\u00e9s d\u2019apprentissage et des partenariats en Europe, mais aussi dans le monde.<\/p>\n\n\n\n<p>Il permet de partager les savoir-faire et d\u2019innover dans les domaines de l\u2019\u00e9ducation, de la formation, de la jeunesse et du sport.<\/p>\n\n\n\n<p>Erasmus+ renforce l\u2019identit\u00e9 europ\u00e9enne en favorisant la mobilit\u00e9 et les \u00e9changes interculturels<\/p>\n\n\n\n<p>Il permet aux participants de d\u00e9velopper des comp\u00e9tences linguistiques, d\u2019acqu\u00e9rir une exp\u00e9rience internationale et de mieux comprendre les autres cultures europ\u00e9ennes, contribuant ainsi \u00e0 la coh\u00e9sion sociale et \u00e0 la citoyennet\u00e9 active.<\/p>\n\n\n\n<p>Au global, les personnes ayant b\u00e9n\u00e9fici\u00e9 du programme Erasmus+ d\u00e9clarent se sentir davantage attach\u00e9es \u00e0 l\u2019Union europ\u00e9enne et confirment un renforcement de leurs comp\u00e9tences linguistiques, professionnelles et transversales.<\/p>\n\n\n\n<p>Au coll\u00e8ge Capitaine Dimitile, depuis 2015, les \u00e9l\u00e8ves sont acteurs de l\u2019ouverture internationale, en participant \u00e0 des projets Erasmus+ et en enrichissant leurs comp\u00e9tences au contact d\u2019autres \u00e9l\u00e8ves shetlandais, espagnols, suisses, portugais et bient\u00f4t hongrois.<\/p>\n\n\n\n<p><\/p>\n","protected":false},"excerpt":{"rendered":"<p>Le Programme Erasmus+ (EuRopean Action Scheme for the Mobility of University Students), donne la possibilit\u00e9 de s\u00e9journer \u00e0 l\u2019\u00e9tranger pour renforcer connaissances, comp\u00e9tences et employabilit\u00e9 Il s\u2019adresse aux \u00e9l\u00e8ves, \u00e9tudiants, stagiaires, apprentis, enseignants, formateurs, personnels, demandeurs d\u2019emploi, jeunes, etc. dans le cadre des \u00e9tudes, de stages ou de volontariat. Le\u2026<\/p>\n<p class=\"continue-reading-button\"> <a class=\"continue-reading-link\" href=\"https:\/\/etab.ac-reunion.fr\/clg-le-dimitile\/erasmus\/\">Lire la suite<i class=\"crycon-right-dir\"><\/i><\/a><\/p>\n","protected":false},"author":32994,"featured_media":14229,"parent":0,"menu_order":0,"comment_status":"closed","ping_status":"closed","template":"","meta":{"footnotes":""},"class_list":["post-14231","page","type-page","status-publish","has-post-thumbnail","hentry"],"_links":{"self":[{"href":"https:\/\/etab.ac-reunion.fr\/clg-le-dimitile\/wp-json\/wp\/v2\/pages\/14231","targetHints":{"allow":["GET"]}}],"collection":[{"href":"https:\/\/etab.ac-reunion.fr\/clg-le-dimitile\/wp-json\/wp\/v2\/pages"}],"about":[{"href":"https:\/\/etab.ac-reunion.fr\/clg-le-dimitile\/wp-json\/wp\/v2\/types\/page"}],"author":[{"embeddable":true,"href":"https:\/\/etab.ac-reunion.fr\/clg-le-dimitile\/wp-json\/wp\/v2\/users\/32994"}],"replies":[{"embeddable":true,"href":"https:\/\/etab.ac-reunion.fr\/clg-le-dimitile\/wp-json\/wp\/v2\/comments?post=14231"}],"version-history":[{"count":4,"href":"https:\/\/etab.ac-reunion.fr\/clg-le-dimitile\/wp-json\/wp\/v2\/pages\/14231\/revisions"}],"predecessor-version":[{"id":14566,"href":"https:\/\/etab.ac-reunion.fr\/clg-le-dimitile\/wp-json\/wp\/v2\/pages\/14231\/revisions\/14566"}],"wp:featuredmedia":[{"embeddable":true,"href":"https:\/\/etab.ac-reunion.fr\/clg-le-dimitile\/wp-json\/wp\/v2\/media\/14229"}],"wp:attachment":[{"href":"https:\/\/etab.ac-reunion.fr\/clg-le-dimitile\/wp-json\/wp\/v2\/media?parent=14231"}],"curies":[{"name":"wp","href":"https:\/\/api.w.org\/{rel}","templated":true}]}}