{"id":14260,"date":"2024-01-30T10:58:58","date_gmt":"2024-01-30T06:58:58","guid":{"rendered":"https:\/\/etab.ac-reunion.fr\/clg-le-dimitile\/?page_id=14260"},"modified":"2024-01-30T11:06:27","modified_gmt":"2024-01-30T07:06:27","slug":"aire-terrestre-educative-6-decembre-2023-sortie-des-ecodelegues-au-bassin-sassa","status":"publish","type":"page","link":"https:\/\/etab.ac-reunion.fr\/clg-le-dimitile\/aire-terrestre-educative-6-decembre-2023-sortie-des-ecodelegues-au-bassin-sassa\/","title":{"rendered":"Aire Terrestre Educative\u00a0: 6 d\u00e9cembre 2023\u00a0: sortie des \u00e9cod\u00e9l\u00e9gu\u00e9s au Bassin Sassa"},"content":{"rendered":"\n<p>Apr\u00e8s une ann\u00e9e de d\u00e9couverte du fonctionnement d&rsquo;une ATE et de collaboration avec l&rsquo;\u00e9cole primaire des Aliz\u00e9es \u00e0 la Ravine des citrons de l&rsquo;Entre Deux sur l&rsquo;ATE du Bras de la Plaine, les \u00e9cod\u00e9l\u00e9gu\u00e9s du coll\u00e8ge Le Dimitile mettent en place cette ann\u00e9e leur propre Aire Terrestre Educative. Avec Aur\u00e9lie Grondin de l&rsquo;association O&rsquo;Sph\u00e8re, ils ont choisi le lit de la ravine Sassa pour mener leur action.<\/p>\n\n\n\n<p>Le 6 d\u00e9cembre 2023, pour la premi\u00e8re sortie sur le terrain, ils se sont rendus au Bassin Sassa afin de d\u00e9limiter l&rsquo;aire de protection. Les \u00e9cod\u00e9legu\u00e9s, accompagn\u00e9s du professeur r\u00e9f\u00e9rent EDD, M. Berthelier, de la pr\u00e9sidente de l&rsquo;association O&rsquo;Sph\u00e8re et d&rsquo;Olivier de l&rsquo;association Plant a li, ont identifi\u00e9 les esp\u00e8ces pr\u00e9sentes: Pl\u00e9co, libellules, punaises d&rsquo;eau, crapauds\u2026 Ils ont \u00e9galement pu constater que de nombreuses plantes exotiques, parfois envahissantes, garnissaient les rives de la ravine Sassa. Ils ont tout de m\u00eame eu la joie de trouver un bois de gaulette, esp\u00e8ce end\u00e9mique de La R\u00e9union. Les \u00e9cod\u00e9l\u00e9gu\u00e9s sont rentr\u00e9s au coll\u00e8ge satisfait du travail accompli et impatients de poursuivre leurs actions pour la pr\u00e9servation de la biodiversit\u00e9.<\/p>\n\n\n\n<figure class=\"wp-block-embed is-type-wp-embed is-provider-podeduc wp-block-embed-podeduc\"><div class=\"wp-block-embed__wrapper\">\n<iframe loading=\"lazy\" class=\"wp-embedded-content\" sandbox=\"allow-scripts\" security=\"restricted\" title=\"ATE Decembre 23.mp4\" src=\"https:\/\/podeduc.apps.education.fr\/video\/35037-ate-decembre-23mp4\/?is_iframe=true#?secret=wrA7Z1gvRl\" data-secret=\"wrA7Z1gvRl\" width=\"640\" height=\"360\"><\/iframe>\n<\/div><figcaption class=\"wp-element-caption\"><a href=\"https:\/\/podeduc.apps.education.fr\/video\/35037-ate-decembre-23mp4\/\" data-type=\"link\" data-id=\"https:\/\/podeduc.apps.education.fr\/video\/35037-ate-decembre-23mp4\/\">https:\/\/podeduc.apps.education.fr\/video\/35037-ate-decembre-23mp4\/<\/a><\/figcaption><\/figure>\n\n\n\n<figure class=\"wp-block-image size-large\"><img loading=\"lazy\" decoding=\"async\" width=\"1024\" height=\"684\" src=\"https:\/\/etab.ac-reunion.fr\/clg-le-dimitile\/wp-content\/uploads\/sites\/129\/2024\/01\/ATE-Bassin-Sassa-Dec-23-1024x684.jpg\" alt=\"\" class=\"wp-image-14247\" srcset=\"https:\/\/etab.ac-reunion.fr\/clg-le-dimitile\/wp-content\/uploads\/sites\/129\/2024\/01\/ATE-Bassin-Sassa-Dec-23-1024x684.jpg 1024w, https:\/\/etab.ac-reunion.fr\/clg-le-dimitile\/wp-content\/uploads\/sites\/129\/2024\/01\/ATE-Bassin-Sassa-Dec-23-300x200.jpg 300w, https:\/\/etab.ac-reunion.fr\/clg-le-dimitile\/wp-content\/uploads\/sites\/129\/2024\/01\/ATE-Bassin-Sassa-Dec-23-768x513.jpg 768w, https:\/\/etab.ac-reunion.fr\/clg-le-dimitile\/wp-content\/uploads\/sites\/129\/2024\/01\/ATE-Bassin-Sassa-Dec-23-1536x1026.jpg 1536w, https:\/\/etab.ac-reunion.fr\/clg-le-dimitile\/wp-content\/uploads\/sites\/129\/2024\/01\/ATE-Bassin-Sassa-Dec-23-150x100.jpg 150w, https:\/\/etab.ac-reunion.fr\/clg-le-dimitile\/wp-content\/uploads\/sites\/129\/2024\/01\/ATE-Bassin-Sassa-Dec-23.jpg 1959w\" sizes=\"auto, (max-width: 1024px) 100vw, 1024px\" \/><\/figure>\n\n\n\n<figure class=\"wp-block-image size-large\"><img loading=\"lazy\" decoding=\"async\" width=\"584\" height=\"1024\" src=\"https:\/\/etab.ac-reunion.fr\/clg-le-dimitile\/wp-content\/uploads\/sites\/129\/2024\/01\/ATE-Bassin-Sassa-Dec-23-2-584x1024.jpg\" alt=\"\" class=\"wp-image-14250\" srcset=\"https:\/\/etab.ac-reunion.fr\/clg-le-dimitile\/wp-content\/uploads\/sites\/129\/2024\/01\/ATE-Bassin-Sassa-Dec-23-2-584x1024.jpg 584w, https:\/\/etab.ac-reunion.fr\/clg-le-dimitile\/wp-content\/uploads\/sites\/129\/2024\/01\/ATE-Bassin-Sassa-Dec-23-2-171x300.jpg 171w, https:\/\/etab.ac-reunion.fr\/clg-le-dimitile\/wp-content\/uploads\/sites\/129\/2024\/01\/ATE-Bassin-Sassa-Dec-23-2-768x1347.jpg 768w, https:\/\/etab.ac-reunion.fr\/clg-le-dimitile\/wp-content\/uploads\/sites\/129\/2024\/01\/ATE-Bassin-Sassa-Dec-23-2-875x1536.jpg 875w, https:\/\/etab.ac-reunion.fr\/clg-le-dimitile\/wp-content\/uploads\/sites\/129\/2024\/01\/ATE-Bassin-Sassa-Dec-23-2-1167x2048.jpg 1167w, https:\/\/etab.ac-reunion.fr\/clg-le-dimitile\/wp-content\/uploads\/sites\/129\/2024\/01\/ATE-Bassin-Sassa-Dec-23-2-85x150.jpg 85w, https:\/\/etab.ac-reunion.fr\/clg-le-dimitile\/wp-content\/uploads\/sites\/129\/2024\/01\/ATE-Bassin-Sassa-Dec-23-2-scaled.jpg 1459w\" sizes=\"auto, (max-width: 584px) 100vw, 584px\" \/><\/figure>\n\n\n\n<figure class=\"wp-block-image size-large\"><img loading=\"lazy\" decoding=\"async\" width=\"581\" height=\"1024\" src=\"https:\/\/etab.ac-reunion.fr\/clg-le-dimitile\/wp-content\/uploads\/sites\/129\/2024\/01\/ATE-Bassin-Sassa-Dec-23-4-581x1024.jpg\" alt=\"\" class=\"wp-image-14248\" srcset=\"https:\/\/etab.ac-reunion.fr\/clg-le-dimitile\/wp-content\/uploads\/sites\/129\/2024\/01\/ATE-Bassin-Sassa-Dec-23-4-581x1024.jpg 581w, https:\/\/etab.ac-reunion.fr\/clg-le-dimitile\/wp-content\/uploads\/sites\/129\/2024\/01\/ATE-Bassin-Sassa-Dec-23-4-170x300.jpg 170w, https:\/\/etab.ac-reunion.fr\/clg-le-dimitile\/wp-content\/uploads\/sites\/129\/2024\/01\/ATE-Bassin-Sassa-Dec-23-4-768x1354.jpg 768w, https:\/\/etab.ac-reunion.fr\/clg-le-dimitile\/wp-content\/uploads\/sites\/129\/2024\/01\/ATE-Bassin-Sassa-Dec-23-4-871x1536.jpg 871w, https:\/\/etab.ac-reunion.fr\/clg-le-dimitile\/wp-content\/uploads\/sites\/129\/2024\/01\/ATE-Bassin-Sassa-Dec-23-4-1162x2048.jpg 1162w, https:\/\/etab.ac-reunion.fr\/clg-le-dimitile\/wp-content\/uploads\/sites\/129\/2024\/01\/ATE-Bassin-Sassa-Dec-23-4-85x150.jpg 85w, https:\/\/etab.ac-reunion.fr\/clg-le-dimitile\/wp-content\/uploads\/sites\/129\/2024\/01\/ATE-Bassin-Sassa-Dec-23-4-scaled.jpg 1452w\" sizes=\"auto, (max-width: 581px) 100vw, 581px\" \/><\/figure>\n\n\n\n<figure class=\"wp-block-image size-large\"><img loading=\"lazy\" decoding=\"async\" width=\"582\" height=\"1024\" src=\"https:\/\/etab.ac-reunion.fr\/clg-le-dimitile\/wp-content\/uploads\/sites\/129\/2024\/01\/ATE-Bassin-Sassa-Dec-23-3-582x1024.jpg\" alt=\"\" class=\"wp-image-14249\" srcset=\"https:\/\/etab.ac-reunion.fr\/clg-le-dimitile\/wp-content\/uploads\/sites\/129\/2024\/01\/ATE-Bassin-Sassa-Dec-23-3-582x1024.jpg 582w, https:\/\/etab.ac-reunion.fr\/clg-le-dimitile\/wp-content\/uploads\/sites\/129\/2024\/01\/ATE-Bassin-Sassa-Dec-23-3-170x300.jpg 170w, https:\/\/etab.ac-reunion.fr\/clg-le-dimitile\/wp-content\/uploads\/sites\/129\/2024\/01\/ATE-Bassin-Sassa-Dec-23-3-768x1352.jpg 768w, https:\/\/etab.ac-reunion.fr\/clg-le-dimitile\/wp-content\/uploads\/sites\/129\/2024\/01\/ATE-Bassin-Sassa-Dec-23-3-872x1536.jpg 872w, https:\/\/etab.ac-reunion.fr\/clg-le-dimitile\/wp-content\/uploads\/sites\/129\/2024\/01\/ATE-Bassin-Sassa-Dec-23-3-1163x2048.jpg 1163w, https:\/\/etab.ac-reunion.fr\/clg-le-dimitile\/wp-content\/uploads\/sites\/129\/2024\/01\/ATE-Bassin-Sassa-Dec-23-3-85x150.jpg 85w, https:\/\/etab.ac-reunion.fr\/clg-le-dimitile\/wp-content\/uploads\/sites\/129\/2024\/01\/ATE-Bassin-Sassa-Dec-23-3.jpg 1414w\" sizes=\"auto, (max-width: 582px) 100vw, 582px\" \/><\/figure>\n","protected":false},"excerpt":{"rendered":"<p>Apr\u00e8s une ann\u00e9e de d\u00e9couverte du fonctionnement d&rsquo;une ATE et de collaboration avec l&rsquo;\u00e9cole primaire des Aliz\u00e9es \u00e0 la Ravine des citrons de l&rsquo;Entre Deux sur l&rsquo;ATE du Bras de la Plaine, les \u00e9cod\u00e9l\u00e9gu\u00e9s du coll\u00e8ge Le Dimitile mettent en place cette ann\u00e9e leur propre Aire Terrestre Educative. Avec Aur\u00e9lie\u2026<\/p>\n<p class=\"continue-reading-button\"> <a class=\"continue-reading-link\" href=\"https:\/\/etab.ac-reunion.fr\/clg-le-dimitile\/aire-terrestre-educative-6-decembre-2023-sortie-des-ecodelegues-au-bassin-sassa\/\">Lire la suite<i class=\"crycon-right-dir\"><\/i><\/a><\/p>\n","protected":false},"author":32994,"featured_media":0,"parent":0,"menu_order":0,"comment_status":"closed","ping_status":"closed","template":"","meta":{"footnotes":""},"class_list":["post-14260","page","type-page","status-publish","hentry"],"_links":{"self":[{"href":"https:\/\/etab.ac-reunion.fr\/clg-le-dimitile\/wp-json\/wp\/v2\/pages\/14260","targetHints":{"allow":["GET"]}}],"collection":[{"href":"https:\/\/etab.ac-reunion.fr\/clg-le-dimitile\/wp-json\/wp\/v2\/pages"}],"about":[{"href":"https:\/\/etab.ac-reunion.fr\/clg-le-dimitile\/wp-json\/wp\/v2\/types\/page"}],"author":[{"embeddable":true,"href":"https:\/\/etab.ac-reunion.fr\/clg-le-dimitile\/wp-json\/wp\/v2\/users\/32994"}],"replies":[{"embeddable":true,"href":"https:\/\/etab.ac-reunion.fr\/clg-le-dimitile\/wp-json\/wp\/v2\/comments?post=14260"}],"version-history":[{"count":3,"href":"https:\/\/etab.ac-reunion.fr\/clg-le-dimitile\/wp-json\/wp\/v2\/pages\/14260\/revisions"}],"predecessor-version":[{"id":14268,"href":"https:\/\/etab.ac-reunion.fr\/clg-le-dimitile\/wp-json\/wp\/v2\/pages\/14260\/revisions\/14268"}],"wp:attachment":[{"href":"https:\/\/etab.ac-reunion.fr\/clg-le-dimitile\/wp-json\/wp\/v2\/media?parent=14260"}],"curies":[{"name":"wp","href":"https:\/\/api.w.org\/{rel}","templated":true}]}}