{"id":14401,"date":"2024-11-12T11:33:28","date_gmt":"2024-11-12T07:33:28","guid":{"rendered":"https:\/\/etab.ac-reunion.fr\/clg-le-dimitile\/?page_id=14401"},"modified":"2025-12-08T08:48:12","modified_gmt":"2025-12-08T04:48:12","slug":"information-vaccin-papillomavirus-a-telecharger-novembre-2024","status":"publish","type":"page","link":"https:\/\/etab.ac-reunion.fr\/clg-le-dimitile\/information-vaccin-papillomavirus-a-telecharger-novembre-2024\/","title":{"rendered":"INFORMATION VACCIN PAPILLOMAVIRUS ( \u00e0 t\u00e9l\u00e9charger ) &#8211; ( Novembre 2024 )"},"content":{"rendered":"\n<div class=\"wp-block-cover\"><span aria-hidden=\"true\" class=\"wp-block-cover__background has-background-dim\"><\/span><div class=\"wp-block-cover__inner-container is-layout-flow wp-block-cover-is-layout-flow\">\n<div class=\"wp-block-group\"><div class=\"wp-block-group__inner-container is-layout-constrained wp-block-group-is-layout-constrained\">\n<div data-wp-interactive=\"core\/file\" class=\"wp-block-file\"><object data-wp-bind--hidden=\"!state.hasPdfPreview\" hidden class=\"wp-block-file__embed\" data=\"https:\/\/etab.ac-reunion.fr\/clg-le-dimitile\/wp-content\/uploads\/sites\/129\/2024\/11\/INFORMATION-VACCIN-PAPILLOMAVIRUS.pdf\" type=\"application\/pdf\" style=\"width:100%;height:1010px\" aria-label=\"Contenu embarqu\u00e9 INFORMATION VACCIN PAPILLOMAVIRUS.\"><\/object><a id=\"wp-block-file--media-0ad0c88a-957e-486f-b127-64118e147f84\" href=\"https:\/\/etab.ac-reunion.fr\/clg-le-dimitile\/wp-content\/uploads\/sites\/129\/2024\/11\/INFORMATION-VACCIN-PAPILLOMAVIRUS.pdf\">INFORMATION VACCIN PAPILLOMAVIRUS<\/a><a href=\"https:\/\/etab.ac-reunion.fr\/clg-le-dimitile\/wp-content\/uploads\/sites\/129\/2024\/11\/INFORMATION-VACCIN-PAPILLOMAVIRUS.pdf\" class=\"wp-block-file__button wp-element-button\" download aria-describedby=\"wp-block-file--media-0ad0c88a-957e-486f-b127-64118e147f84\">T\u00e9l\u00e9charger<\/a><\/div>\n<\/div><\/div>\n<\/div><\/div>\n\n\n\n<p><\/p>\n","protected":false},"excerpt":{"rendered":"<p class=\"continue-reading-button\"> <a class=\"continue-reading-link\" href=\"https:\/\/etab.ac-reunion.fr\/clg-le-dimitile\/information-vaccin-papillomavirus-a-telecharger-novembre-2024\/\">Lire la suite<i class=\"crycon-right-dir\"><\/i><\/a><\/p>\n","protected":false},"author":32994,"featured_media":0,"parent":0,"menu_order":0,"comment_status":"closed","ping_status":"closed","template":"","meta":{"footnotes":""},"class_list":["post-14401","page","type-page","status-publish","hentry"],"_links":{"self":[{"href":"https:\/\/etab.ac-reunion.fr\/clg-le-dimitile\/wp-json\/wp\/v2\/pages\/14401","targetHints":{"allow":["GET"]}}],"collection":[{"href":"https:\/\/etab.ac-reunion.fr\/clg-le-dimitile\/wp-json\/wp\/v2\/pages"}],"about":[{"href":"https:\/\/etab.ac-reunion.fr\/clg-le-dimitile\/wp-json\/wp\/v2\/types\/page"}],"author":[{"embeddable":true,"href":"https:\/\/etab.ac-reunion.fr\/clg-le-dimitile\/wp-json\/wp\/v2\/users\/32994"}],"replies":[{"embeddable":true,"href":"https:\/\/etab.ac-reunion.fr\/clg-le-dimitile\/wp-json\/wp\/v2\/comments?post=14401"}],"version-history":[{"count":2,"href":"https:\/\/etab.ac-reunion.fr\/clg-le-dimitile\/wp-json\/wp\/v2\/pages\/14401\/revisions"}],"predecessor-version":[{"id":14497,"href":"https:\/\/etab.ac-reunion.fr\/clg-le-dimitile\/wp-json\/wp\/v2\/pages\/14401\/revisions\/14497"}],"wp:attachment":[{"href":"https:\/\/etab.ac-reunion.fr\/clg-le-dimitile\/wp-json\/wp\/v2\/media?parent=14401"}],"curies":[{"name":"wp","href":"https:\/\/api.w.org\/{rel}","templated":true}]}}