{"id":194,"date":"2015-09-05T07:54:58","date_gmt":"2015-09-05T06:54:58","guid":{"rendered":"http:\/\/college-ledimitile.ac-reunion.fr\/?page_id=194"},"modified":"2023-07-10T20:37:25","modified_gmt":"2023-07-10T16:37:25","slug":"horaires-du-college-2","status":"publish","type":"page","link":"https:\/\/etab.ac-reunion.fr\/clg-le-dimitile\/horaires-du-college-2\/","title":{"rendered":"Horaires du coll\u00e8ge"},"content":{"rendered":"<p style=\"text-align: center\"><a href=\"https:\/\/etab.ac-reunion.fr\/clg-le-dimitile-blog\/wp-content\/uploads\/sites\/129\/2015\/09\/gtk_clock_modern.png\"><img loading=\"lazy\" decoding=\"async\" class=\"aligncenter  wp-image-9171\" src=\"https:\/\/etab.ac-reunion.fr\/clg-le-dimitile-blog\/wp-content\/uploads\/sites\/129\/2015\/09\/gtk_clock_modern.png\" alt=\"gtk_clock_modern\" width=\"92\" height=\"93\" srcset=\"https:\/\/etab.ac-reunion.fr\/clg-le-dimitile\/wp-content\/uploads\/sites\/129\/2015\/09\/gtk_clock_modern.png 243w, https:\/\/etab.ac-reunion.fr\/clg-le-dimitile\/wp-content\/uploads\/sites\/129\/2015\/09\/gtk_clock_modern-150x150.png 150w, https:\/\/etab.ac-reunion.fr\/clg-le-dimitile\/wp-content\/uploads\/sites\/129\/2015\/09\/gtk_clock_modern-149x150.png 149w\" sizes=\"auto, (max-width: 92px) 100vw, 92px\" \/><\/a><\/p>\n<p>Les cours ont lieu les lundi, mardi , jeudi et vendredi de 7h55 \u00e0 16h35.<\/p>\n<p>Le mercredi, les cours se d\u00e9roulent de 7h55 \u00e0 12h05.<\/p>\n<p>Des activit\u00e9s peuvent \u00eatre mises en place aux \u00e9l\u00e8ves de 16h30 \u00e0 17h30 et le mercredi apr\u00e8s-midi : Association Sportive, clubs, accompagnement \u00e9ducatif.<\/p>\n<p>Les horaires sont communiqu\u00e9s par les enseignants.<\/p>\n<p>L\u2019\u00e9l\u00e8ve pourra entrer au coll\u00e8ge \u00e0 partir de 7h30. Il se mettra en rang \u00e0 7h50 et le cours commencera \u00e0 7h55.<\/p>\n<p>R\u00e9cr\u00e9ations : Matin \u2013 09h50-10h05 \/ Apr\u00e8s-midi \u2013 15h20-15h30<\/p>\n","protected":false},"excerpt":{"rendered":"<p>Les cours ont lieu les lundi, mardi , jeudi et vendredi de 7h55 \u00e0 16h35. Le mercredi, les cours se d\u00e9roulent de 7h55 \u00e0 12h05. Des activit\u00e9s peuvent \u00eatre mises en place aux \u00e9l\u00e8ves de 16h30 \u00e0 17h30 et le mercredi apr\u00e8s-midi : Association Sportive, clubs, accompagnement \u00e9ducatif. Les horaires\u2026<\/p>\n<p class=\"continue-reading-button\"> <a class=\"continue-reading-link\" href=\"https:\/\/etab.ac-reunion.fr\/clg-le-dimitile\/horaires-du-college-2\/\">Lire la suite<i class=\"crycon-right-dir\"><\/i><\/a><\/p>\n","protected":false},"author":8105,"featured_media":0,"parent":0,"menu_order":0,"comment_status":"closed","ping_status":"closed","template":"","meta":{"footnotes":""},"class_list":["post-194","page","type-page","status-publish","hentry"],"_links":{"self":[{"href":"https:\/\/etab.ac-reunion.fr\/clg-le-dimitile\/wp-json\/wp\/v2\/pages\/194","targetHints":{"allow":["GET"]}}],"collection":[{"href":"https:\/\/etab.ac-reunion.fr\/clg-le-dimitile\/wp-json\/wp\/v2\/pages"}],"about":[{"href":"https:\/\/etab.ac-reunion.fr\/clg-le-dimitile\/wp-json\/wp\/v2\/types\/page"}],"author":[{"embeddable":true,"href":"https:\/\/etab.ac-reunion.fr\/clg-le-dimitile\/wp-json\/wp\/v2\/users\/8105"}],"replies":[{"embeddable":true,"href":"https:\/\/etab.ac-reunion.fr\/clg-le-dimitile\/wp-json\/wp\/v2\/comments?post=194"}],"version-history":[{"count":6,"href":"https:\/\/etab.ac-reunion.fr\/clg-le-dimitile\/wp-json\/wp\/v2\/pages\/194\/revisions"}],"predecessor-version":[{"id":14059,"href":"https:\/\/etab.ac-reunion.fr\/clg-le-dimitile\/wp-json\/wp\/v2\/pages\/194\/revisions\/14059"}],"wp:attachment":[{"href":"https:\/\/etab.ac-reunion.fr\/clg-le-dimitile\/wp-json\/wp\/v2\/media?parent=194"}],"curies":[{"name":"wp","href":"https:\/\/api.w.org\/{rel}","templated":true}]}}