{"id":310,"date":"2015-09-21T19:12:33","date_gmt":"2015-09-21T15:12:33","guid":{"rendered":"http:\/\/college-ledimitile.ac-reunion.fr\/?page_id=310"},"modified":"2019-02-28T11:30:31","modified_gmt":"2019-02-28T07:30:31","slug":"nous-contacter-2","status":"publish","type":"page","link":"https:\/\/etab.ac-reunion.fr\/clg-le-dimitile\/nous-contacter-2\/","title":{"rendered":"Nous contacter"},"content":{"rendered":"<h4 id=\"_mcePaste\" style=\"text-align: center\"><span style=\"text-decoration: underline\">Horaires<\/span> : 7h40-12h00 13h30-16h30<\/h4>\n<h4 id=\"_mcePaste\" style=\"text-align: center\"><span style=\"text-decoration: underline\">T\u00e9l\u00e9phone<\/span> : 0262 39 50 21<\/h4>\n<h4 style=\"text-align: center\"><span style=\"text-decoration: underline\">Fax<\/span> : 0262 39 57 62<\/h4>\n<h4 style=\"text-align: center\"><span style=\"text-decoration: underline\">Adresse<\/span> :<\/h4>\n<h4 style=\"text-align: center\">Coll\u00e8ge \u00ab\u00a0Le Dimitile\u00a0\u00bb<\/h4>\n<h4 style=\"text-align: center\">02, rue Hubert Delisle 97414, Entre Deux<\/h4>\n<p style=\"text-align: center\"><span style=\"color: #ffffff\">&#8211;<\/span><\/p>\n<h4 style=\"text-align: center\"><span style=\"color: #000080\"><strong><span style=\"text-decoration: underline\">Pour nous envoyer un mail<\/span>:<\/strong><\/span><\/h4>\n<h4 style=\"text-align: center\">\u00a0[si-contact-form form=&rsquo;1&prime;]<\/h4>\n","protected":false},"excerpt":{"rendered":"<p>Horaires : 7h40-12h00 13h30-16h30 T\u00e9l\u00e9phone : 0262 39 50 21 Fax : 0262 39 57 62 Adresse : Coll\u00e8ge \u00ab\u00a0Le Dimitile\u00a0\u00bb 02, rue Hubert Delisle 97414, Entre Deux &#8211; Pour nous envoyer un mail: \u00a0[si-contact-form form=&rsquo;1&prime;]<\/p>\n<p class=\"continue-reading-button\"> <a class=\"continue-reading-link\" href=\"https:\/\/etab.ac-reunion.fr\/clg-le-dimitile\/nous-contacter-2\/\">Lire la suite<i class=\"crycon-right-dir\"><\/i><\/a><\/p>\n","protected":false},"author":8105,"featured_media":0,"parent":0,"menu_order":0,"comment_status":"closed","ping_status":"closed","template":"","meta":{"footnotes":""},"class_list":["post-310","page","type-page","status-publish","hentry"],"_links":{"self":[{"href":"https:\/\/etab.ac-reunion.fr\/clg-le-dimitile\/wp-json\/wp\/v2\/pages\/310","targetHints":{"allow":["GET"]}}],"collection":[{"href":"https:\/\/etab.ac-reunion.fr\/clg-le-dimitile\/wp-json\/wp\/v2\/pages"}],"about":[{"href":"https:\/\/etab.ac-reunion.fr\/clg-le-dimitile\/wp-json\/wp\/v2\/types\/page"}],"author":[{"embeddable":true,"href":"https:\/\/etab.ac-reunion.fr\/clg-le-dimitile\/wp-json\/wp\/v2\/users\/8105"}],"replies":[{"embeddable":true,"href":"https:\/\/etab.ac-reunion.fr\/clg-le-dimitile\/wp-json\/wp\/v2\/comments?post=310"}],"version-history":[{"count":55,"href":"https:\/\/etab.ac-reunion.fr\/clg-le-dimitile\/wp-json\/wp\/v2\/pages\/310\/revisions"}],"predecessor-version":[{"id":12077,"href":"https:\/\/etab.ac-reunion.fr\/clg-le-dimitile\/wp-json\/wp\/v2\/pages\/310\/revisions\/12077"}],"wp:attachment":[{"href":"https:\/\/etab.ac-reunion.fr\/clg-le-dimitile\/wp-json\/wp\/v2\/media?parent=310"}],"curies":[{"name":"wp","href":"https:\/\/api.w.org\/{rel}","templated":true}]}}