{"id":43,"date":"2015-07-14T14:05:41","date_gmt":"2015-07-14T13:05:41","guid":{"rendered":"http:\/\/college-ledimitile.ac-reunion.fr\/?page_id=43"},"modified":"2022-11-27T15:17:33","modified_gmt":"2022-11-27T11:17:33","slug":"associationsportive","status":"publish","type":"page","link":"https:\/\/etab.ac-reunion.fr\/clg-le-dimitile\/la-vie-du-college\/associationsportive\/","title":{"rendered":"L&rsquo;Association Sportive"},"content":{"rendered":"<p style=\"text-align: center\"><span style=\"text-decoration: underline\"><span style=\"color: #800000\"><strong>ASSOCIATION SPORTIVE DU COLLEGE LE DIMITILE <\/strong><\/span><\/span><\/p>\n<p style=\"text-align: center\">Pour se licencier, il faut faire remplir par un m\u00e9decin un certificat m\u00e9dical et par leurs parents, une autorisation parentale. Ces deux documents se trouvent page 59 de leur carnet de liaison. Une cotisation de 25 euros leur sera demand\u00e9e (<strong><em>ch\u00e8que \u00e0 l&rsquo;ordre de : Association Sportive Dimitile)<\/em><\/strong>.<br \/>\n<em>Un tee-shirt de l&rsquo;association sportive est offert \u00e0 tous les \u00e9l\u00e8ves \u00a0licenci\u00e9s.<\/em><\/p>\n<p style=\"text-align: center\">\u00a0(<em>L\u2019\u00e9quipe des professeurs d\u2019EPS)<\/em><a href=\"https:\/\/etab.ac-reunion.fr\/clg-le-dimitile-blog\/wp-content\/uploads\/sites\/129\/2019\/09\/planning_AS_2019_2020.pdf\"><strong><br \/>\n<\/strong><\/a><\/p>\n<h4 style=\"text-align: center\"><span style=\"color: #3366ff\"><strong><span style=\"color: #3366ff\"><span style=\"text-decoration: underline\"><a href=\"https:\/\/etab.ac-reunion.fr\/clg-le-dimitile\/wp-content\/uploads\/sites\/129\/2022\/11\/Planning-Association-Sportive-Octobre-Decembre-2022.pdf\" target=\"_blank\" rel=\"noopener\">&gt;&gt;PLANNING A.S. 2022-2023<\/a><br \/>\n<\/span><\/span><\/strong><\/span><\/h4>\n<p style=\"text-align: center\"><strong>Novembre 2022<br \/>\n<\/strong><a href=\"https:\/\/etab.ac-reunion.fr\/clg-le-dimitile\/wp-content\/uploads\/sites\/129\/2022\/11\/Ravine-des-Avirons-en-BLOC.pdf\" target=\"_blank\" rel=\"noopener\">Escalade Ravine des Avirons<\/a><strong><br \/>\n<\/strong><\/p>\n<p style=\"text-align: center\"><a href=\"https:\/\/etab.ac-reunion.fr\/clg-le-dimitile\/wp-content\/uploads\/sites\/129\/2022\/11\/BILAN-DACTIVITE-DISTRICT-SUD.pdf\" target=\"_blank\" rel=\"noopener\"><span style=\"text-decoration: underline\">Badminton \u00e0 Terre Sainte<\/span><\/a><\/p>\n<p style=\"text-align: center\"><strong>\u00a0Septembre 2022<br \/>\n<\/strong><\/p>\n<p style=\"text-align: center\"><span style=\"text-decoration: underline\"><a href=\"https:\/\/etab.ac-reunion.fr\/clg-le-dimitile\/wp-content\/uploads\/sites\/129\/2022\/11\/Mur-descalade-de-lEntre-Deux.pdf\" target=\"_blank\" rel=\"noopener\">Escalade Entre Deux<\/a><\/span><\/p>\n<p style=\"text-align: center\">\n<p style=\"text-align: center\">\n","protected":false},"excerpt":{"rendered":"<p>ASSOCIATION SPORTIVE DU COLLEGE LE DIMITILE Pour se licencier, il faut faire remplir par un m\u00e9decin un certificat m\u00e9dical et par leurs parents, une autorisation parentale. Ces deux documents se trouvent page 59 de leur carnet de liaison. Une cotisation de 25 euros leur sera demand\u00e9e (ch\u00e8que \u00e0 l&rsquo;ordre de\u2026<\/p>\n<p class=\"continue-reading-button\"> <a class=\"continue-reading-link\" href=\"https:\/\/etab.ac-reunion.fr\/clg-le-dimitile\/la-vie-du-college\/associationsportive\/\">Lire la suite<i class=\"crycon-right-dir\"><\/i><\/a><\/p>\n","protected":false},"author":8105,"featured_media":0,"parent":243,"menu_order":0,"comment_status":"closed","ping_status":"closed","template":"","meta":{"footnotes":""},"class_list":["post-43","page","type-page","status-publish","hentry"],"_links":{"self":[{"href":"https:\/\/etab.ac-reunion.fr\/clg-le-dimitile\/wp-json\/wp\/v2\/pages\/43","targetHints":{"allow":["GET"]}}],"collection":[{"href":"https:\/\/etab.ac-reunion.fr\/clg-le-dimitile\/wp-json\/wp\/v2\/pages"}],"about":[{"href":"https:\/\/etab.ac-reunion.fr\/clg-le-dimitile\/wp-json\/wp\/v2\/types\/page"}],"author":[{"embeddable":true,"href":"https:\/\/etab.ac-reunion.fr\/clg-le-dimitile\/wp-json\/wp\/v2\/users\/8105"}],"replies":[{"embeddable":true,"href":"https:\/\/etab.ac-reunion.fr\/clg-le-dimitile\/wp-json\/wp\/v2\/comments?post=43"}],"version-history":[{"count":125,"href":"https:\/\/etab.ac-reunion.fr\/clg-le-dimitile\/wp-json\/wp\/v2\/pages\/43\/revisions"}],"predecessor-version":[{"id":13807,"href":"https:\/\/etab.ac-reunion.fr\/clg-le-dimitile\/wp-json\/wp\/v2\/pages\/43\/revisions\/13807"}],"up":[{"embeddable":true,"href":"https:\/\/etab.ac-reunion.fr\/clg-le-dimitile\/wp-json\/wp\/v2\/pages\/243"}],"wp:attachment":[{"href":"https:\/\/etab.ac-reunion.fr\/clg-le-dimitile\/wp-json\/wp\/v2\/media?parent=43"}],"curies":[{"name":"wp","href":"https:\/\/api.w.org\/{rel}","templated":true}]}}