{"id":8974,"date":"2015-10-03T14:54:57","date_gmt":"2015-10-03T10:54:57","guid":{"rendered":"http:\/\/college-ledimitile.ac-reunion.fr\/?page_id=8974"},"modified":"2018-07-07T07:20:44","modified_gmt":"2018-07-07T03:20:44","slug":"francais-travaux-deleves","status":"publish","type":"page","link":"https:\/\/etab.ac-reunion.fr\/clg-le-dimitile\/les-disciplines\/francais\/francais-travaux-deleves\/","title":{"rendered":"Fran\u00e7ais : travaux d&rsquo;\u00e9l\u00e8ves"},"content":{"rendered":"<p>&nbsp;<\/p>\n<p><img loading=\"lazy\" decoding=\"async\" class=\"alignnone\" src=\"https:\/\/portail.college-ledimitile.re\/wordpress\/wp-content\/uploads\/2012\/06\/ypuce19.gif\" alt=\"\" width=\"12\" height=\"12\" \/>\u00a0<a href=\"https:\/\/etab.ac-reunion.fr\/clg-le-dimitile-blog\/2016\/07\/03\/la-bande-dessinee-des-6e\/\">BD\u00a0: une parodie de \u00ab\u00a0La Belle au bois dormant\u00a0\u00bb<\/a>(6\u00b0E-juin 2016)<\/p>\n<p><img loading=\"lazy\" decoding=\"async\" class=\"alignnone\" src=\"https:\/\/portail.college-ledimitile.re\/wordpress\/wp-content\/uploads\/2012\/06\/ypuce19.gif\" alt=\"\" width=\"12\" height=\"12\" \/>\u00a0<a href=\"https:\/\/etab.ac-reunion.fr\/clg-le-dimitile-blog\/wp-content\/uploads\/sites\/129\/2016\/05\/comment-avoir-de-bonne-notte.pdf\">Comment avoir une bonne note &#8211; recette humoristique <\/a>(Mahe Cojond\u00e9 -6B)<\/p>\n<p><img loading=\"lazy\" decoding=\"async\" class=\"alignnone\" src=\"https:\/\/portail.college-ledimitile.re\/wordpress\/wp-content\/uploads\/2012\/06\/ypuce19.gif\" alt=\"\" width=\"12\" height=\"12\" \/>\u00a0<a href=\"https:\/\/etab.ac-reunion.fr\/clg-le-dimitile-blog\/2016\/03\/29\/le-grand-voyage-des-5c\/\">Le grand voyage des 5\u00b0C<\/a>\u00a0(mars 2016)<\/p>\n<p><img loading=\"lazy\" decoding=\"async\" class=\"alignnone\" src=\"https:\/\/portail.college-ledimitile.re\/wordpress\/wp-content\/uploads\/2012\/06\/ypuce19.gif\" alt=\"\" width=\"12\" height=\"12\" \/>\u00a0<a href=\"https:\/\/etab.ac-reunion.fr\/clg-le-dimitile-blog\/2016\/02\/02\/le-grand-depart\/\">Le grand d\u00e9part<\/a> (5\u00b0C &#8211; f\u00e9vrier 2016)<\/p>\n<p><img loading=\"lazy\" decoding=\"async\" class=\"alignnone\" src=\"https:\/\/portail.college-ledimitile.re\/wordpress\/wp-content\/uploads\/2012\/06\/ypuce19.gif\" alt=\"\" width=\"12\" height=\"12\" \/>\u00a0\u00a0<a href=\"https:\/\/etab.ac-reunion.fr\/clg-le-dimitile-blog\/wp-content\/uploads\/sites\/129\/2015\/10\/Votez-pour-un-texte.pdf\">L&rsquo;\u00e9tonnante machine du prof de sciences !<\/a> (5\u00b0B &#8211; 5\u00b0C &#8211; octobre 2015)<\/p>\n<p><a href=\"https:\/\/etab.ac-reunion.fr\/clg-le-dimitile-blog\/2017\/06\/01\/recits-de-chevalerie\/\"><img loading=\"lazy\" decoding=\"async\" class=\"alignnone\" src=\"https:\/\/portail.college-ledimitile.re\/wordpress\/wp-content\/uploads\/2012\/06\/ypuce19.gif\" alt=\"\" width=\"12\" height=\"12\" \/><\/a>\u00a0<a href=\"https:\/\/fr.calameo.com\/read\/00332770178e3f0459e42\">Les Robinsons de l&rsquo;espace 3.0 : Mission PROXIMA-B<\/a> (5\u00b0A\/B\/C\/D &#8211; juin 2017)<\/p>\n<p><img loading=\"lazy\" decoding=\"async\" class=\"alignnone\" src=\"https:\/\/portail.college-ledimitile.re\/wordpress\/wp-content\/uploads\/2012\/06\/ypuce19.gif\" alt=\"\" width=\"12\" height=\"12\" \/>\u00a0<a href=\"https:\/\/etab.ac-reunion.fr\/clg-le-dimitile-blog\/2016\/11\/16\/souhaits-declipse\/\">Souhaits d&rsquo;\u00e9clipse<\/a> (classes de 5\u00b0 &#8211; octobre 2016)<\/p>\n<p><img loading=\"lazy\" decoding=\"async\" class=\"alignnone\" src=\"https:\/\/portail.college-ledimitile.re\/wordpress\/wp-content\/uploads\/2012\/06\/ypuce19.gif\" alt=\"\" width=\"12\" height=\"12\" \/> <a href=\"https:\/\/fr.calameo.com\/read\/0046849702f3a688e319e\">R\u00eaves \u00e9cliptiques<\/a>\u00a0 &#8211; (6\u00b0A, B, C &#8211; octobre 2016)<\/p>\n<p><img loading=\"lazy\" decoding=\"async\" class=\"alignnone\" src=\"https:\/\/portail.college-ledimitile.re\/wordpress\/wp-content\/uploads\/2012\/06\/ypuce19.gif\" alt=\"\" width=\"12\" height=\"12\" \/>\u00a0<a href=\"http:\/\/fr.calameo.com\/read\/004842449f827f7133e89\">L&rsquo;Aventure du temps <\/a>(5\u00b0B &#8211; 2015-2016)<\/p>\n<p><img loading=\"lazy\" decoding=\"async\" class=\"alignnone\" src=\"https:\/\/portail.college-ledimitile.re\/wordpress\/wp-content\/uploads\/2012\/06\/ypuce19.gif\" alt=\"\" width=\"12\" height=\"12\" \/> <a href=\"http:\/\/fr.calameo.com\/read\/004684970349f6074a889\">Nouvelles fantastiques \u00e0 lire entre amis<\/a> (4\u00b0C et 4\u00b0D)<\/p>\n<p><img loading=\"lazy\" decoding=\"async\" class=\"alignnone\" src=\"https:\/\/portail.college-ledimitile.re\/wordpress\/wp-content\/uploads\/2012\/06\/ypuce19.gif\" alt=\"\" width=\"12\" height=\"12\" \/> <a href=\"http:\/\/fr.calameo.com\/read\/0046849707fb486a807a2\">Nos Mondes merveilleux<\/a> &#8211; (6\u00b0A et 6\u00b0C &#8211; 2015-2016)<\/p>\n<p><img loading=\"lazy\" decoding=\"async\" class=\"alignnone\" src=\"https:\/\/portail.college-ledimitile.re\/wordpress\/wp-content\/uploads\/2012\/06\/ypuce19.gif\" alt=\"\" width=\"12\" height=\"12\" \/> <a href=\"https:\/\/etab.ac-reunion.fr\/clg-le-dimitile-blog\/2016\/10\/08\/festival-zetinsel\/\">Festival Z\u00e9tinsel<\/a> (6\u00b0B et 6\u00b0C &#8211; octobre 2016)<\/p>\n<p><img loading=\"lazy\" decoding=\"async\" class=\"alignnone\" src=\"https:\/\/portail.college-ledimitile.re\/wordpress\/wp-content\/uploads\/2012\/06\/ypuce19.gif\" alt=\"\" width=\"12\" height=\"12\" \/><a href=\"https:\/\/etab.ac-reunion.fr\/clg-le-dimitile-blog\/2016\/09\/30\/les-oiseaux-de-quartier-de-la-reunion\/\"> Les oiseaux de quartier de la R\u00e9union<\/a> (6\u00b0C et 6\u00b0A &#8211; 2015\/2016)<\/p>\n","protected":false},"excerpt":{"rendered":"<p>&nbsp; \u00a0BD\u00a0: une parodie de \u00ab\u00a0La Belle au bois dormant\u00a0\u00bb(6\u00b0E-juin 2016) \u00a0Comment avoir une bonne note &#8211; recette humoristique (Mahe Cojond\u00e9 -6B) \u00a0Le grand voyage des 5\u00b0C\u00a0(mars 2016) \u00a0Le grand d\u00e9part (5\u00b0C &#8211; f\u00e9vrier 2016) \u00a0\u00a0L&rsquo;\u00e9tonnante machine du prof de sciences ! (5\u00b0B &#8211; 5\u00b0C &#8211; octobre 2015) \u00a0Les Robinsons\u2026<\/p>\n<p class=\"continue-reading-button\"> <a class=\"continue-reading-link\" href=\"https:\/\/etab.ac-reunion.fr\/clg-le-dimitile\/les-disciplines\/francais\/francais-travaux-deleves\/\">Lire la suite<i class=\"crycon-right-dir\"><\/i><\/a><\/p>\n","protected":false},"author":8105,"featured_media":0,"parent":8970,"menu_order":0,"comment_status":"closed","ping_status":"closed","template":"","meta":{"footnotes":""},"class_list":["post-8974","page","type-page","status-publish","hentry"],"_links":{"self":[{"href":"https:\/\/etab.ac-reunion.fr\/clg-le-dimitile\/wp-json\/wp\/v2\/pages\/8974","targetHints":{"allow":["GET"]}}],"collection":[{"href":"https:\/\/etab.ac-reunion.fr\/clg-le-dimitile\/wp-json\/wp\/v2\/pages"}],"about":[{"href":"https:\/\/etab.ac-reunion.fr\/clg-le-dimitile\/wp-json\/wp\/v2\/types\/page"}],"author":[{"embeddable":true,"href":"https:\/\/etab.ac-reunion.fr\/clg-le-dimitile\/wp-json\/wp\/v2\/users\/8105"}],"replies":[{"embeddable":true,"href":"https:\/\/etab.ac-reunion.fr\/clg-le-dimitile\/wp-json\/wp\/v2\/comments?post=8974"}],"version-history":[{"count":74,"href":"https:\/\/etab.ac-reunion.fr\/clg-le-dimitile\/wp-json\/wp\/v2\/pages\/8974\/revisions"}],"predecessor-version":[{"id":10963,"href":"https:\/\/etab.ac-reunion.fr\/clg-le-dimitile\/wp-json\/wp\/v2\/pages\/8974\/revisions\/10963"}],"up":[{"embeddable":true,"href":"https:\/\/etab.ac-reunion.fr\/clg-le-dimitile\/wp-json\/wp\/v2\/pages\/8970"}],"wp:attachment":[{"href":"https:\/\/etab.ac-reunion.fr\/clg-le-dimitile\/wp-json\/wp\/v2\/media?parent=8974"}],"curies":[{"name":"wp","href":"https:\/\/api.w.org\/{rel}","templated":true}]}}