{"id":9329,"date":"2015-10-27T18:21:54","date_gmt":"2015-10-27T14:21:54","guid":{"rendered":"http:\/\/college-ledimitile.ac-reunion.fr\/?page_id=9329"},"modified":"2023-09-06T10:22:37","modified_gmt":"2023-09-06T06:22:37","slug":"mentions-legales-2","status":"publish","type":"page","link":"https:\/\/etab.ac-reunion.fr\/clg-le-dimitile\/mentions-legales-2\/","title":{"rendered":"Mentions l\u00e9gales"},"content":{"rendered":"<h1 class=\"entry-title\"><\/h1>\n<div class=\"entry-content\">\n<h2>Editeur :<\/h2>\n<p>Coll\u00e8ge Le Dimitile<br \/>\n2 rue Hubert Delisle<br \/>\n97414 Entre-Deux<br \/>\n02.62.39. 50.21<\/p>\n<h2>Directeur de publication et responsable de la r\u00e9daction :<\/h2>\n<p>Madame Catherine Nabot, Principale du coll\u00e8ge<\/p>\n<h2>Conception et r\u00e9alisation :<\/h2>\n<p>Julien de BOISVILLIERS, professeur de physique chimie \/ RRUPN<\/p>\n<h2>Administration\u00a0:<\/h2>\n<p>Anthony VITRY (Tice) &#8211; M\u00e9lissa GRONDIN ( Secr\u00e9tariat )<\/p>\n<h2>Fournisseur de l&rsquo;h\u00e9bergement \u00a0:<\/h2>\n<p>Rectorat de l\u2019Acad\u00e9mie de La R\u00e9union<br \/>\nSecr\u00e9tariat g\u00e9n\u00e9ral \u2013 Service Communication<br \/>\n24, Avenue Georges Brassens \u2013 97702 \u2013 St-Denis \u2013 Messag Cedex 9<\/p>\n<h2>Droits d\u2019auteurs :<\/h2>\n<div id=\"cc-m-5699607017\" class=\"n j-text \">\n<p>Ce site rel\u00e8ve de la l\u00e9gislation fran\u00e7aise et internationale sur le droit d\u2019auteur et la propri\u00e9t\u00e9 intellectuelle. Tous les droits de reproduction sont r\u00e9serv\u00e9s.<\/p>\n<\/div>\n<\/div>\n","protected":false},"excerpt":{"rendered":"<p>Editeur : Coll\u00e8ge Le Dimitile 2 rue Hubert Delisle 97414 Entre-Deux 02.62.39. 50.21 Directeur de publication et responsable de la r\u00e9daction : Madame Catherine Nabot, Principale du coll\u00e8ge Conception et r\u00e9alisation : Julien de BOISVILLIERS, professeur de physique chimie \/ RRUPN Administration\u00a0: Anthony VITRY (Tice) &#8211; M\u00e9lissa GRONDIN ( Secr\u00e9tariat\u2026<\/p>\n<p class=\"continue-reading-button\"> <a class=\"continue-reading-link\" href=\"https:\/\/etab.ac-reunion.fr\/clg-le-dimitile\/mentions-legales-2\/\">Lire la suite<i class=\"crycon-right-dir\"><\/i><\/a><\/p>\n","protected":false},"author":8105,"featured_media":0,"parent":0,"menu_order":0,"comment_status":"closed","ping_status":"closed","template":"","meta":{"footnotes":""},"class_list":["post-9329","page","type-page","status-publish","hentry"],"_links":{"self":[{"href":"https:\/\/etab.ac-reunion.fr\/clg-le-dimitile\/wp-json\/wp\/v2\/pages\/9329","targetHints":{"allow":["GET"]}}],"collection":[{"href":"https:\/\/etab.ac-reunion.fr\/clg-le-dimitile\/wp-json\/wp\/v2\/pages"}],"about":[{"href":"https:\/\/etab.ac-reunion.fr\/clg-le-dimitile\/wp-json\/wp\/v2\/types\/page"}],"author":[{"embeddable":true,"href":"https:\/\/etab.ac-reunion.fr\/clg-le-dimitile\/wp-json\/wp\/v2\/users\/8105"}],"replies":[{"embeddable":true,"href":"https:\/\/etab.ac-reunion.fr\/clg-le-dimitile\/wp-json\/wp\/v2\/comments?post=9329"}],"version-history":[{"count":11,"href":"https:\/\/etab.ac-reunion.fr\/clg-le-dimitile\/wp-json\/wp\/v2\/pages\/9329\/revisions"}],"predecessor-version":[{"id":14068,"href":"https:\/\/etab.ac-reunion.fr\/clg-le-dimitile\/wp-json\/wp\/v2\/pages\/9329\/revisions\/14068"}],"wp:attachment":[{"href":"https:\/\/etab.ac-reunion.fr\/clg-le-dimitile\/wp-json\/wp\/v2\/media?parent=9329"}],"curies":[{"name":"wp","href":"https:\/\/api.w.org\/{rel}","templated":true}]}}