{"id":9513,"date":"2016-01-08T16:02:10","date_gmt":"2016-01-08T12:02:10","guid":{"rendered":"http:\/\/college-ledimitile.ac-reunion.fr\/?page_id=9513"},"modified":"2016-10-26T08:35:15","modified_gmt":"2016-10-26T04:35:15","slug":"evenements-divers","status":"publish","type":"page","link":"https:\/\/etab.ac-reunion.fr\/clg-le-dimitile\/la-vie-du-college\/evenements-divers\/","title":{"rendered":"Ev\u00e9nements divers"},"content":{"rendered":"<p style=\"text-align: center\"><span style=\"color: #ffffff\">***<\/span><\/p>\n<p style=\"text-align: center\"><span style=\"color: #800080\"><strong>Festival Z\u00e9tinsel<\/strong><\/span><\/p>\n<p style=\"text-align: center\"><a href=\"https:\/\/etab.ac-reunion.fr\/clg-le-dimitile-blog\/2016\/10\/08\/festival-zetinsel\/\"><img loading=\"lazy\" decoding=\"async\" class=\"aligncenter wp-image-10267\" src=\"https:\/\/etab.ac-reunion.fr\/clg-le-dimitile-blog\/wp-content\/uploads\/sites\/129\/2016\/10\/14080018_1077318179021175_4345953557843096143_n-300x300.jpg\" alt=\"14080018_1077318179021175_4345953557843096143_n\" width=\"236\" height=\"236\" srcset=\"https:\/\/etab.ac-reunion.fr\/clg-le-dimitile\/wp-content\/uploads\/sites\/129\/2016\/10\/14080018_1077318179021175_4345953557843096143_n-300x300.jpg 300w, https:\/\/etab.ac-reunion.fr\/clg-le-dimitile\/wp-content\/uploads\/sites\/129\/2016\/10\/14080018_1077318179021175_4345953557843096143_n-150x150.jpg 150w, https:\/\/etab.ac-reunion.fr\/clg-le-dimitile\/wp-content\/uploads\/sites\/129\/2016\/10\/14080018_1077318179021175_4345953557843096143_n.jpg 960w\" sizes=\"auto, (max-width: 236px) 100vw, 236px\" \/><\/a><\/p>\n<p style=\"text-align: center\"><span style=\"color: #800080\"><strong>L&rsquo;\u00e9clipse vue du coll\u00e8ge<\/strong><\/span><\/p>\n<p style=\"text-align: center\"><a href=\"https:\/\/etab.ac-reunion.fr\/clg-le-dimitile-blog\/2016\/09\/08\/leclipse-vue-du-college\/\"><img loading=\"lazy\" decoding=\"async\" class=\"aligncenter size-medium wp-image-10110\" src=\"https:\/\/etab.ac-reunion.fr\/clg-le-dimitile-blog\/wp-content\/uploads\/sites\/129\/2016\/09\/IMG_3230-300x200.jpg\" alt=\"IMG_3230\" width=\"300\" height=\"200\" srcset=\"https:\/\/etab.ac-reunion.fr\/clg-le-dimitile\/wp-content\/uploads\/sites\/129\/2016\/09\/IMG_3230-300x200.jpg 300w, https:\/\/etab.ac-reunion.fr\/clg-le-dimitile\/wp-content\/uploads\/sites\/129\/2016\/09\/IMG_3230-225x150.jpg 225w, https:\/\/etab.ac-reunion.fr\/clg-le-dimitile\/wp-content\/uploads\/sites\/129\/2016\/09\/IMG_3230-150x100.jpg 150w, https:\/\/etab.ac-reunion.fr\/clg-le-dimitile\/wp-content\/uploads\/sites\/129\/2016\/09\/IMG_3230.jpg 450w\" sizes=\"auto, (max-width: 300px) 100vw, 300px\" \/><\/a>* * *<\/p>\n<p style=\"text-align: center\"><span style=\"color: #800080\"><strong>Cueillette et distribution des letchis au coll\u00e8ge<\/strong><\/span><\/p>\n<p style=\"text-align: center\"><a href=\"https:\/\/etab.ac-reunion.fr\/clg-le-dimitile-blog\/2015\/12\/17\/cueillette-des-letchis-du-college\/\"><img loading=\"lazy\" decoding=\"async\" class=\"aligncenter size-medium wp-image-9493\" src=\"https:\/\/etab.ac-reunion.fr\/clg-le-dimitile-blog\/wp-content\/uploads\/sites\/129\/2015\/12\/img_2988-300x200.jpg\" alt=\"img_2988\" width=\"300\" height=\"200\" srcset=\"https:\/\/etab.ac-reunion.fr\/clg-le-dimitile\/wp-content\/uploads\/sites\/129\/2015\/12\/img_2988-300x200.jpg 300w, https:\/\/etab.ac-reunion.fr\/clg-le-dimitile\/wp-content\/uploads\/sites\/129\/2015\/12\/img_2988-1024x682.jpg 1024w, https:\/\/etab.ac-reunion.fr\/clg-le-dimitile\/wp-content\/uploads\/sites\/129\/2015\/12\/img_2988-225x150.jpg 225w, https:\/\/etab.ac-reunion.fr\/clg-le-dimitile\/wp-content\/uploads\/sites\/129\/2015\/12\/img_2988-150x100.jpg 150w, https:\/\/etab.ac-reunion.fr\/clg-le-dimitile\/wp-content\/uploads\/sites\/129\/2015\/12\/img_2988.jpg 1300w\" sizes=\"auto, (max-width: 300px) 100vw, 300px\" \/><\/a>***<\/p>\n<p style=\"text-align: center\"><span style=\"color: #800080\"><strong>Accueil des correspondants Erasmus +<\/strong><\/span><\/p>\n<p style=\"text-align: center\"><a href=\"https:\/\/etab.ac-reunion.fr\/clg-le-dimitile-blog\/2015\/11\/27\/erasmus-accueille-ses-correspondants\/\"><img loading=\"lazy\" decoding=\"async\" class=\"aligncenter size-medium wp-image-9401\" src=\"https:\/\/etab.ac-reunion.fr\/clg-le-dimitile-blog\/wp-content\/uploads\/sites\/129\/2015\/11\/DSCF3703-1024x768-300x225.jpg\" alt=\"DSCF3703-1024x768\" width=\"300\" height=\"225\" srcset=\"https:\/\/etab.ac-reunion.fr\/clg-le-dimitile\/wp-content\/uploads\/sites\/129\/2015\/11\/DSCF3703-1024x768-300x225.jpg 300w, https:\/\/etab.ac-reunion.fr\/clg-le-dimitile\/wp-content\/uploads\/sites\/129\/2015\/11\/DSCF3703-1024x768.jpg 1024w, https:\/\/etab.ac-reunion.fr\/clg-le-dimitile\/wp-content\/uploads\/sites\/129\/2015\/11\/DSCF3703-1024x768-200x150.jpg 200w, https:\/\/etab.ac-reunion.fr\/clg-le-dimitile\/wp-content\/uploads\/sites\/129\/2015\/11\/DSCF3703-1024x768-150x113.jpg 150w\" sizes=\"auto, (max-width: 300px) 100vw, 300px\" \/><\/a><\/p>\n","protected":false},"excerpt":{"rendered":"<p>*** Festival Z\u00e9tinsel L&rsquo;\u00e9clipse vue du coll\u00e8ge * * * Cueillette et distribution des letchis au coll\u00e8ge *** Accueil des correspondants Erasmus +<\/p>\n<p class=\"continue-reading-button\"> <a class=\"continue-reading-link\" href=\"https:\/\/etab.ac-reunion.fr\/clg-le-dimitile\/la-vie-du-college\/evenements-divers\/\">Lire la suite<i class=\"crycon-right-dir\"><\/i><\/a><\/p>\n","protected":false},"author":8105,"featured_media":0,"parent":243,"menu_order":0,"comment_status":"closed","ping_status":"closed","template":"","meta":{"footnotes":""},"class_list":["post-9513","page","type-page","status-publish","hentry"],"_links":{"self":[{"href":"https:\/\/etab.ac-reunion.fr\/clg-le-dimitile\/wp-json\/wp\/v2\/pages\/9513","targetHints":{"allow":["GET"]}}],"collection":[{"href":"https:\/\/etab.ac-reunion.fr\/clg-le-dimitile\/wp-json\/wp\/v2\/pages"}],"about":[{"href":"https:\/\/etab.ac-reunion.fr\/clg-le-dimitile\/wp-json\/wp\/v2\/types\/page"}],"author":[{"embeddable":true,"href":"https:\/\/etab.ac-reunion.fr\/clg-le-dimitile\/wp-json\/wp\/v2\/users\/8105"}],"replies":[{"embeddable":true,"href":"https:\/\/etab.ac-reunion.fr\/clg-le-dimitile\/wp-json\/wp\/v2\/comments?post=9513"}],"version-history":[{"count":8,"href":"https:\/\/etab.ac-reunion.fr\/clg-le-dimitile\/wp-json\/wp\/v2\/pages\/9513\/revisions"}],"predecessor-version":[{"id":10276,"href":"https:\/\/etab.ac-reunion.fr\/clg-le-dimitile\/wp-json\/wp\/v2\/pages\/9513\/revisions\/10276"}],"up":[{"embeddable":true,"href":"https:\/\/etab.ac-reunion.fr\/clg-le-dimitile\/wp-json\/wp\/v2\/pages\/243"}],"wp:attachment":[{"href":"https:\/\/etab.ac-reunion.fr\/clg-le-dimitile\/wp-json\/wp\/v2\/media?parent=9513"}],"curies":[{"name":"wp","href":"https:\/\/api.w.org\/{rel}","templated":true}]}}