{"id":1164,"date":"2016-05-19T10:22:03","date_gmt":"2016-05-19T06:22:03","guid":{"rendered":"http:\/\/college-du-ruisseau.ac-reunion.fr\/?page_id=1164"},"modified":"2019-08-01T19:16:45","modified_gmt":"2019-08-01T15:16:45","slug":"enseignement-de-complement-latin","status":"publish","type":"page","link":"https:\/\/etab.ac-reunion.fr\/clg-le-ruisseau\/enseignement-de-complement-latin\/","title":{"rendered":"Latin"},"content":{"rendered":"\n<div class=\"wp-block-image\"><figure class=\"aligncenter\"><img loading=\"lazy\" decoding=\"async\" width=\"367\" height=\"254\" src=\"https:\/\/etab.ac-reunion.fr\/clg-le-ruisseau\/wp-content\/uploads\/sites\/108\/2016\/05\/Latin.jpg\" alt=\"\" class=\"wp-image-1170\" srcset=\"https:\/\/etab.ac-reunion.fr\/clg-le-ruisseau\/wp-content\/uploads\/sites\/108\/2016\/05\/Latin.jpg 367w, https:\/\/etab.ac-reunion.fr\/clg-le-ruisseau\/wp-content\/uploads\/sites\/108\/2016\/05\/Latin-300x208.jpg 300w\" sizes=\"auto, (max-width: 367px) 100vw, 367px\" \/><figcaption>La louve \u00e0 Rome<\/figcaption><\/figure><\/div>\n\n\n<p>L\u2019Enseignement de Compl\u00e9ment Latin (Langues et Cultures de l\u2019Antiquit\u00e9) peut se commencer en d\u00e9but de 5\u00e8me. C\u2019est un enseignement suppl\u00e9mentaire, choisi par les familles en fin de 6\u00e8me (sur la fiche navette). Il se poursuit en 4\u00e8me et 3\u00e8me.<\/p>\n<p>L\u2019horaire est de 1 heure par semaine en 5\u00e8me, 2heures en 4\u00e8me et 3\u00e8me. Le latin apporte, par sa civilisation, une meilleure connaissance de notre culture et de la litt\u00e9rature fran\u00e7aise et europ\u00e9enne. De plus, le latin contribue \u00e0 une meilleure connaissance de la langue fran\u00e7aise ; il permet aussi, par l\u2019\u00e9tymologie, une meilleure compr\u00e9hension du sens des mots fran\u00e7ais.<\/p>\n<p>Des points suppl\u00e9mentaires seront accord\u00e9s au DNB pour les \u00e9l\u00e8ves qui suivront cet enseignement.<\/p>","protected":false},"excerpt":{"rendered":"<p>L\u2019Enseignement de Compl\u00e9ment Latin (Langues et Cultures de l\u2019Antiquit\u00e9) peut se commencer en d\u00e9but de 5\u00e8me. C\u2019est un enseignement suppl\u00e9mentaire, choisi par les familles en fin de 6\u00e8me (sur la&#8230;<\/p>\n<p class=\"continue-reading-button\"> <a class=\"continue-reading-link\" href=\"https:\/\/etab.ac-reunion.fr\/clg-le-ruisseau\/enseignement-de-complement-latin\/\">Lire la suite<i class=\"crycon-right-dir\"><\/i><\/a><\/p>\n","protected":false},"author":3925,"featured_media":0,"parent":0,"menu_order":0,"comment_status":"closed","ping_status":"closed","template":"","meta":{"footnotes":""},"class_list":["post-1164","page","type-page","status-publish","hentry"],"_links":{"self":[{"href":"https:\/\/etab.ac-reunion.fr\/clg-le-ruisseau\/wp-json\/wp\/v2\/pages\/1164","targetHints":{"allow":["GET"]}}],"collection":[{"href":"https:\/\/etab.ac-reunion.fr\/clg-le-ruisseau\/wp-json\/wp\/v2\/pages"}],"about":[{"href":"https:\/\/etab.ac-reunion.fr\/clg-le-ruisseau\/wp-json\/wp\/v2\/types\/page"}],"author":[{"embeddable":true,"href":"https:\/\/etab.ac-reunion.fr\/clg-le-ruisseau\/wp-json\/wp\/v2\/users\/3925"}],"replies":[{"embeddable":true,"href":"https:\/\/etab.ac-reunion.fr\/clg-le-ruisseau\/wp-json\/wp\/v2\/comments?post=1164"}],"version-history":[{"count":7,"href":"https:\/\/etab.ac-reunion.fr\/clg-le-ruisseau\/wp-json\/wp\/v2\/pages\/1164\/revisions"}],"predecessor-version":[{"id":2347,"href":"https:\/\/etab.ac-reunion.fr\/clg-le-ruisseau\/wp-json\/wp\/v2\/pages\/1164\/revisions\/2347"}],"wp:attachment":[{"href":"https:\/\/etab.ac-reunion.fr\/clg-le-ruisseau\/wp-json\/wp\/v2\/media?parent=1164"}],"curies":[{"name":"wp","href":"https:\/\/api.w.org\/{rel}","templated":true}]}}