{"id":125,"date":"2014-11-17T13:57:02","date_gmt":"2014-11-17T09:57:02","guid":{"rendered":"http:\/\/college-du-ruisseau.ac-reunion.fr\/?page_id=125"},"modified":"2019-08-04T22:11:54","modified_gmt":"2019-08-04T18:11:54","slug":"mentions-legales","status":"publish","type":"page","link":"https:\/\/etab.ac-reunion.fr\/clg-le-ruisseau\/mentions-legales\/","title":{"rendered":"Mentions l\u00e9gales"},"content":{"rendered":"\n<p><strong> Editeur :<\/strong><br> Coll\u00e8ge le Ruisseau<br> 67 Rue Hubert Delisle<br> 97421 La RIVIERE SAINT-LOUIS<\/p>\n\n\n\n<p><strong>Directeur de la publication et responsable de la r\u00e9daction :<\/strong><br> Monsieur PAQUET Pascal, Principal du coll\u00e8ge<\/p>\n\n\n\n<p><strong>Webmestre :<\/strong><br> ROBERT Stephan, professeur d&rsquo;EPS<\/p>\n\n\n\n<p><strong>Fournisseur de l\u2019h\u00e9bergement :<\/strong><br>\nRectorat de l\u2019Acad\u00e9mie de La R\u00e9union<br>\nSecr\u00e9tariat g\u00e9n\u00e9ral \u2013 Service Communication<br>\n24 avenue Georges BRASSENS 97702 SAINT-DENIS Messag CEDEX 9<\/p>\n\n\n\n<p><strong>Droits d\u2019auteurs :<\/strong><br>\nCe site rel\u00e8ve de la l\u00e9gislation fran\u00e7aise et internationale sur le \ndroit d\u2019auteur et la propri\u00e9t\u00e9 intellectuelle. Tous les droits de \nreproduction sont r\u00e9serv\u00e9s.<\/p>\n","protected":false},"excerpt":{"rendered":"<p>Editeur : Coll\u00e8ge le Ruisseau 67 Rue Hubert Delisle 97421 La RIVIERE SAINT-LOUIS Directeur de la publication et responsable de la r\u00e9daction : Monsieur PAQUET Pascal, Principal du coll\u00e8ge Webmestre&#8230;<\/p>\n<p class=\"continue-reading-button\"> <a class=\"continue-reading-link\" href=\"https:\/\/etab.ac-reunion.fr\/clg-le-ruisseau\/mentions-legales\/\">Lire la suite<i class=\"crycon-right-dir\"><\/i><\/a><\/p>\n","protected":false},"author":3966,"featured_media":0,"parent":0,"menu_order":0,"comment_status":"closed","ping_status":"closed","template":"","meta":{"footnotes":""},"class_list":["post-125","page","type-page","status-publish","hentry"],"_links":{"self":[{"href":"https:\/\/etab.ac-reunion.fr\/clg-le-ruisseau\/wp-json\/wp\/v2\/pages\/125","targetHints":{"allow":["GET"]}}],"collection":[{"href":"https:\/\/etab.ac-reunion.fr\/clg-le-ruisseau\/wp-json\/wp\/v2\/pages"}],"about":[{"href":"https:\/\/etab.ac-reunion.fr\/clg-le-ruisseau\/wp-json\/wp\/v2\/types\/page"}],"author":[{"embeddable":true,"href":"https:\/\/etab.ac-reunion.fr\/clg-le-ruisseau\/wp-json\/wp\/v2\/users\/3966"}],"replies":[{"embeddable":true,"href":"https:\/\/etab.ac-reunion.fr\/clg-le-ruisseau\/wp-json\/wp\/v2\/comments?post=125"}],"version-history":[{"count":2,"href":"https:\/\/etab.ac-reunion.fr\/clg-le-ruisseau\/wp-json\/wp\/v2\/pages\/125\/revisions"}],"predecessor-version":[{"id":2389,"href":"https:\/\/etab.ac-reunion.fr\/clg-le-ruisseau\/wp-json\/wp\/v2\/pages\/125\/revisions\/2389"}],"wp:attachment":[{"href":"https:\/\/etab.ac-reunion.fr\/clg-le-ruisseau\/wp-json\/wp\/v2\/media?parent=125"}],"curies":[{"name":"wp","href":"https:\/\/api.w.org\/{rel}","templated":true}]}}