{"id":1526,"date":"2017-01-30T09:08:49","date_gmt":"2017-01-30T05:08:49","guid":{"rendered":"http:\/\/college-du-ruisseau.ac-reunion.fr\/?page_id=1526"},"modified":"2022-08-11T11:41:30","modified_gmt":"2022-08-11T07:41:30","slug":"restauration","status":"publish","type":"page","link":"https:\/\/etab.ac-reunion.fr\/clg-le-ruisseau\/gestion\/restauration\/","title":{"rendered":"Restauration"},"content":{"rendered":"\n<p><strong>REGLEMENT INTERIEUR<\/strong><\/p>\n\n\n\n<p><strong>DU SERVICE DE RESTAURATION ET D&rsquo;HEBERGEMENT<\/strong><\/p>\n\n\n\n<p><strong>I- <\/strong><strong>Modalit\u00e9s de fonctionnement<\/strong><\/p>\n\n\n\n<p><strong>a) inscription et modification de r\u00e9gime<\/strong><\/p>\n\n\n\n<p>L&rsquo;inscription au restaurant scolaire est faite par le responsable l\u00e9gal de l&rsquo;\u00e9l\u00e8ve pour l&rsquo;ann\u00e9e scolaire\u00a0: en juin, pour les 6\u00e8mes au moment de l&rsquo;inscription et pour les autres \u00e9l\u00e8ves par la remise du coupon \u00e0 la vie scolaire. Les familles qui n&rsquo;auront pas r\u00e9gl\u00e9es les factures de tous les trimestres ne pourront inscrire leur enfant \u00e0 la restauration.<\/p>\n\n\n\n<p>Les modifications de r\u00e9gime se font par \u00e9crit (dans le carnet de l&rsquo;\u00e9l\u00e8ve ou sur feuille) et transmises au secr\u00e9tariat de gestion.<\/p>\n\n\n\n<p><strong>b) horaires d&rsquo;ouverture<\/strong><\/p>\n\n\n\n<p>Le service de restauration est ouvert du lundi au vendredi (sauf le mercredi) de 11h30 \u00e0 13h30.<\/p>\n\n\n\n<p>Le passage des \u00e9l\u00e8ves se fait selon un planning d\u00e9fini \u00e0 la rentr\u00e9e et par classe. A 11h30, ils se rangent 2 par 2 vers le pr\u00e9au en silence et avec leur cartable puis sur les consignes d&rsquo;un assistant d&rsquo;\u00e9ducation acc\u00e8dent au service de la restauration dans le calme. Les cartables seront d\u00e9pos\u00e9s sur les \u00e9tag\u00e8res pr\u00e9vues \u00e0 cet effet avant d\u2019entrer dans le self ou d\u00e9pos\u00e9s dans la salle mise \u00e0 disposition. Les \u00e9l\u00e8ves pr\u00e9sentent leur carte. Tout \u00e9l\u00e8ve sans carte (oubli, casse, perte et non pr\u00e9sentation volontaire) devra attendre la fin du passage des \u00e9l\u00e8ves pour manger. Il sera d\u00e8s lors plac\u00e9 par le personnel de la Vie Scolaire.<\/p>\n\n\n\n<p>ATTENTION :<\/p>\n\n\n\n<p>La carte d&rsquo;acc\u00e8s est remise \u00e0 chaque \u00e9l\u00e8ve en d\u00e9but d\u2019ann\u00e9e scolaire et doit \u00eatre conserv\u00e9e en l\u2019\u00e9tat tout au long de sa scolarit\u00e9 au coll\u00e8ge. Le prix de remplacement de la carte est fix\u00e9e en Conseil d&rsquo;Administration \u00e0 10\u20ac (perte ou d\u00e9gradation).<\/p>\n\n\n\n<ol class=\"wp-block-list\"><li>\n<strong>R\u00e8gles de comportement au sein du r\u00e9fectoire<\/strong>\n<\/li><\/ol>\n\n\n\n<p><strong>Tout \u00e9l\u00e8ve demi pensionnaire est tenu de se pr\u00e9senter \u00e0 la demi-pension m\u00eame s\u2019il ne d\u00e9sire pas d\u00e9jeuner et en informer un des personnels (CPE, assistants d\u2019\u00e9ducation, infirmi\u00e8re, gestionnaire,,.)<\/strong><\/p>\n\n\n\n<p><em><strong>Plateau repas<\/strong><\/em><\/p>\n\n\n\n<p>Chaque \u00e9l\u00e8ve prend un plateau, un verre, un ensemble de couverts et une serviette (\u00e0 renouveler si n\u00e9cessaire). Le nombre de morceaux de pain est limit\u00e9 \u00e0 deux morceaux de pain par personne \u00e0 condition qu\u2019ils soient mang\u00e9s.<\/p>\n\n\n\n<p>Dans un souci d\u2019\u00e9quilibre alimentaire, le plateau repas est compos\u00e9 de&nbsp;:<\/p>\n\n\n\n<ul class=\"wp-block-list\"><li>\nune entr\u00e9e\n<\/li><li>\nun plat de r\u00e9sistance\n<\/li><li>\nun dessert\n<\/li><\/ul>\n\n\n\n<p>Il est interdit de toucher les aliments du self. Par mesure d&rsquo;hygi\u00e8ne, un plat ou aliment pris ne peut plus \u00eatre ni repos\u00e9 ni \u00e9chang\u00e9.<\/p>\n\n\n\n<p><em><strong>Temps du repas<\/strong><\/em><\/p>\n\n\n\n<p>Les \u00e9l\u00e8ves doivent rester assis et manger proprement. Il est interdit de courir, crier, se battre et circuler sans raison dans le r\u00e9fectoire, tout comme il est interdit de projeter de la nourriture ou de l&rsquo;eau. Un \u00e9l\u00e8ve qui salit une table devra la nettoyer. De m\u00eame, l&rsquo;\u00e9l\u00e8ve qui fait tomber son plateau devra ramasser l&rsquo;ensemble de son contenu et passer le balai. Les \u00e9l\u00e8ves doivent quitter le r\u00e9fectoire apr\u00e8s la fin de leurs repas afin de laisser la place aux autres \u00e9l\u00e8ves qui n&rsquo;ont pas encore d\u00e9jeun\u00e9. Ils d\u00e9posent leur plateau au service de la plonge, apr\u00e8s avoir rassembl\u00e9 dans leur assiette les d\u00e9chets et d\u00e9pos\u00e9 les couverts (sans les jeter) dans les bacs destin\u00e9s \u00e0 cet effet. <strong>Il est interdit de sortir de la salle de restauration avec de la nourriture.<\/strong><\/p>\n\n\n\n<p>Pendant le d\u00e9jeuner les \u00e9l\u00e8ves doivent se respecter entre eux et respecter le personnel ainsi que les r\u00e8gles \u00e9l\u00e9mentaires de propret\u00e9 et de savoir vivre.<\/p>\n\n\n\n<p><strong>II-Modalit\u00e9s financi\u00e8res<\/strong><\/p>\n\n\n\n<p><strong>a) Prix de la restauration scolaire<\/strong><\/p>\n\n\n\n<p>Les tarifs des diff\u00e9rentes prestations de la restauration scolaire sont fix\u00e9s par le Conseil D\u00e9partemental de la R\u00e9union et d\u00e9lib\u00e9r\u00e9s au 2\u00e8me conseil d\u2019administration de l\u2019ann\u00e9e scolaire en cours.<\/p>\n\n\n\n<p>&#8211; 2 &#8211;<\/p>\n\n\n\n<p><strong>b) Modalit\u00e9s de paiement des prestations<\/strong><\/p>\n\n\n\n<p>Trois moyens de paiement sont disponibles pour le paiement de la demi-pension pour les familles (esp\u00e8ces, ch\u00e8ques, paiement en ligne par internet).<\/p>\n\n\n\n<p>Pour le paiement par ch\u00e8que, le responsable l\u00e9gal indiquera l&rsquo;ordre \u00e0 l&rsquo;attention de l&rsquo;agent comptable du coll\u00e8ge le Ruisseau, portera au dos du ch\u00e8que le nom et pr\u00e9nom de l&rsquo;\u00e9l\u00e8ve et le transmettra au secr\u00e9tariat de gestion.<\/p>\n\n\n\n<p>Tout paiement en esp\u00e8ces, doit se faire au secr\u00e9tariat de la gestion sur les heures d\u2019ouverture du service (7h30-11H30) qui d\u00e9livrera en contre partie une quittance de paiement (il est recommand\u00e9 aux familles de faire l&rsquo;appoint).<\/p>\n\n\n\n<p>Les repas des commensaux sont factur\u00e9s et pay\u00e9s au moment de l&rsquo;achat des repas au secr\u00e9tariat de gestion par ch\u00e8que ou esp\u00e8ces.<\/p>\n\n\n\n<ol class=\"wp-block-list\"><li>\n<strong>Aides aux repas<\/strong>\n<\/li><\/ol>\n\n\n\n<p>Il existe diff\u00e9rentes aides aux familles pour payer les frais de demi-pension&nbsp;:<\/p>\n\n\n\n<p>*Les bourses nationales de coll\u00e8ge&nbsp;:<\/p>\n\n\n\n<p>Les dossiers de demande de bourse de coll\u00e8ge sont remis \u00e0 la rentr\u00e9e, devront \u00eatre compl\u00e9t\u00e9s et ramen\u00e9s au professeur principal.<\/p>\n\n\n\n<p>*Le fonds social cantines&nbsp;: en cas de difficult\u00e9s financi\u00e8res, les familles sollicitent l\u2019assistante sociale du coll\u00e8ge ou le service de gestion (standard 0262390268)<\/p>\n\n\n\n<p><strong>RAPPEL<\/strong>&nbsp;: L\u2019inscription \u00e0 la demi-pension n\u2019est pas obligatoire&nbsp;: c\u2019est un service rendu aux familles, par cons\u00e9quent&nbsp;:<\/p>\n\n\n\n<p><strong>Tout \u00e9l\u00e8ve contrevenant aux r\u00e8gles de comportement indiqu\u00e9es dans le pr\u00e9sent r\u00e8glement int\u00e9rieur et dans celui du coll\u00e8ge s&rsquo;expose aux punitions et sanctions, ainsi qu&rsquo;\u00e0 une exclusion temporaire ou d\u00e9finitive du restaurant scolaire.<\/strong><\/p>\n","protected":false},"excerpt":{"rendered":"<p>REGLEMENT INTERIEUR DU SERVICE DE RESTAURATION ET D&rsquo;HEBERGEMENT I- Modalit\u00e9s de fonctionnement a) inscription et modification de r\u00e9gime L&rsquo;inscription au restaurant scolaire est faite par le responsable l\u00e9gal de l&rsquo;\u00e9l\u00e8ve&#8230;<\/p>\n<p class=\"continue-reading-button\"> <a class=\"continue-reading-link\" href=\"https:\/\/etab.ac-reunion.fr\/clg-le-ruisseau\/gestion\/restauration\/\">Lire la suite<i class=\"crycon-right-dir\"><\/i><\/a><\/p>\n","protected":false},"author":7561,"featured_media":0,"parent":256,"menu_order":0,"comment_status":"closed","ping_status":"closed","template":"","meta":{"footnotes":""},"class_list":["post-1526","page","type-page","status-publish","hentry"],"_links":{"self":[{"href":"https:\/\/etab.ac-reunion.fr\/clg-le-ruisseau\/wp-json\/wp\/v2\/pages\/1526","targetHints":{"allow":["GET"]}}],"collection":[{"href":"https:\/\/etab.ac-reunion.fr\/clg-le-ruisseau\/wp-json\/wp\/v2\/pages"}],"about":[{"href":"https:\/\/etab.ac-reunion.fr\/clg-le-ruisseau\/wp-json\/wp\/v2\/types\/page"}],"author":[{"embeddable":true,"href":"https:\/\/etab.ac-reunion.fr\/clg-le-ruisseau\/wp-json\/wp\/v2\/users\/7561"}],"replies":[{"embeddable":true,"href":"https:\/\/etab.ac-reunion.fr\/clg-le-ruisseau\/wp-json\/wp\/v2\/comments?post=1526"}],"version-history":[{"count":6,"href":"https:\/\/etab.ac-reunion.fr\/clg-le-ruisseau\/wp-json\/wp\/v2\/pages\/1526\/revisions"}],"predecessor-version":[{"id":3867,"href":"https:\/\/etab.ac-reunion.fr\/clg-le-ruisseau\/wp-json\/wp\/v2\/pages\/1526\/revisions\/3867"}],"up":[{"embeddable":true,"href":"https:\/\/etab.ac-reunion.fr\/clg-le-ruisseau\/wp-json\/wp\/v2\/pages\/256"}],"wp:attachment":[{"href":"https:\/\/etab.ac-reunion.fr\/clg-le-ruisseau\/wp-json\/wp\/v2\/media?parent=1526"}],"curies":[{"name":"wp","href":"https:\/\/api.w.org\/{rel}","templated":true}]}}