{"id":1819,"date":"2017-08-28T09:06:57","date_gmt":"2017-08-28T05:06:57","guid":{"rendered":"http:\/\/college-du-ruisseau.ac-reunion.fr\/?page_id=1819"},"modified":"2021-02-09T15:23:30","modified_gmt":"2021-02-09T11:23:30","slug":"aides-financieres-au-college","status":"publish","type":"page","link":"https:\/\/etab.ac-reunion.fr\/clg-le-ruisseau\/gestion\/aides-financieres-au-college\/","title":{"rendered":"Aides financi\u00e8res"},"content":{"rendered":"<p>La bourse est attribu\u00e9e selon les ressources de la famille; un dossier est remis \u00e0 chaque \u00e9l\u00e8ve au mois de septembre.<\/p>\n<p>A partir de la rentr\u00e9e 2017-2018, le minist\u00e8re de l&rsquo;\u00e9ducation a mis en place la possibilit\u00e9 de faire la demande de bourse de coll\u00e8ge en ligne.<\/p>\n<p>Vous pouvez retrouver plus d&rsquo;informations sur le site du minist\u00e8re de l&rsquo;\u00e9ducation en cliquant sur ce lien: <a href=\"http:\/\/www.education.gouv.fr\/cid88\/les-aides-financieres-au-college.html\" target=\"_blank\" rel=\"noopener noreferrer\">http:\/\/www.education.gouv.fr\/cid88\/les-aides-financieres-au-college.html<\/a><\/p>\n\n\n<figure class=\"wp-block-image size-large\"><a href=\"https:\/\/etab.ac-reunion.fr\/clg-le-ruisseau\/2020\/09\/04\/ouverture-de-la-campagne-de-bourse-de-college-en-ligne\/\"><img loading=\"lazy\" decoding=\"async\" width=\"400\" height=\"225\" src=\"https:\/\/etab.ac-reunion.fr\/clg-le-ruisseau\/wp-content\/uploads\/sites\/108\/2020\/09\/bourse-college-680x383-1-e1599198768130.jpg\" alt=\"\" class=\"wp-image-3067\" \/><\/a><\/figure>\n","protected":false},"excerpt":{"rendered":"<p>La bourse est attribu\u00e9e selon les ressources de la famille; un dossier est remis \u00e0 chaque \u00e9l\u00e8ve au mois de septembre. A partir de la rentr\u00e9e 2017-2018, le minist\u00e8re de&#8230;<\/p>\n<p class=\"continue-reading-button\"> <a class=\"continue-reading-link\" href=\"https:\/\/etab.ac-reunion.fr\/clg-le-ruisseau\/gestion\/aides-financieres-au-college\/\">Lire la suite<i class=\"crycon-right-dir\"><\/i><\/a><\/p>\n","protected":false},"author":3966,"featured_media":0,"parent":256,"menu_order":0,"comment_status":"closed","ping_status":"closed","template":"","meta":{"footnotes":""},"class_list":["post-1819","page","type-page","status-publish","hentry"],"_links":{"self":[{"href":"https:\/\/etab.ac-reunion.fr\/clg-le-ruisseau\/wp-json\/wp\/v2\/pages\/1819","targetHints":{"allow":["GET"]}}],"collection":[{"href":"https:\/\/etab.ac-reunion.fr\/clg-le-ruisseau\/wp-json\/wp\/v2\/pages"}],"about":[{"href":"https:\/\/etab.ac-reunion.fr\/clg-le-ruisseau\/wp-json\/wp\/v2\/types\/page"}],"author":[{"embeddable":true,"href":"https:\/\/etab.ac-reunion.fr\/clg-le-ruisseau\/wp-json\/wp\/v2\/users\/3966"}],"replies":[{"embeddable":true,"href":"https:\/\/etab.ac-reunion.fr\/clg-le-ruisseau\/wp-json\/wp\/v2\/comments?post=1819"}],"version-history":[{"count":4,"href":"https:\/\/etab.ac-reunion.fr\/clg-le-ruisseau\/wp-json\/wp\/v2\/pages\/1819\/revisions"}],"predecessor-version":[{"id":3176,"href":"https:\/\/etab.ac-reunion.fr\/clg-le-ruisseau\/wp-json\/wp\/v2\/pages\/1819\/revisions\/3176"}],"up":[{"embeddable":true,"href":"https:\/\/etab.ac-reunion.fr\/clg-le-ruisseau\/wp-json\/wp\/v2\/pages\/256"}],"wp:attachment":[{"href":"https:\/\/etab.ac-reunion.fr\/clg-le-ruisseau\/wp-json\/wp\/v2\/media?parent=1819"}],"curies":[{"name":"wp","href":"https:\/\/api.w.org\/{rel}","templated":true}]}}