{"id":2182,"date":"2019-02-19T16:55:49","date_gmt":"2019-02-19T12:55:49","guid":{"rendered":"http:\/\/college-du-ruisseau.ac-reunion.fr\/?page_id=2182"},"modified":"2019-08-04T19:17:30","modified_gmt":"2019-08-04T15:17:30","slug":"contacts","status":"publish","type":"page","link":"https:\/\/etab.ac-reunion.fr\/clg-le-ruisseau\/contacts\/","title":{"rendered":"Contact"},"content":{"rendered":"<h4><strong>Historique<\/strong><\/h4>\n<p>Situ\u00e9 dans les hauts de la Rivi\u00e8re, d&rsquo;abord ancienne \u00e9cole primaire, puis CEG, et CES, le coll\u00e8ge du Ruisseau a suivi l\u2019\u00e9volution du syst\u00e8me scolaire fran\u00e7ais.<\/p>\n<p>Ses b\u00e2timents se sont construits au fil des ann\u00e9es. Suite \u00e0 la construction d&rsquo;une nouvelle \u00e9cole maternelle le coll\u00e8ge r\u00e9cup\u00e8re en 1999 les locaux voisins de l&rsquo;ancienne \u00e9cole Langevin Wallon.<\/p>\n<p>Ainsi il b\u00e9n\u00e9ficie d\u2019une augmentation de surface, de la cr\u00e9ation d\u2019une cuisine, de logements de fonctions, de surfaces couvertes et d\u2019un parking pour le personnel.<\/p>\n<p>Aujourd&rsquo;hui il peut accueillir environ 700 \u00e9l\u00e8ves.<\/p>\n<h4><strong>Horaires et sonneries<\/strong><\/h4>\n<p>Le coll\u00e8ge est ouvert du Lundi au Vendredi de 7h15 \u00e0 17h, sauf le mercredi de 7h15 \u00e0 12h<\/p>\n<h4><strong>Coll\u00e8ge Le Ruisseau<\/strong><\/h4>\n<p class=\"annuaire-etablissement-infos\"><span class=\"annuaire-type-etab\">\u00c9tablissement Public<\/span><\/p>\n<p class=\"annuaire-etablissement-infos\">67 rue Hubert Delisle<br \/>\n97421 Saint-Louis<\/p>\n<p class=\"annuaire-etablissement-infos\">T\u00e9l. 02 62 39 02 68\u00a0\/\u00a0Fax. 02 62 39 43 81<\/p>\n<h4><strong>Plan d&rsquo;acc\u00e8s:<\/strong><\/h4>\n<p><small><a href=\"https:\/\/www.openstreetmap.org\/?mlat=-21.25646&amp;mlon=55.43594#map=17\/-21.25646\/55.43594\" target=\"_blank\" rel=\"noopener noreferrer\">Afficher une carte plus grande<\/a><\/small><\/p>\n<h4><strong>Nous Contacter<\/strong><\/h4>\n\n<div class=\"wpcf7 no-js\" id=\"wpcf7-f2184-o1\" lang=\"fr-FR\" dir=\"ltr\" data-wpcf7-id=\"2184\">\n<div class=\"screen-reader-response\"><p role=\"status\" aria-live=\"polite\" aria-atomic=\"true\"><\/p> <ul><\/ul><\/div>\n<form action=\"\/clg-le-ruisseau\/wp-json\/wp\/v2\/pages\/2182#wpcf7-f2184-o1\" method=\"post\" class=\"wpcf7-form init\" aria-label=\"Formulaire de contact\" novalidate=\"novalidate\" data-status=\"init\">\n<fieldset class=\"hidden-fields-container\"><input type=\"hidden\" name=\"_wpcf7\" value=\"2184\" \/><input type=\"hidden\" name=\"_wpcf7_version\" value=\"6.1.5\" \/><input type=\"hidden\" name=\"_wpcf7_locale\" value=\"fr_FR\" \/><input type=\"hidden\" name=\"_wpcf7_unit_tag\" value=\"wpcf7-f2184-o1\" \/><input type=\"hidden\" name=\"_wpcf7_container_post\" value=\"0\" \/><input type=\"hidden\" name=\"_wpcf7_posted_data_hash\" value=\"\" \/>\n<\/fieldset>\n<p><span class=\"wpcf7-form-control-wrap\" data-name=\"menu-676\"><select class=\"wpcf7-form-control wpcf7-select wpcf7-validates-as-required\" aria-required=\"true\" aria-invalid=\"false\" name=\"menu-676\"><option value=\"Administration\">Administration<\/option><option value=\"Webmestre\">Webmestre<\/option><\/select><\/span>\n<\/p>\n<p><label> Votre nom (obligatoire)<br \/>\n<span class=\"wpcf7-form-control-wrap\" data-name=\"your-name\"><input size=\"40\" maxlength=\"400\" class=\"wpcf7-form-control wpcf7-text wpcf7-validates-as-required\" aria-required=\"true\" aria-invalid=\"false\" value=\"\" type=\"text\" name=\"your-name\" \/><\/span> <\/label>\n<\/p>\n<p><label> Votre adresse de messagerie (obligatoire)<br \/>\n<span class=\"wpcf7-form-control-wrap\" data-name=\"your-email\"><input size=\"40\" maxlength=\"400\" class=\"wpcf7-form-control wpcf7-email wpcf7-validates-as-required wpcf7-text wpcf7-validates-as-email\" aria-required=\"true\" aria-invalid=\"false\" value=\"\" type=\"email\" name=\"your-email\" \/><\/span> <\/label>\n<\/p>\n<p><label> Objet (obligatoire)<br \/>\n<span class=\"wpcf7-form-control-wrap\" data-name=\"your-subject\"><input size=\"40\" maxlength=\"400\" class=\"wpcf7-form-control wpcf7-text wpcf7-validates-as-required\" aria-required=\"true\" aria-invalid=\"false\" value=\"\" type=\"text\" name=\"your-subject\" \/><\/span> <\/label>\n<\/p>\n<p><label> Votre message (obligatoire)<br \/>\n<span class=\"wpcf7-form-control-wrap\" data-name=\"your-message\"><textarea cols=\"40\" rows=\"10\" maxlength=\"2000\" class=\"wpcf7-form-control wpcf7-textarea wpcf7-validates-as-required\" aria-required=\"true\" aria-invalid=\"false\" name=\"your-message\"><\/textarea><\/span> <\/label>\n<\/p>\n<p><span class=\"wpcf7-form-control-wrap\" data-name=\"quiz-256\"><label><span class=\"wpcf7-quiz-label\">Quelle est le numero du d\u00e9partement de la R\u00e9union?<\/span> <input size=\"40\" class=\"wpcf7-form-control wpcf7-quiz\" autocomplete=\"off\" aria-required=\"true\" aria-invalid=\"false\" type=\"text\" name=\"quiz-256\" \/><\/label><input type=\"hidden\" name=\"_wpcf7_quiz_answer_quiz-256\" value=\"31e3541b92aad036ed24de4c4b38dd31\" \/><\/span>\n<\/p>\n<p><label> Les informations recueillies \u00e0 partir de ce formulaire sont transmises uniquement aux destinataires. Elles ne sont pas conserv\u00e9es ou transmises \u00e0 des tiers.<\/label>\n<\/p>\n<p><span id=\"wpcf7-69dcec68c7fcf-wrapper\" class=\"wpcf7-form-control-wrap website-wrap\" style=\"display:none !important; visibility:hidden !important;\"><label for=\"wpcf7-69dcec68c7fcf-field\" class=\"hp-message\">Veuillez laisser ce champ vide.<\/label><input id=\"wpcf7-69dcec68c7fcf-field\"  class=\"wpcf7-form-control wpcf7-text\" type=\"text\" name=\"website\" value=\"\" size=\"40\" tabindex=\"-1\" autocomplete=\"new-password\" \/><\/span>\n<\/p>\n<p><input class=\"wpcf7-form-control wpcf7-submit has-spinner\" type=\"submit\" value=\"Envoyer\" \/>\n<\/p><div class=\"wpcf7-response-output\" aria-hidden=\"true\"><\/div>\n<\/form>\n<\/div>\n\n","protected":false},"excerpt":{"rendered":"<p>Historique Situ\u00e9 dans les hauts de la Rivi\u00e8re, d&rsquo;abord ancienne \u00e9cole primaire, puis CEG, et CES, le coll\u00e8ge du Ruisseau a suivi l\u2019\u00e9volution du syst\u00e8me scolaire fran\u00e7ais. Ses b\u00e2timents se&#8230;<\/p>\n<p class=\"continue-reading-button\"> <a class=\"continue-reading-link\" href=\"https:\/\/etab.ac-reunion.fr\/clg-le-ruisseau\/contacts\/\">Lire la suite<i class=\"crycon-right-dir\"><\/i><\/a><\/p>\n","protected":false},"author":7561,"featured_media":0,"parent":0,"menu_order":0,"comment_status":"closed","ping_status":"closed","template":"","meta":{"footnotes":""},"class_list":["post-2182","page","type-page","status-publish","hentry"],"_links":{"self":[{"href":"https:\/\/etab.ac-reunion.fr\/clg-le-ruisseau\/wp-json\/wp\/v2\/pages\/2182","targetHints":{"allow":["GET"]}}],"collection":[{"href":"https:\/\/etab.ac-reunion.fr\/clg-le-ruisseau\/wp-json\/wp\/v2\/pages"}],"about":[{"href":"https:\/\/etab.ac-reunion.fr\/clg-le-ruisseau\/wp-json\/wp\/v2\/types\/page"}],"author":[{"embeddable":true,"href":"https:\/\/etab.ac-reunion.fr\/clg-le-ruisseau\/wp-json\/wp\/v2\/users\/7561"}],"replies":[{"embeddable":true,"href":"https:\/\/etab.ac-reunion.fr\/clg-le-ruisseau\/wp-json\/wp\/v2\/comments?post=2182"}],"version-history":[{"count":16,"href":"https:\/\/etab.ac-reunion.fr\/clg-le-ruisseau\/wp-json\/wp\/v2\/pages\/2182\/revisions"}],"predecessor-version":[{"id":2378,"href":"https:\/\/etab.ac-reunion.fr\/clg-le-ruisseau\/wp-json\/wp\/v2\/pages\/2182\/revisions\/2378"}],"wp:attachment":[{"href":"https:\/\/etab.ac-reunion.fr\/clg-le-ruisseau\/wp-json\/wp\/v2\/media?parent=2182"}],"curies":[{"name":"wp","href":"https:\/\/api.w.org\/{rel}","templated":true}]}}