{"id":2341,"date":"2019-08-01T18:26:51","date_gmt":"2019-08-01T14:26:51","guid":{"rendered":"http:\/\/college-du-ruisseau.ac-reunion.fr\/?page_id=2341"},"modified":"2020-04-09T12:28:07","modified_gmt":"2020-04-09T08:28:07","slug":"dnb","status":"publish","type":"page","link":"https:\/\/etab.ac-reunion.fr\/clg-le-ruisseau\/dnb\/","title":{"rendered":"DNB"},"content":{"rendered":"\n<p style=\"text-align:center\" class=\"has-medium-font-size\"><strong><a href=\"https:\/\/etab.ac-reunion.fr\/clg-le-ruisseau\/wp-content\/uploads\/sites\/108\/2017\/12\/2017_dnb_infog_858835.pdf\" target=\"_blank\" rel=\"noreferrer noopener\" aria-label=\"Le DNB (s\u2019ouvre dans un nouvel onglet)\">Le DNB<\/a> (Dipl\u00f4me National du Brevet)<\/strong><\/p>\n\n\n\n<ul class=\"wp-block-list\"><li><strong>L&rsquo;\u00e9valuation du socle commun repr\u00e9sente 400 points.<\/strong><\/li><\/ul>\n\n\n\n<p>La ma\u00eetrise de chacune des huit composantes du socle commun est appr\u00e9ci\u00e9e lors du conseil de classe de fin d&rsquo;ann\u00e9e de 3\u00e8me :                    ma\u00eetrise insuffisante (10 pts), ma\u00eetrise fragile (25 pts), ma\u00eetrise satisfaisante (40 pts), tr\u00e8s bonne ma\u00eetrise (50 pts).<\/p>\n\n\n\n<p>D1.1 -Langue fran\u00e7aise \u00e0 l&rsquo;oral et \u00e0 l&rsquo;\u00e9crit<\/p>\n\n\n\n<p>D1.2 -Langues \u00e9trang\u00e8res et r\u00e9gionales<\/p>\n\n\n\n<p>D1.3 -Langages math\u00e9matiques, scientifiques et informatiques<\/p>\n\n\n\n<p>D1.4 -Langage des arts et du corps<\/p>\n\n\n\n<p>D2 -Les m\u00e9thodes et outils pour apprendre<\/p>\n\n\n\n<p>D3 -La formation de la personne et du citoyen<\/p>\n\n\n\n<p>D4 -Les syst\u00e8mes naturels et les syst\u00e8mes techniques<\/p>\n\n\n\n<p>D5 -Les repr\u00e9sentations du monde et l&rsquo;activit\u00e9 humaine<\/p>\n\n\n\n<ul class=\"wp-block-list\"><li><strong>Les \u00e9preuves de\nl&rsquo;examen repr\u00e9sentent 400 points.<\/strong><\/li><\/ul>\n\n\n\n<p>Sont \u00e9valu\u00e9s sur 100 points : le Fran\u00e7ais, les Math\u00e9matiques et l&rsquo;\u00e9preuve Orale<\/p>\n\n\n\n<p>Sont \u00e9valu\u00e9es sur 50 points : l&rsquo;Histoire-G\u00e9ographie, les Sciences (Physiques-Chimie, Sciences de la Vie et de la Terre, Technologie)<\/p>\n\n\n\n<p>Des points suppl\u00e9mentaires sont accord\u00e9s aux candidats ayant suivi\nun enseignement facultatif selon le niveau qu&rsquo;ils ont acquis \u00e0 la fin du\ncycle 4 au regard des objectifs d&rsquo;apprentissage de cet enseignement :<\/p>\n\n\n\n<p>&#8211; 10 points si les objectifs d&rsquo;apprentissage du cycle sont atteints.<\/p>\n\n\n\n<p>&#8211; 20 points si les objectifs d&rsquo;apprentissage du cycle sont d\u00e9pass\u00e9s.<\/p>\n\n\n\n<p><strong>L\u2019\u00e9l\u00e8ve est re\u00e7u s\u2019il obtient 400 points sur les 800.<\/strong><\/p>\n\n\n\n<p>Selon le total des points obtenu, les \u00e9l\u00e8ves peuvent se voir attribuer des mentions : \u00ab\u00a0assez bien\u00a0\u00bb, \u00ab\u00a0bien\u00a0\u00bb ou \u00ab\u00a0tr\u00e8s bien\u00a0\u00bb. Les mentions \u00ab\u00a0bien\u00a0\u00bb et \u00ab\u00a0tr\u00e8s bien\u00a0\u00bb permettent, sous certaines conditions, de b\u00e9n\u00e9ficier de bourses au m\u00e9rite. Il obtient la mention :<\/p>\n\n\n\n<p style=\"text-align:center\"><strong>Assez Bien <\/strong>s\u2019il obtient plus de 480 points<\/p>\n\n\n\n<p style=\"text-align:center\"><strong> Bien <\/strong>s\u2019il obtient plus de 560 points.<strong>&nbsp;&nbsp;&nbsp;&nbsp; <\/strong><\/p>\n\n\n\n<p style=\"text-align:center\"><strong>Tr\u00e8s Bien <\/strong>s\u2019il obtient plus de 640 points. <\/p>\n","protected":false},"excerpt":{"rendered":"<p>Le DNB (Dipl\u00f4me National du Brevet) L&rsquo;\u00e9valuation du socle commun repr\u00e9sente 400 points. La ma\u00eetrise de chacune des huit composantes du socle commun est appr\u00e9ci\u00e9e lors du conseil de classe&#8230;<\/p>\n<p class=\"continue-reading-button\"> <a class=\"continue-reading-link\" href=\"https:\/\/etab.ac-reunion.fr\/clg-le-ruisseau\/dnb\/\">Lire la suite<i class=\"crycon-right-dir\"><\/i><\/a><\/p>\n","protected":false},"author":7561,"featured_media":0,"parent":0,"menu_order":0,"comment_status":"closed","ping_status":"closed","template":"","meta":{"footnotes":""},"class_list":["post-2341","page","type-page","status-publish","hentry"],"_links":{"self":[{"href":"https:\/\/etab.ac-reunion.fr\/clg-le-ruisseau\/wp-json\/wp\/v2\/pages\/2341","targetHints":{"allow":["GET"]}}],"collection":[{"href":"https:\/\/etab.ac-reunion.fr\/clg-le-ruisseau\/wp-json\/wp\/v2\/pages"}],"about":[{"href":"https:\/\/etab.ac-reunion.fr\/clg-le-ruisseau\/wp-json\/wp\/v2\/types\/page"}],"author":[{"embeddable":true,"href":"https:\/\/etab.ac-reunion.fr\/clg-le-ruisseau\/wp-json\/wp\/v2\/users\/7561"}],"replies":[{"embeddable":true,"href":"https:\/\/etab.ac-reunion.fr\/clg-le-ruisseau\/wp-json\/wp\/v2\/comments?post=2341"}],"version-history":[{"count":7,"href":"https:\/\/etab.ac-reunion.fr\/clg-le-ruisseau\/wp-json\/wp\/v2\/pages\/2341\/revisions"}],"predecessor-version":[{"id":2371,"href":"https:\/\/etab.ac-reunion.fr\/clg-le-ruisseau\/wp-json\/wp\/v2\/pages\/2341\/revisions\/2371"}],"wp:attachment":[{"href":"https:\/\/etab.ac-reunion.fr\/clg-le-ruisseau\/wp-json\/wp\/v2\/media?parent=2341"}],"curies":[{"name":"wp","href":"https:\/\/api.w.org\/{rel}","templated":true}]}}