{"id":2445,"date":"2019-08-21T16:23:34","date_gmt":"2019-08-21T12:23:34","guid":{"rendered":"http:\/\/college-du-ruisseau.ac-reunion.fr\/?page_id=2445"},"modified":"2019-09-03T16:56:33","modified_gmt":"2019-09-03T12:56:33","slug":"projets-pedagogiques","status":"publish","type":"page","link":"https:\/\/etab.ac-reunion.fr\/clg-le-ruisseau\/projets-pedagogiques\/","title":{"rendered":"Projets P\u00e9dagogiques"},"content":{"rendered":"\n<p>Vous trouverez ici les diff\u00e9rents projets port\u00e9s par le coll\u00e8ge.<\/p>\n\n\n\n<p><a rel=\"noreferrer noopener\" aria-label=\"Projet d'Etablissement (s\u2019ouvre dans un nouvel onglet)\" href=\"https:\/\/etab.ac-reunion.fr\/clg-le-ruisseau\/wp-content\/uploads\/sites\/108\/2019\/08\/projet-de\u0301tablissement-2010-2014.pdf\" target=\"_blank\">Projet d&rsquo;Etablissement<\/a><\/p>\n\n\n\n<p><a rel=\"noreferrer noopener\" aria-label=\"Contrat d'Objectifs (s\u2019ouvre dans un nouvel onglet)\" href=\"https:\/\/etab.ac-reunion.fr\/clg-le-ruisseau\/wp-content\/uploads\/sites\/108\/2019\/08\/Contrat-dobjectifs-du-colle\u0300ge-le-Ruisseau-2015-2019.pdf\" target=\"_blank\">Contrat d&rsquo;Objectifs<\/a><\/p>\n\n\n\n<p><a href=\"https:\/\/etab.ac-reunion.fr\/clg-le-ruisseau\/socle-commun\/\">Le Socle Commun<\/a><\/p>\n","protected":false},"excerpt":{"rendered":"<p>Vous trouverez ici les diff\u00e9rents projets port\u00e9s par le coll\u00e8ge. Projet d&rsquo;Etablissement Contrat d&rsquo;Objectifs Le Socle Commun<\/p>\n<p class=\"continue-reading-button\"> <a class=\"continue-reading-link\" href=\"https:\/\/etab.ac-reunion.fr\/clg-le-ruisseau\/projets-pedagogiques\/\">Lire la suite<i class=\"crycon-right-dir\"><\/i><\/a><\/p>\n","protected":false},"author":7561,"featured_media":0,"parent":0,"menu_order":0,"comment_status":"closed","ping_status":"closed","template":"","meta":{"footnotes":""},"class_list":["post-2445","page","type-page","status-publish","hentry"],"_links":{"self":[{"href":"https:\/\/etab.ac-reunion.fr\/clg-le-ruisseau\/wp-json\/wp\/v2\/pages\/2445","targetHints":{"allow":["GET"]}}],"collection":[{"href":"https:\/\/etab.ac-reunion.fr\/clg-le-ruisseau\/wp-json\/wp\/v2\/pages"}],"about":[{"href":"https:\/\/etab.ac-reunion.fr\/clg-le-ruisseau\/wp-json\/wp\/v2\/types\/page"}],"author":[{"embeddable":true,"href":"https:\/\/etab.ac-reunion.fr\/clg-le-ruisseau\/wp-json\/wp\/v2\/users\/7561"}],"replies":[{"embeddable":true,"href":"https:\/\/etab.ac-reunion.fr\/clg-le-ruisseau\/wp-json\/wp\/v2\/comments?post=2445"}],"version-history":[{"count":5,"href":"https:\/\/etab.ac-reunion.fr\/clg-le-ruisseau\/wp-json\/wp\/v2\/pages\/2445\/revisions"}],"predecessor-version":[{"id":2537,"href":"https:\/\/etab.ac-reunion.fr\/clg-le-ruisseau\/wp-json\/wp\/v2\/pages\/2445\/revisions\/2537"}],"wp:attachment":[{"href":"https:\/\/etab.ac-reunion.fr\/clg-le-ruisseau\/wp-json\/wp\/v2\/media?parent=2445"}],"curies":[{"name":"wp","href":"https:\/\/api.w.org\/{rel}","templated":true}]}}