{"id":2579,"date":"2019-09-14T09:20:21","date_gmt":"2019-09-14T05:20:21","guid":{"rendered":"http:\/\/college-du-ruisseau.ac-reunion.fr\/?page_id=2579"},"modified":"2021-11-01T15:19:09","modified_gmt":"2021-11-01T11:19:09","slug":"europeenne-anglais","status":"publish","type":"page","link":"https:\/\/etab.ac-reunion.fr\/clg-le-ruisseau\/europeenne-anglais\/","title":{"rendered":"Europ\u00e9enne Anglais"},"content":{"rendered":"\n<div class=\"wp-block-image\"><figure class=\"alignright is-resized\"><img loading=\"lazy\" decoding=\"async\" src=\"https:\/\/etab.ac-reunion.fr\/clg-le-ruisseau\/wp-content\/uploads\/sites\/108\/2019\/09\/section-euro-anglais.jpg\" alt=\"\" class=\"wp-image-2583\" width=\"149\" height=\"126\" srcset=\"https:\/\/etab.ac-reunion.fr\/clg-le-ruisseau\/wp-content\/uploads\/sites\/108\/2019\/09\/section-euro-anglais.jpg 302w, https:\/\/etab.ac-reunion.fr\/clg-le-ruisseau\/wp-content\/uploads\/sites\/108\/2019\/09\/section-euro-anglais-300x254.jpg 300w, https:\/\/etab.ac-reunion.fr\/clg-le-ruisseau\/wp-content\/uploads\/sites\/108\/2019\/09\/section-euro-anglais-150x127.jpg 150w\" sizes=\"auto, (max-width: 149px) 100vw, 149px\" \/><\/figure><\/div>\n\n\n\n<p><strong>What&rsquo;s that ?<\/strong><br>Depuis la rentr\u00e9e 2019 , s&rsquo;est ouverte la section Europ\u00e9enne en classe de 4\u00e8me .&nbsp;<br>Les modalit\u00e9s de cette section sont les suivantes : <\/p>\n\n\n\n<p>\u00b7 <strong>OBJECTIFS :<\/strong><\/p>\n\n\n\n<p>L&rsquo;objectif n&rsquo;est pas le bilinguisme, mais l&rsquo;ouverture \u00e0 la diversit\u00e9 de l&rsquo;Europe et du monde. Faire de l\u2019anglais diff\u00e9remment en privil\u00e9giant <em>l\u2019ORAL<\/em> et la connaissance des <em>civilisations europ\u00e9ennes.<\/em><\/p>\n\n\n\n<p>\u00b7 <strong>HORAIRES<\/strong> :<\/p>\n\n\n\n<p>2 h par semaine, en suppl\u00e9ment de l\u2019emploi du temps classique.<\/p>\n\n\n\n<p>\u00b7 <strong>PUBLIC <\/strong>:<\/p>\n\n\n\n<p>&nbsp;El\u00e8ves de 4\u00e8me motiv\u00e9s, d\u2019un assez bon niveau qui aiment l&rsquo;anglais et souhaitent approfondir leur connaissance de la langue anglaise,&nbsp; qui sont ouverts au monde et veulent d\u00e9couvrir d&rsquo;autres cultures.<\/p>\n\n\n\n<p>\u00b7 <strong>PROGRAMME<\/strong> :<\/p>\n\n\n\n<p>Travail sur les pays anglophones, les f\u00eates traditionnelles, l\u2019Europe.<\/p>\n\n\n\n<p>Participation au projet <strong><em>EUMIND<\/em><\/strong> : jumelage virtuel avec un coll\u00e8ge en Inde<\/p>\n\n\n\n<p>\u00b7 <strong>MODE DE TRAVAIL<\/strong> :<\/p>\n\n\n\n<p>Expos\u00e9s, d\u00e9bats, films, mini-sketchs, interviews, vid\u00e9o conf\u00e9rences&#8230; Mise en avant du travail effectu\u00e9 sur le site du coll\u00e8ge<\/p>\n\n\n\n<p>\u00b7 <strong>CONTINUITE<\/strong> :<\/p>\n\n\n\n<p>&nbsp;Engagement pour deux ans (4\u00e8me + 3\u00e8me).<\/p>\n\n\n\n<p>En 3\u00e8me, 2 heures d\u2019anglais renforc\u00e9e en plus des 3 heures hebdomadaires. En mai, un voyage culturel et linguistique en Grande-Bretagne. Possibilit\u00e9 de poursuivre au Lyc\u00e9e dans le but d\u2019obtenir une mention europ\u00e9enne sur le dipl\u00f4me du baccalaur\u00e9at.<\/p>\n\n\n\n<figure class=\"wp-block-gallery columns-3 is-cropped wp-block-gallery-1 is-layout-flex wp-block-gallery-is-layout-flex\"><ul class=\"blocks-gallery-grid\"><li class=\"blocks-gallery-item\"><figure><img loading=\"lazy\" decoding=\"async\" width=\"400\" height=\"267\" src=\"https:\/\/etab.ac-reunion.fr\/clg-le-ruisseau\/wp-content\/uploads\/sites\/108\/2019\/09\/carnaval-londres-e1568437580136.jpg\" alt=\"\" data-id=\"2582\" data-full-url=\"https:\/\/etab.ac-reunion.fr\/clg-le-ruisseau\/wp-content\/uploads\/sites\/108\/2019\/09\/carnaval-londres-e1568437580136.jpg\" data-link=\"https:\/\/etab.ac-reunion.fr\/clg-le-ruisseau\/carnaval-londres\/\" class=\"wp-image-2582\" \/><figcaption class=\"blocks-gallery-item__caption\">Festival de Notting Hill<\/figcaption><\/figure><\/li><li class=\"blocks-gallery-item\"><figure><img loading=\"lazy\" decoding=\"async\" width=\"400\" height=\"267\" src=\"https:\/\/etab.ac-reunion.fr\/clg-le-ruisseau\/wp-content\/uploads\/sites\/108\/2019\/09\/carnaval-londres-1-e1568437563932.jpg\" alt=\"\" data-id=\"2581\" data-full-url=\"https:\/\/etab.ac-reunion.fr\/clg-le-ruisseau\/wp-content\/uploads\/sites\/108\/2019\/09\/carnaval-londres-1-e1568437563932.jpg\" data-link=\"https:\/\/etab.ac-reunion.fr\/clg-le-ruisseau\/carnaval-londres-1\/\" class=\"wp-image-2581\" \/><\/figure><\/li><li class=\"blocks-gallery-item\"><figure><img loading=\"lazy\" decoding=\"async\" width=\"225\" height=\"225\" src=\"https:\/\/etab.ac-reunion.fr\/clg-le-ruisseau\/wp-content\/uploads\/sites\/108\/2020\/10\/image_2020-10-31_091722.png\" alt=\"\" data-id=\"3096\" data-full-url=\"https:\/\/etab.ac-reunion.fr\/clg-le-ruisseau\/wp-content\/uploads\/sites\/108\/2020\/10\/image_2020-10-31_091722.png\" data-link=\"https:\/\/etab.ac-reunion.fr\/clg-le-ruisseau\/image_2020-10-31_091722\/\" class=\"wp-image-3096\" srcset=\"https:\/\/etab.ac-reunion.fr\/clg-le-ruisseau\/wp-content\/uploads\/sites\/108\/2020\/10\/image_2020-10-31_091722.png 225w, https:\/\/etab.ac-reunion.fr\/clg-le-ruisseau\/wp-content\/uploads\/sites\/108\/2020\/10\/image_2020-10-31_091722-150x150.png 150w\" sizes=\"auto, (max-width: 225px) 100vw, 225px\" \/><\/figure><\/li><li class=\"blocks-gallery-item\"><figure><img loading=\"lazy\" decoding=\"async\" width=\"336\" height=\"252\" src=\"https:\/\/etab.ac-reunion.fr\/clg-le-ruisseau\/wp-content\/uploads\/sites\/108\/2020\/10\/eurocollege3.jpg\" alt=\"\" data-id=\"3098\" data-full-url=\"https:\/\/etab.ac-reunion.fr\/clg-le-ruisseau\/wp-content\/uploads\/sites\/108\/2020\/10\/eurocollege3.jpg\" data-link=\"https:\/\/etab.ac-reunion.fr\/clg-le-ruisseau\/eurocollege3\/\" class=\"wp-image-3098\" srcset=\"https:\/\/etab.ac-reunion.fr\/clg-le-ruisseau\/wp-content\/uploads\/sites\/108\/2020\/10\/eurocollege3.jpg 336w, https:\/\/etab.ac-reunion.fr\/clg-le-ruisseau\/wp-content\/uploads\/sites\/108\/2020\/10\/eurocollege3-300x225.jpg 300w, https:\/\/etab.ac-reunion.fr\/clg-le-ruisseau\/wp-content\/uploads\/sites\/108\/2020\/10\/eurocollege3-150x113.jpg 150w\" sizes=\"auto, (max-width: 336px) 100vw, 336px\" \/><\/figure><\/li><li class=\"blocks-gallery-item\"><figure><img loading=\"lazy\" decoding=\"async\" width=\"301\" height=\"226\" src=\"https:\/\/etab.ac-reunion.fr\/clg-le-ruisseau\/wp-content\/uploads\/sites\/108\/2020\/10\/eurocollege1.jpg\" alt=\"\" data-id=\"3095\" data-full-url=\"https:\/\/etab.ac-reunion.fr\/clg-le-ruisseau\/wp-content\/uploads\/sites\/108\/2020\/10\/eurocollege1.jpg\" data-link=\"https:\/\/etab.ac-reunion.fr\/clg-le-ruisseau\/eurocollege1\/\" class=\"wp-image-3095\" srcset=\"https:\/\/etab.ac-reunion.fr\/clg-le-ruisseau\/wp-content\/uploads\/sites\/108\/2020\/10\/eurocollege1.jpg 301w, https:\/\/etab.ac-reunion.fr\/clg-le-ruisseau\/wp-content\/uploads\/sites\/108\/2020\/10\/eurocollege1-150x113.jpg 150w\" sizes=\"auto, (max-width: 301px) 100vw, 301px\" \/><\/figure><\/li><li class=\"blocks-gallery-item\"><figure><img loading=\"lazy\" decoding=\"async\" width=\"277\" height=\"208\" src=\"https:\/\/etab.ac-reunion.fr\/clg-le-ruisseau\/wp-content\/uploads\/sites\/108\/2020\/10\/eurocollege2.jpg\" alt=\"\" data-id=\"3097\" data-full-url=\"https:\/\/etab.ac-reunion.fr\/clg-le-ruisseau\/wp-content\/uploads\/sites\/108\/2020\/10\/eurocollege2.jpg\" data-link=\"https:\/\/etab.ac-reunion.fr\/clg-le-ruisseau\/eurocollege2\/\" class=\"wp-image-3097\" srcset=\"https:\/\/etab.ac-reunion.fr\/clg-le-ruisseau\/wp-content\/uploads\/sites\/108\/2020\/10\/eurocollege2.jpg 277w, https:\/\/etab.ac-reunion.fr\/clg-le-ruisseau\/wp-content\/uploads\/sites\/108\/2020\/10\/eurocollege2-150x113.jpg 150w\" sizes=\"auto, (max-width: 277px) 100vw, 277px\" \/><\/figure><\/li><\/ul><\/figure>\n\n\n\n<p><\/p>\n","protected":false},"excerpt":{"rendered":"<p>What&rsquo;s that ?Depuis la rentr\u00e9e 2019 , s&rsquo;est ouverte la section Europ\u00e9enne en classe de 4\u00e8me .&nbsp;Les modalit\u00e9s de cette section sont les suivantes : \u00b7 OBJECTIFS : L&rsquo;objectif n&rsquo;est&#8230;<\/p>\n<p class=\"continue-reading-button\"> <a class=\"continue-reading-link\" href=\"https:\/\/etab.ac-reunion.fr\/clg-le-ruisseau\/europeenne-anglais\/\">Lire la suite<i class=\"crycon-right-dir\"><\/i><\/a><\/p>\n","protected":false},"author":7561,"featured_media":0,"parent":0,"menu_order":0,"comment_status":"closed","ping_status":"closed","template":"","meta":{"footnotes":""},"class_list":["post-2579","page","type-page","status-publish","hentry"],"_links":{"self":[{"href":"https:\/\/etab.ac-reunion.fr\/clg-le-ruisseau\/wp-json\/wp\/v2\/pages\/2579","targetHints":{"allow":["GET"]}}],"collection":[{"href":"https:\/\/etab.ac-reunion.fr\/clg-le-ruisseau\/wp-json\/wp\/v2\/pages"}],"about":[{"href":"https:\/\/etab.ac-reunion.fr\/clg-le-ruisseau\/wp-json\/wp\/v2\/types\/page"}],"author":[{"embeddable":true,"href":"https:\/\/etab.ac-reunion.fr\/clg-le-ruisseau\/wp-json\/wp\/v2\/users\/7561"}],"replies":[{"embeddable":true,"href":"https:\/\/etab.ac-reunion.fr\/clg-le-ruisseau\/wp-json\/wp\/v2\/comments?post=2579"}],"version-history":[{"count":9,"href":"https:\/\/etab.ac-reunion.fr\/clg-le-ruisseau\/wp-json\/wp\/v2\/pages\/2579\/revisions"}],"predecessor-version":[{"id":3507,"href":"https:\/\/etab.ac-reunion.fr\/clg-le-ruisseau\/wp-json\/wp\/v2\/pages\/2579\/revisions\/3507"}],"wp:attachment":[{"href":"https:\/\/etab.ac-reunion.fr\/clg-le-ruisseau\/wp-json\/wp\/v2\/media?parent=2579"}],"curies":[{"name":"wp","href":"https:\/\/api.w.org\/{rel}","templated":true}]}}