{"id":406,"date":"2015-02-16T07:26:16","date_gmt":"2015-02-16T03:26:16","guid":{"rendered":"http:\/\/college-du-ruisseau.ac-reunion.fr\/?page_id=406"},"modified":"2019-08-25T18:40:14","modified_gmt":"2019-08-25T14:40:14","slug":"service-medicale","status":"publish","type":"page","link":"https:\/\/etab.ac-reunion.fr\/clg-le-ruisseau\/vie-de-eleve\/service-medicale\/","title":{"rendered":"Service m\u00e9dical"},"content":{"rendered":"\n<p>Une infirmi\u00e8re scolaire (Mme BOUTHEMY) est pr\u00e9sente au coll\u00e8ge:<\/p>\n\n\n\n<ul class=\"wp-block-list\"><li>Lundi de 7h15 \u00e0 17h<\/li><li>Mardi de 13h \u00e0 17h<\/li><li>Mercredi de 7h15 \u00e0 12h<\/li><li>Jeudi de 13h \u00e0 17h<\/li><li>Vendredi de 7h15 \u00e0 12h<\/li><\/ul>\n","protected":false},"excerpt":{"rendered":"<p>Une infirmi\u00e8re scolaire (Mme BOUTHEMY) est pr\u00e9sente au coll\u00e8ge: Lundi de 7h15 \u00e0 17h Mardi de 13h \u00e0 17h Mercredi de 7h15 \u00e0 12h Jeudi de 13h \u00e0 17h Vendredi&#8230;<\/p>\n<p class=\"continue-reading-button\"> <a class=\"continue-reading-link\" href=\"https:\/\/etab.ac-reunion.fr\/clg-le-ruisseau\/vie-de-eleve\/service-medicale\/\">Lire la suite<i class=\"crycon-right-dir\"><\/i><\/a><\/p>\n","protected":false},"author":3925,"featured_media":0,"parent":30,"menu_order":0,"comment_status":"closed","ping_status":"closed","template":"","meta":{"footnotes":""},"class_list":["post-406","page","type-page","status-publish","hentry"],"_links":{"self":[{"href":"https:\/\/etab.ac-reunion.fr\/clg-le-ruisseau\/wp-json\/wp\/v2\/pages\/406","targetHints":{"allow":["GET"]}}],"collection":[{"href":"https:\/\/etab.ac-reunion.fr\/clg-le-ruisseau\/wp-json\/wp\/v2\/pages"}],"about":[{"href":"https:\/\/etab.ac-reunion.fr\/clg-le-ruisseau\/wp-json\/wp\/v2\/types\/page"}],"author":[{"embeddable":true,"href":"https:\/\/etab.ac-reunion.fr\/clg-le-ruisseau\/wp-json\/wp\/v2\/users\/3925"}],"replies":[{"embeddable":true,"href":"https:\/\/etab.ac-reunion.fr\/clg-le-ruisseau\/wp-json\/wp\/v2\/comments?post=406"}],"version-history":[{"count":5,"href":"https:\/\/etab.ac-reunion.fr\/clg-le-ruisseau\/wp-json\/wp\/v2\/pages\/406\/revisions"}],"predecessor-version":[{"id":2453,"href":"https:\/\/etab.ac-reunion.fr\/clg-le-ruisseau\/wp-json\/wp\/v2\/pages\/406\/revisions\/2453"}],"up":[{"embeddable":true,"href":"https:\/\/etab.ac-reunion.fr\/clg-le-ruisseau\/wp-json\/wp\/v2\/pages\/30"}],"wp:attachment":[{"href":"https:\/\/etab.ac-reunion.fr\/clg-le-ruisseau\/wp-json\/wp\/v2\/media?parent=406"}],"curies":[{"name":"wp","href":"https:\/\/api.w.org\/{rel}","templated":true}]}}