{"id":41,"date":"2014-11-17T10:58:58","date_gmt":"2014-11-17T06:58:58","guid":{"rendered":"http:\/\/college-du-ruisseau.ac-reunion.fr\/?page_id=41"},"modified":"2021-08-09T17:25:47","modified_gmt":"2021-08-09T13:25:47","slug":"conseil-dadministration","status":"publish","type":"page","link":"https:\/\/etab.ac-reunion.fr\/clg-le-ruisseau\/administration\/conseil-dadministration\/","title":{"rendered":"Conseil d&rsquo;Administration"},"content":{"rendered":"<p>Les comp\u00e9tences du CA:<\/p>\n<ul>\n<li>Il fixe les principes de mise en oeuvre de l&rsquo;autonomie p\u00e9dagogique et \u00e9ducative: vote sur l&#8217;emploi de la DHG (Dotation Horaire Globale), modalit\u00e9s de r\u00e9partition des \u00e9l\u00e8ves, projet d&rsquo;\u00e9tablissement, exp\u00e9rimentations, contrats d&rsquo;objectifs, voyages scolaires&#8230;<\/li>\n<li>Il adopte les r\u00e8gles d&rsquo;organisation de l&rsquo;\u00e9tablissement: r\u00e8glement int\u00e9rieur, organisation du temps scolaire, questions relatives \u00e0 l&rsquo;hygi\u00e8ne, la sant\u00e9, \u00e0 la s\u00e9curit\u00e9.<\/li>\n<li>Il d\u00e9lib\u00e8re chaque ann\u00e9e sur le rapport relatif au fonctionnement p\u00e9dagogique de l&rsquo;\u00e9tablissement et \u00e0 ses conditions mat\u00e9rielles de fonctionnement.<\/li>\n<li>Il adopte le budget et le compte financier, donne son accord sur la passation de conventions.<\/li>\n<li>Il donne son accord sur le programme de l&rsquo;association sportive fonctionnant au sein de l&rsquo;\u00e9tablissement.<\/li>\n<li>Il d\u00e9lib\u00e8re sur toute question dont il a \u00e0 conna\u00eetre en vertu des lois et r\u00e8glements en vigueur ainsi que celles ayant trait \u00e0 l&rsquo;information des membres de la communaut\u00e9 \u00e9ducative et \u00e0 la cr\u00e9ation de groupes de travail au sein de l&rsquo;\u00e9tablissement; sur les questions relatives \u00e0 l&rsquo;accueil et \u00e0 l&rsquo;information des parents d&rsquo;\u00e9l\u00e8ves, les modalit\u00e9s g\u00e9n\u00e9rales de leur participation \u00e0 la vie scolaire.<\/li>\n<\/ul>\n\n\n<p><\/p>\n","protected":false},"excerpt":{"rendered":"<p>Les comp\u00e9tences du CA: Il fixe les principes de mise en oeuvre de l&rsquo;autonomie p\u00e9dagogique et \u00e9ducative: vote sur l&#8217;emploi de la DHG (Dotation Horaire Globale), modalit\u00e9s de r\u00e9partition des&#8230;<\/p>\n<p class=\"continue-reading-button\"> <a class=\"continue-reading-link\" href=\"https:\/\/etab.ac-reunion.fr\/clg-le-ruisseau\/administration\/conseil-dadministration\/\">Lire la suite<i class=\"crycon-right-dir\"><\/i><\/a><\/p>\n","protected":false},"author":3966,"featured_media":0,"parent":26,"menu_order":4,"comment_status":"closed","ping_status":"closed","template":"","meta":{"footnotes":""},"class_list":["post-41","page","type-page","status-publish","hentry"],"_links":{"self":[{"href":"https:\/\/etab.ac-reunion.fr\/clg-le-ruisseau\/wp-json\/wp\/v2\/pages\/41","targetHints":{"allow":["GET"]}}],"collection":[{"href":"https:\/\/etab.ac-reunion.fr\/clg-le-ruisseau\/wp-json\/wp\/v2\/pages"}],"about":[{"href":"https:\/\/etab.ac-reunion.fr\/clg-le-ruisseau\/wp-json\/wp\/v2\/types\/page"}],"author":[{"embeddable":true,"href":"https:\/\/etab.ac-reunion.fr\/clg-le-ruisseau\/wp-json\/wp\/v2\/users\/3966"}],"replies":[{"embeddable":true,"href":"https:\/\/etab.ac-reunion.fr\/clg-le-ruisseau\/wp-json\/wp\/v2\/comments?post=41"}],"version-history":[{"count":24,"href":"https:\/\/etab.ac-reunion.fr\/clg-le-ruisseau\/wp-json\/wp\/v2\/pages\/41\/revisions"}],"predecessor-version":[{"id":3398,"href":"https:\/\/etab.ac-reunion.fr\/clg-le-ruisseau\/wp-json\/wp\/v2\/pages\/41\/revisions\/3398"}],"up":[{"embeddable":true,"href":"https:\/\/etab.ac-reunion.fr\/clg-le-ruisseau\/wp-json\/wp\/v2\/pages\/26"}],"wp:attachment":[{"href":"https:\/\/etab.ac-reunion.fr\/clg-le-ruisseau\/wp-json\/wp\/v2\/media?parent=41"}],"curies":[{"name":"wp","href":"https:\/\/api.w.org\/{rel}","templated":true}]}}