{"id":460,"date":"2015-02-16T09:40:57","date_gmt":"2015-02-16T05:40:57","guid":{"rendered":"http:\/\/college-du-ruisseau.ac-reunion.fr\/?page_id=460"},"modified":"2019-08-03T17:33:05","modified_gmt":"2019-08-03T13:33:05","slug":"projet-culturel","status":"publish","type":"page","link":"https:\/\/etab.ac-reunion.fr\/clg-le-ruisseau\/parcours-educatifs\/projet-culturel\/","title":{"rendered":"Parcours d&rsquo;Education Artistique et Culturelle"},"content":{"rendered":"<p>Le Parcours d\u2019Education Artistique et Culturelle s&rsquo;appuie sur les enseignements artistiques propos\u00e9s dans les \u00e9coles et les \u00e9tablissements. Il doit \u00eatre pens\u00e9 de mani\u00e8re \u00e0 assurer une compl\u00e9mentarit\u00e9 entre les temps scolaire, p\u00e9riscolaire et extrascolaire, notamment \u00e0 travers les<strong> projets \u00e9ducatifs territoriaux<\/strong> (<acronym title=\"projet \u00e9ducatif territorial\">PEDT<\/acronym>).<\/p>\n<p>Ce parcours doit permettre \u00e0 chaque \u00e9l\u00e8ve d\u2019aborder, dans leur diversit\u00e9, les grands domaines des arts et de la culture, et de valoriser les activit\u00e9s auxquelles il prend part, y compris en dehors de l\u2019\u00e9cole. Il favorise \u00e9galement la <strong>coh\u00e9sion au sein de l\u2019\u00e9cole ou de l\u2019\u00e9tablissement<\/strong> en mobilisant \u00e9l\u00e8ves, enseignants et parents autour de projets artistiques et culturels.<\/p>\n","protected":false},"excerpt":{"rendered":"<p>Le Parcours d\u2019Education Artistique et Culturelle s&rsquo;appuie sur les enseignements artistiques propos\u00e9s dans les \u00e9coles et les \u00e9tablissements. Il doit \u00eatre pens\u00e9 de mani\u00e8re \u00e0 assurer une compl\u00e9mentarit\u00e9 entre les&#8230;<\/p>\n<p class=\"continue-reading-button\"> <a class=\"continue-reading-link\" href=\"https:\/\/etab.ac-reunion.fr\/clg-le-ruisseau\/parcours-educatifs\/projet-culturel\/\">Lire la suite<i class=\"crycon-right-dir\"><\/i><\/a><\/p>\n","protected":false},"author":3925,"featured_media":0,"parent":2224,"menu_order":3,"comment_status":"closed","ping_status":"closed","template":"","meta":{"footnotes":""},"class_list":["post-460","page","type-page","status-publish","hentry"],"_links":{"self":[{"href":"https:\/\/etab.ac-reunion.fr\/clg-le-ruisseau\/wp-json\/wp\/v2\/pages\/460","targetHints":{"allow":["GET"]}}],"collection":[{"href":"https:\/\/etab.ac-reunion.fr\/clg-le-ruisseau\/wp-json\/wp\/v2\/pages"}],"about":[{"href":"https:\/\/etab.ac-reunion.fr\/clg-le-ruisseau\/wp-json\/wp\/v2\/types\/page"}],"author":[{"embeddable":true,"href":"https:\/\/etab.ac-reunion.fr\/clg-le-ruisseau\/wp-json\/wp\/v2\/users\/3925"}],"replies":[{"embeddable":true,"href":"https:\/\/etab.ac-reunion.fr\/clg-le-ruisseau\/wp-json\/wp\/v2\/comments?post=460"}],"version-history":[{"count":9,"href":"https:\/\/etab.ac-reunion.fr\/clg-le-ruisseau\/wp-json\/wp\/v2\/pages\/460\/revisions"}],"predecessor-version":[{"id":2357,"href":"https:\/\/etab.ac-reunion.fr\/clg-le-ruisseau\/wp-json\/wp\/v2\/pages\/460\/revisions\/2357"}],"up":[{"embeddable":true,"href":"https:\/\/etab.ac-reunion.fr\/clg-le-ruisseau\/wp-json\/wp\/v2\/pages\/2224"}],"wp:attachment":[{"href":"https:\/\/etab.ac-reunion.fr\/clg-le-ruisseau\/wp-json\/wp\/v2\/media?parent=460"}],"curies":[{"name":"wp","href":"https:\/\/api.w.org\/{rel}","templated":true}]}}