{"id":47,"date":"2014-11-17T11:00:35","date_gmt":"2014-11-17T07:00:35","guid":{"rendered":"http:\/\/college-du-ruisseau.ac-reunion.fr\/?page_id=47"},"modified":"2020-09-20T18:10:59","modified_gmt":"2020-09-20T14:10:59","slug":"service-social","status":"publish","type":"page","link":"https:\/\/etab.ac-reunion.fr\/clg-le-ruisseau\/vie-de-eleve\/service-social\/","title":{"rendered":"Service Social"},"content":{"rendered":"<p><strong>Service social en faveur des \u00e9l\u00e8ves (SSFE)<\/strong><\/p>\n<p>Une assistante sociale (Mme PROMI)\u00a0 intervient au sein du coll\u00e8ge les lundis en journ\u00e9e, les mercredis en matin\u00e9e et les 1<sup>er<\/sup> et 3\u00e8me jeudis de chaque mois en journ\u00e9e.<\/p>\n<p>Les autres jours de la semaine, elle intervient sur son deuxi\u00e8me \u00e9tablissement, le Lyc\u00e9e Professionnel Victor SCHOELCHER \u00e0 Saint Louis.<\/p>\n<p>L\u2019assistante sociale est l\u00e0 pour vous (\u00e9l\u00e8ves et familles)\u00a0: elle vous accueille, vous \u00e9coute, \u00e9value avec vous votre situation et vous accompagne au plus pr\u00e8s de vos besoins et\/ou difficult\u00e9s (li\u00e9s \u00e0 la scolarit\u00e9 de l\u2019enfant, familiaux, sociaux\u2026).<\/p>\n<p>Si vous rencontrez des difficult\u00e9s financi\u00e8res ponctuelles, des fonds sociaux (coll\u00e9gien et des cantines) existent pour vous aider \u00e0 r\u00e9gler les d\u00e9penses et frais li\u00e9s \u00e0 la scolarit\u00e9 de l\u2019enfant.<\/p>\n<p>Prenez contact avec le coll\u00e8ge (0262\/39\/02\/68) pour un rendez-vous aupr\u00e8s de l\u2019Assistante sociale.<\/p>\n\n\n<p><\/p>\n","protected":false},"excerpt":{"rendered":"<p>Service social en faveur des \u00e9l\u00e8ves (SSFE) Une assistante sociale (Mme PROMI)\u00a0 intervient au sein du coll\u00e8ge les lundis en journ\u00e9e, les mercredis en matin\u00e9e et les 1er et 3\u00e8me&#8230;<\/p>\n<p class=\"continue-reading-button\"> <a class=\"continue-reading-link\" href=\"https:\/\/etab.ac-reunion.fr\/clg-le-ruisseau\/vie-de-eleve\/service-social\/\">Lire la suite<i class=\"crycon-right-dir\"><\/i><\/a><\/p>\n","protected":false},"author":3966,"featured_media":0,"parent":30,"menu_order":0,"comment_status":"closed","ping_status":"closed","template":"","meta":{"footnotes":""},"class_list":["post-47","page","type-page","status-publish","hentry"],"_links":{"self":[{"href":"https:\/\/etab.ac-reunion.fr\/clg-le-ruisseau\/wp-json\/wp\/v2\/pages\/47","targetHints":{"allow":["GET"]}}],"collection":[{"href":"https:\/\/etab.ac-reunion.fr\/clg-le-ruisseau\/wp-json\/wp\/v2\/pages"}],"about":[{"href":"https:\/\/etab.ac-reunion.fr\/clg-le-ruisseau\/wp-json\/wp\/v2\/types\/page"}],"author":[{"embeddable":true,"href":"https:\/\/etab.ac-reunion.fr\/clg-le-ruisseau\/wp-json\/wp\/v2\/users\/3966"}],"replies":[{"embeddable":true,"href":"https:\/\/etab.ac-reunion.fr\/clg-le-ruisseau\/wp-json\/wp\/v2\/comments?post=47"}],"version-history":[{"count":8,"href":"https:\/\/etab.ac-reunion.fr\/clg-le-ruisseau\/wp-json\/wp\/v2\/pages\/47\/revisions"}],"predecessor-version":[{"id":3070,"href":"https:\/\/etab.ac-reunion.fr\/clg-le-ruisseau\/wp-json\/wp\/v2\/pages\/47\/revisions\/3070"}],"up":[{"embeddable":true,"href":"https:\/\/etab.ac-reunion.fr\/clg-le-ruisseau\/wp-json\/wp\/v2\/pages\/30"}],"wp:attachment":[{"href":"https:\/\/etab.ac-reunion.fr\/clg-le-ruisseau\/wp-json\/wp\/v2\/media?parent=47"}],"curies":[{"name":"wp","href":"https:\/\/api.w.org\/{rel}","templated":true}]}}