{"id":65,"date":"2014-11-17T11:07:22","date_gmt":"2014-11-17T07:07:22","guid":{"rendered":"http:\/\/college-du-ruisseau.ac-reunion.fr\/?page_id=65"},"modified":"2024-12-04T11:16:44","modified_gmt":"2024-12-04T07:16:44","slug":"conseil-de-classe","status":"publish","type":"page","link":"https:\/\/etab.ac-reunion.fr\/clg-le-ruisseau\/conseil-de-classe\/","title":{"rendered":"Conseil de classe"},"content":{"rendered":"\n<p><a href=\"https:\/\/etab.ac-reunion.fr\/clg-le-ruisseau\/wp-content\/uploads\/sites\/108\/2024\/12\/charte_conseils_de_classe_college-le-Ruisseau-DEC-2024.pdf\">Charte Conseil de Classe<\/a><\/p>\n\n\n\n<p><a href=\"https:\/\/etab.ac-reunion.fr\/clg-le-ruisseau\/wp-content\/uploads\/sites\/108\/2023\/12\/QUESTIONNAIRE-PREPARATION-DES-CONSEILS-POUR-LES-DELEGUES-DE-PARENTS.pdf\">Questionnaire Pr\u00e9paratoire aux conseils de classes pour parents d\u00e9l\u00e9gu\u00e9s<\/a><\/p>\n\n\n\n<p><a href=\"https:\/\/etab.ac-reunion.fr\/clg-le-ruisseau\/wp-content\/uploads\/sites\/108\/2024\/12\/Tableau-Representants-Conseil-de-Classe-2024-2025.pdf\">Liste parents d\u00e9l\u00e9gu\u00e9s aux conseils de classes<\/a><\/p>\n\n\n\n<p><a href=\"https:\/\/etab.ac-reunion.fr\/clg-le-ruisseau\/wp-content\/uploads\/sites\/108\/2024\/12\/Conseils-de-classe-semestre-1-annee-2024-2025.pdf\">Tableau conseils de classes semestre 1<\/a><\/p>\n\n\n\n<p><\/p>\n","protected":false},"excerpt":{"rendered":"<p>Charte Conseil de Classe Questionnaire Pr\u00e9paratoire aux conseils de classes pour parents d\u00e9l\u00e9gu\u00e9s Liste parents d\u00e9l\u00e9gu\u00e9s aux conseils de classes Tableau conseils de classes semestre 1<\/p>\n<p class=\"continue-reading-button\"> <a class=\"continue-reading-link\" href=\"https:\/\/etab.ac-reunion.fr\/clg-le-ruisseau\/conseil-de-classe\/\">Lire la suite<i class=\"crycon-right-dir\"><\/i><\/a><\/p>\n","protected":false},"author":3966,"featured_media":0,"parent":0,"menu_order":0,"comment_status":"closed","ping_status":"closed","template":"","meta":{"footnotes":""},"class_list":["post-65","page","type-page","status-publish","hentry"],"_links":{"self":[{"href":"https:\/\/etab.ac-reunion.fr\/clg-le-ruisseau\/wp-json\/wp\/v2\/pages\/65","targetHints":{"allow":["GET"]}}],"collection":[{"href":"https:\/\/etab.ac-reunion.fr\/clg-le-ruisseau\/wp-json\/wp\/v2\/pages"}],"about":[{"href":"https:\/\/etab.ac-reunion.fr\/clg-le-ruisseau\/wp-json\/wp\/v2\/types\/page"}],"author":[{"embeddable":true,"href":"https:\/\/etab.ac-reunion.fr\/clg-le-ruisseau\/wp-json\/wp\/v2\/users\/3966"}],"replies":[{"embeddable":true,"href":"https:\/\/etab.ac-reunion.fr\/clg-le-ruisseau\/wp-json\/wp\/v2\/comments?post=65"}],"version-history":[{"count":11,"href":"https:\/\/etab.ac-reunion.fr\/clg-le-ruisseau\/wp-json\/wp\/v2\/pages\/65\/revisions"}],"predecessor-version":[{"id":4644,"href":"https:\/\/etab.ac-reunion.fr\/clg-le-ruisseau\/wp-json\/wp\/v2\/pages\/65\/revisions\/4644"}],"wp:attachment":[{"href":"https:\/\/etab.ac-reunion.fr\/clg-le-ruisseau\/wp-json\/wp\/v2\/media?parent=65"}],"curies":[{"name":"wp","href":"https:\/\/api.w.org\/{rel}","templated":true}]}}