{"id":71,"date":"2014-11-17T11:09:31","date_gmt":"2014-11-17T07:09:31","guid":{"rendered":"http:\/\/college-du-ruisseau.ac-reunion.fr\/?page_id=71"},"modified":"2019-08-04T16:22:39","modified_gmt":"2019-08-04T12:22:39","slug":"assr","status":"publish","type":"page","link":"https:\/\/etab.ac-reunion.fr\/clg-le-ruisseau\/assr\/","title":{"rendered":"ASSR"},"content":{"rendered":"<p style=\"text-align: center\"><strong>Les Attestations Scolaires de S\u00e9curit\u00e9 Routi\u00e8re (ASSR)<\/strong><\/p>\n<p style=\"text-align: left\">Ces attestations sont obligatoires pour toutes les personnes n\u00e9es \u00e0 compter du 1er janvier 1988 qui souhaitent conduire.<br \/>\nTout \u00e9l\u00e8ve, quel que soit son lieu de scolarisation, doit avoir pass\u00e9 :<br \/>\n<strong>L&rsquo;ASSR de 1er niveau<\/strong><br \/>\nL&rsquo;\u00e9preuve de l&rsquo;ASSR1 est organis\u00e9e pour les \u00e9l\u00e8ves des classes de cinqui\u00e8me.<\/p>\n<p style=\"text-align: left\"><strong>L&rsquo;ASSR de 2nd niveau <\/strong>(L&rsquo;ASSR1 n&rsquo;est pas obligatoire pour passer l&rsquo;ASSR2).<br \/>\nL&rsquo;\u00e9preuve de l&rsquo;ASSR2 est organis\u00e9e pour les \u00e9l\u00e8ves des classes de troisi\u00e8me<\/p>\n<p><a href=\"http:\/\/preparer-assr.education-securite-routiere.fr\/\">Se pr\u00e9parer aux \u00e9preuves<\/a><\/p>\n","protected":false},"excerpt":{"rendered":"<p>Les Attestations Scolaires de S\u00e9curit\u00e9 Routi\u00e8re (ASSR) Ces attestations sont obligatoires pour toutes les personnes n\u00e9es \u00e0 compter du 1er janvier 1988 qui souhaitent conduire. Tout \u00e9l\u00e8ve, quel que soit&#8230;<\/p>\n<p class=\"continue-reading-button\"> <a class=\"continue-reading-link\" href=\"https:\/\/etab.ac-reunion.fr\/clg-le-ruisseau\/assr\/\">Lire la suite<i class=\"crycon-right-dir\"><\/i><\/a><\/p>\n","protected":false},"author":7561,"featured_media":0,"parent":0,"menu_order":0,"comment_status":"closed","ping_status":"closed","template":"","meta":{"footnotes":""},"class_list":["post-71","page","type-page","status-publish","hentry"],"_links":{"self":[{"href":"https:\/\/etab.ac-reunion.fr\/clg-le-ruisseau\/wp-json\/wp\/v2\/pages\/71","targetHints":{"allow":["GET"]}}],"collection":[{"href":"https:\/\/etab.ac-reunion.fr\/clg-le-ruisseau\/wp-json\/wp\/v2\/pages"}],"about":[{"href":"https:\/\/etab.ac-reunion.fr\/clg-le-ruisseau\/wp-json\/wp\/v2\/types\/page"}],"author":[{"embeddable":true,"href":"https:\/\/etab.ac-reunion.fr\/clg-le-ruisseau\/wp-json\/wp\/v2\/users\/7561"}],"replies":[{"embeddable":true,"href":"https:\/\/etab.ac-reunion.fr\/clg-le-ruisseau\/wp-json\/wp\/v2\/comments?post=71"}],"version-history":[{"count":13,"href":"https:\/\/etab.ac-reunion.fr\/clg-le-ruisseau\/wp-json\/wp\/v2\/pages\/71\/revisions"}],"predecessor-version":[{"id":2373,"href":"https:\/\/etab.ac-reunion.fr\/clg-le-ruisseau\/wp-json\/wp\/v2\/pages\/71\/revisions\/2373"}],"wp:attachment":[{"href":"https:\/\/etab.ac-reunion.fr\/clg-le-ruisseau\/wp-json\/wp\/v2\/media?parent=71"}],"curies":[{"name":"wp","href":"https:\/\/api.w.org\/{rel}","templated":true}]}}