{"id":77,"date":"2014-11-17T11:11:21","date_gmt":"2014-11-17T07:11:21","guid":{"rendered":"http:\/\/college-du-ruisseau.ac-reunion.fr\/?page_id=77"},"modified":"2019-08-03T17:25:24","modified_gmt":"2019-08-03T13:25:24","slug":"le-c-e-s-c","status":"publish","type":"page","link":"https:\/\/etab.ac-reunion.fr\/clg-le-ruisseau\/parcours-educatifs\/le-c-e-s-c\/","title":{"rendered":"Parcours Citoyen"},"content":{"rendered":"<p>Le Parcours Citoyen s\u2019adresse \u00e0 des citoyens en devenir qui prennent conscience de leurs droits, de leurs devoirs, de leurs responsabilit\u00e9s. Adoss\u00e9 aux enseignements, en particulier l\u2019enseignement moral et civique (EMC), l\u2019\u00e9ducation aux m\u00e9dias et \u00e0 l\u2019information (EMI), il concourt \u00e0 la transmission des valeurs et principes de la R\u00e9publique en abordant les grands champs de l\u2019\u00e9ducation \u00e0 la citoyennet\u00e9 : la la\u00efcit\u00e9, l\u2019\u00e9galit\u00e9 entre les femmes et les hommes et le respect mutuel, la lutte contre toutes les formes de discrimination, la pr\u00e9vention et la lutte contre le racisme et l\u2019antis\u00e9mitisme, contre les LGBTphobies, l\u2019\u00e9ducation \u00e0 l\u2019environnement et au d\u00e9veloppement durable, la lutte contre le harc\u00e8lement.<\/p>\n<p><a href=\"https:\/\/cache.media.education.gouv.fr\/image\/01-janvier\/32\/4\/2015_mobilisation_infographie_parcours_385324.jpg\" target=\"_blank\" rel=\"noopener noreferrer\">Parcours Citoyen<\/a><\/p>\n","protected":false},"excerpt":{"rendered":"<p>Le Parcours Citoyen s\u2019adresse \u00e0 des citoyens en devenir qui prennent conscience de leurs droits, de leurs devoirs, de leurs responsabilit\u00e9s. Adoss\u00e9 aux enseignements, en particulier l\u2019enseignement moral et civique&#8230;<\/p>\n<p class=\"continue-reading-button\"> <a class=\"continue-reading-link\" href=\"https:\/\/etab.ac-reunion.fr\/clg-le-ruisseau\/parcours-educatifs\/le-c-e-s-c\/\">Lire la suite<i class=\"crycon-right-dir\"><\/i><\/a><\/p>\n","protected":false},"author":3966,"featured_media":0,"parent":2224,"menu_order":2,"comment_status":"closed","ping_status":"closed","template":"","meta":{"footnotes":""},"class_list":["post-77","page","type-page","status-publish","hentry"],"_links":{"self":[{"href":"https:\/\/etab.ac-reunion.fr\/clg-le-ruisseau\/wp-json\/wp\/v2\/pages\/77","targetHints":{"allow":["GET"]}}],"collection":[{"href":"https:\/\/etab.ac-reunion.fr\/clg-le-ruisseau\/wp-json\/wp\/v2\/pages"}],"about":[{"href":"https:\/\/etab.ac-reunion.fr\/clg-le-ruisseau\/wp-json\/wp\/v2\/types\/page"}],"author":[{"embeddable":true,"href":"https:\/\/etab.ac-reunion.fr\/clg-le-ruisseau\/wp-json\/wp\/v2\/users\/3966"}],"replies":[{"embeddable":true,"href":"https:\/\/etab.ac-reunion.fr\/clg-le-ruisseau\/wp-json\/wp\/v2\/comments?post=77"}],"version-history":[{"count":13,"href":"https:\/\/etab.ac-reunion.fr\/clg-le-ruisseau\/wp-json\/wp\/v2\/pages\/77\/revisions"}],"predecessor-version":[{"id":2354,"href":"https:\/\/etab.ac-reunion.fr\/clg-le-ruisseau\/wp-json\/wp\/v2\/pages\/77\/revisions\/2354"}],"up":[{"embeddable":true,"href":"https:\/\/etab.ac-reunion.fr\/clg-le-ruisseau\/wp-json\/wp\/v2\/pages\/2224"}],"wp:attachment":[{"href":"https:\/\/etab.ac-reunion.fr\/clg-le-ruisseau\/wp-json\/wp\/v2\/media?parent=77"}],"curies":[{"name":"wp","href":"https:\/\/api.w.org\/{rel}","templated":true}]}}