{"id":79,"date":"2014-11-17T11:11:38","date_gmt":"2014-11-17T07:11:38","guid":{"rendered":"http:\/\/college-du-ruisseau.ac-reunion.fr\/?page_id=79"},"modified":"2020-05-09T10:36:51","modified_gmt":"2020-05-09T06:36:51","slug":"le-p-d-m-f","status":"publish","type":"page","link":"https:\/\/etab.ac-reunion.fr\/clg-le-ruisseau\/parcours-educatifs\/le-p-d-m-f\/","title":{"rendered":"Parcours Avenir"},"content":{"rendered":"\n<p>Le Parcours Avenir permet \u00e0 chaque \u00e9l\u00e8ve de : d\u00e9couvrir le monde \u00e9conomique et professionnel ; d\u00e9velopper le sens de l&rsquo;engagement et de l&rsquo;initiative ; pouvoir \u00e9laborer un projet d&rsquo;orientation, scolaire et professionnel et faire des choix raisonn\u00e9s en toute connaissance de cause.<\/p>\n\n\n\n<p>Inscrit dans les disciplines, ce parcours a pour objectif l&rsquo;acquisition d&rsquo;une culture \u00e9conomique et professionnelle afin de pr\u00e9parer chaque \u00e9l\u00e8ve \u00e0 faire des choix raisonn\u00e9s et en toute connaissance de cause. <\/p>\n","protected":false},"excerpt":{"rendered":"<p>Le Parcours Avenir permet \u00e0 chaque \u00e9l\u00e8ve de : d\u00e9couvrir le monde \u00e9conomique et professionnel ; d\u00e9velopper le sens de l&rsquo;engagement et de l&rsquo;initiative ; pouvoir \u00e9laborer un projet d&rsquo;orientation,&#8230;<\/p>\n<p class=\"continue-reading-button\"> <a class=\"continue-reading-link\" href=\"https:\/\/etab.ac-reunion.fr\/clg-le-ruisseau\/parcours-educatifs\/le-p-d-m-f\/\">Lire la suite<i class=\"crycon-right-dir\"><\/i><\/a><\/p>\n","protected":false},"author":3966,"featured_media":0,"parent":2224,"menu_order":1,"comment_status":"closed","ping_status":"closed","template":"","meta":{"footnotes":""},"class_list":["post-79","page","type-page","status-publish","hentry"],"_links":{"self":[{"href":"https:\/\/etab.ac-reunion.fr\/clg-le-ruisseau\/wp-json\/wp\/v2\/pages\/79","targetHints":{"allow":["GET"]}}],"collection":[{"href":"https:\/\/etab.ac-reunion.fr\/clg-le-ruisseau\/wp-json\/wp\/v2\/pages"}],"about":[{"href":"https:\/\/etab.ac-reunion.fr\/clg-le-ruisseau\/wp-json\/wp\/v2\/types\/page"}],"author":[{"embeddable":true,"href":"https:\/\/etab.ac-reunion.fr\/clg-le-ruisseau\/wp-json\/wp\/v2\/users\/3966"}],"replies":[{"embeddable":true,"href":"https:\/\/etab.ac-reunion.fr\/clg-le-ruisseau\/wp-json\/wp\/v2\/comments?post=79"}],"version-history":[{"count":9,"href":"https:\/\/etab.ac-reunion.fr\/clg-le-ruisseau\/wp-json\/wp\/v2\/pages\/79\/revisions"}],"predecessor-version":[{"id":2355,"href":"https:\/\/etab.ac-reunion.fr\/clg-le-ruisseau\/wp-json\/wp\/v2\/pages\/79\/revisions\/2355"}],"up":[{"embeddable":true,"href":"https:\/\/etab.ac-reunion.fr\/clg-le-ruisseau\/wp-json\/wp\/v2\/pages\/2224"}],"wp:attachment":[{"href":"https:\/\/etab.ac-reunion.fr\/clg-le-ruisseau\/wp-json\/wp\/v2\/media?parent=79"}],"curies":[{"name":"wp","href":"https:\/\/api.w.org\/{rel}","templated":true}]}}