{"id":91,"date":"2014-11-17T11:16:46","date_gmt":"2014-11-17T07:16:46","guid":{"rendered":"http:\/\/college-du-ruisseau.ac-reunion.fr\/?page_id=91"},"modified":"2019-09-14T11:00:37","modified_gmt":"2019-09-14T07:00:37","slug":"u-n-s-s-et-association-sportive","status":"publish","type":"page","link":"https:\/\/etab.ac-reunion.fr\/clg-le-ruisseau\/vie-de-eleve\/u-n-s-s-et-association-sportive\/","title":{"rendered":"Association Sportive"},"content":{"rendered":"\n<div class=\"wp-block-image\"><figure class=\"aligncenter\"><img decoding=\"async\" src=\"https:\/\/etab.ac-reunion.fr\/clg-le-ruisseau\/wp-content\/uploads\/sites\/108\/2019\/09\/sportif-e1567321430753.png\" alt=\"\" class=\"wp-image-2529\" \/><\/figure><\/div>\n\n\n<p>L\u2019A.S (Association Sportive) est une association de loi 1901 qui permet aux \u00e9l\u00e8ves qui le d\u00e9sirent de pratiquer certains sports en dehors des heures de cours. Les \u00e9l\u00e8ves doivent prendre une licence payante pour adh\u00e9rer \u00e0 l&rsquo;association.<\/p>\n<p>Elle d\u00e9pend de <a href=\"https:\/\/unss.org\/\" target=\"_blank\" rel=\"noopener noreferrer\">l&rsquo;UNSS (Union Nationale du Sport Scolaire)<\/a><\/p>\n<p>Les entra\u00eenements ont lieu le mercredi apr\u00e8s midi et sont assur\u00e9s par les professeurs d&rsquo;EPS.<\/p>\n<p>Renseignements et inscriptions aupr\u00e8s des professeurs d&rsquo;EPS.<\/p>","protected":false},"excerpt":{"rendered":"<p>L\u2019A.S (Association Sportive) est une association de loi 1901 qui permet aux \u00e9l\u00e8ves qui le d\u00e9sirent de pratiquer certains sports en dehors des heures de cours. Les \u00e9l\u00e8ves doivent prendre&#8230;<\/p>\n<p class=\"continue-reading-button\"> <a class=\"continue-reading-link\" href=\"https:\/\/etab.ac-reunion.fr\/clg-le-ruisseau\/vie-de-eleve\/u-n-s-s-et-association-sportive\/\">Lire la suite<i class=\"crycon-right-dir\"><\/i><\/a><\/p>\n","protected":false},"author":7561,"featured_media":0,"parent":30,"menu_order":0,"comment_status":"closed","ping_status":"closed","template":"","meta":{"footnotes":""},"class_list":["post-91","page","type-page","status-publish","hentry"],"_links":{"self":[{"href":"https:\/\/etab.ac-reunion.fr\/clg-le-ruisseau\/wp-json\/wp\/v2\/pages\/91","targetHints":{"allow":["GET"]}}],"collection":[{"href":"https:\/\/etab.ac-reunion.fr\/clg-le-ruisseau\/wp-json\/wp\/v2\/pages"}],"about":[{"href":"https:\/\/etab.ac-reunion.fr\/clg-le-ruisseau\/wp-json\/wp\/v2\/types\/page"}],"author":[{"embeddable":true,"href":"https:\/\/etab.ac-reunion.fr\/clg-le-ruisseau\/wp-json\/wp\/v2\/users\/7561"}],"replies":[{"embeddable":true,"href":"https:\/\/etab.ac-reunion.fr\/clg-le-ruisseau\/wp-json\/wp\/v2\/comments?post=91"}],"version-history":[{"count":9,"href":"https:\/\/etab.ac-reunion.fr\/clg-le-ruisseau\/wp-json\/wp\/v2\/pages\/91\/revisions"}],"predecessor-version":[{"id":2600,"href":"https:\/\/etab.ac-reunion.fr\/clg-le-ruisseau\/wp-json\/wp\/v2\/pages\/91\/revisions\/2600"}],"up":[{"embeddable":true,"href":"https:\/\/etab.ac-reunion.fr\/clg-le-ruisseau\/wp-json\/wp\/v2\/pages\/30"}],"wp:attachment":[{"href":"https:\/\/etab.ac-reunion.fr\/clg-le-ruisseau\/wp-json\/wp\/v2\/media?parent=91"}],"curies":[{"name":"wp","href":"https:\/\/api.w.org\/{rel}","templated":true}]}}