{"id":2875,"date":"2025-02-03T09:56:40","date_gmt":"2025-02-03T05:56:40","guid":{"rendered":"https:\/\/etab.ac-reunion.fr\/clg-le-toullec\/?page_id=2875"},"modified":"2026-04-21T11:51:00","modified_gmt":"2026-04-21T07:51:00","slug":"creation-compte-educonnect","status":"publish","type":"page","link":"https:\/\/etab.ac-reunion.fr\/clg-le-toullec\/creation-compte-educonnect\/","title":{"rendered":"Cr\u00e9ation compte EduConnect"},"content":{"rendered":"\n<p><em>Un compte unique pour suivre et accompagner la scolarit\u00e9 de mon enfant<\/em>.<br><a href=\"https:\/\/etab.ac-reunion.fr\/clg-le-toullec\/wp-content\/uploads\/sites\/73\/2026\/04\/Final-Procedure-de-Creation-compte-educonnect.pdf\"><strong>T\u00e9l\u00e9charger le document <\/strong><\/a><\/p>\n\n\n\n<p>Proc\u00e9dure de Cr\u00e9ation d&rsquo;un Compte Educonnect pour les Parents<br>Cette proc\u00e9dure guide les parents pour cr\u00e9er leur compte Educonnect et associer leur enfant au service,<br>leur permettant ainsi d&rsquo;acc\u00e9der aux ressources num\u00e9riques (D\u00e9marche en ligne, Metice, Pronote) de<br>l&rsquo;\u00c9ducation nationale.<\/p>\n\n\n\n<h6 class=\"wp-block-heading has-medium-font-size\">1.  Acc\u00e9der au site Educonnect :<\/h6>\n\n\n\n<ol class=\"wp-block-list\"><\/ol>\n\n\n\n<ul class=\"wp-block-list\">\n<li>Ouvrez votre navigateur internet..<\/li>\n\n\n\n<li> Rendez-vous sur le site Educonnect via l&rsquo;URL suivante : <a href=\"https:\/\/educonnect.education.gouv.fr.\">https:\/\/educonnect.education.gouv.fr.<\/a><\/li>\n<\/ul>\n\n\n\n<h6 class=\"wp-block-heading has-medium-font-size\">2. D\u00e9marrer la cr\u00e9ation de compte :<\/h6>\n\n\n\n<ul class=\"wp-block-list\">\n<li>S\u00e9lectionnez l&rsquo;option \u00ab\u00a0Responsable d\u2019\u00e9l\u00e8ves\u00a0\u00bb pour cr\u00e9er un compte en tant que parent. <\/li>\n\n\n\n<li>Cliquez sur \u00ab\u00a0Je n&rsquo;ai pas de compte\u00a0\u00bb.<\/li>\n<\/ul>\n\n\n\n<figure class=\"wp-block-image size-full is-resized\"><img loading=\"lazy\" decoding=\"async\" width=\"696\" height=\"579\" src=\"https:\/\/etab.ac-reunion.fr\/clg-le-toullec\/wp-content\/uploads\/sites\/73\/2026\/04\/image.png\" alt=\"\" class=\"wp-image-3075\" style=\"aspect-ratio:1.2020779921737956;width:559px;height:auto\" srcset=\"https:\/\/etab.ac-reunion.fr\/clg-le-toullec\/wp-content\/uploads\/sites\/73\/2026\/04\/image.png 696w, https:\/\/etab.ac-reunion.fr\/clg-le-toullec\/wp-content\/uploads\/sites\/73\/2026\/04\/image-300x250.png 300w, https:\/\/etab.ac-reunion.fr\/clg-le-toullec\/wp-content\/uploads\/sites\/73\/2026\/04\/image-150x125.png 150w\" sizes=\"auto, (max-width: 696px) 100vw, 696px\" \/><\/figure>\n\n\n\n<h6 class=\"wp-block-heading has-medium-font-size\">3. Saisir les informations personnelles :<\/h6>\n\n\n\n<ul class=\"wp-block-list\">\n<li>Renseignez vos informations personnelles : nom, pr\u00e9nom, num\u00e9ro de t\u00e9l\u00e9phone portable, code<br>de s\u00e9curit\u00e9.<\/li>\n<\/ul>\n\n\n\n<figure class=\"wp-block-image size-large is-resized\"><img loading=\"lazy\" decoding=\"async\" width=\"1024\" height=\"481\" src=\"https:\/\/etab.ac-reunion.fr\/clg-le-toullec\/wp-content\/uploads\/sites\/73\/2026\/04\/image-1-1024x481.png\" alt=\"\" class=\"wp-image-3076\" style=\"aspect-ratio:2.1290245930854224;width:824px;height:auto\" srcset=\"https:\/\/etab.ac-reunion.fr\/clg-le-toullec\/wp-content\/uploads\/sites\/73\/2026\/04\/image-1-1024x481.png 1024w, https:\/\/etab.ac-reunion.fr\/clg-le-toullec\/wp-content\/uploads\/sites\/73\/2026\/04\/image-1-300x141.png 300w, https:\/\/etab.ac-reunion.fr\/clg-le-toullec\/wp-content\/uploads\/sites\/73\/2026\/04\/image-1-768x361.png 768w, https:\/\/etab.ac-reunion.fr\/clg-le-toullec\/wp-content\/uploads\/sites\/73\/2026\/04\/image-1-1536x722.png 1536w, https:\/\/etab.ac-reunion.fr\/clg-le-toullec\/wp-content\/uploads\/sites\/73\/2026\/04\/image-1-150x71.png 150w, https:\/\/etab.ac-reunion.fr\/clg-le-toullec\/wp-content\/uploads\/sites\/73\/2026\/04\/image-1.png 1589w\" sizes=\"auto, (max-width: 1024px) 100vw, 1024px\" \/><\/figure>\n\n\n\n<ul class=\"wp-block-list\">\n<li>Assurez-vous que les informations saisies sont correctes, puis cliquez sur \u00ab\u00a0Continuer\u00a0\u00bb.<\/li>\n<\/ul>\n\n\n\n<h6 class=\"wp-block-heading has-medium-font-size\">4. Valider l&rsquo;identit\u00e9 :<\/h6>\n\n\n\n<ul class=\"wp-block-list\">\n<li>Vous recevrez un code de validation par SMS sur le num\u00e9ro de t\u00e9l\u00e9phone fourni.<\/li>\n\n\n\n<li>Entrez ce code dans le champ correspondant pour valider votre identit\u00e9.<\/li>\n<\/ul>\n\n\n\n<h6 class=\"wp-block-heading has-medium-font-size\">5. Cr\u00e9er un mot de passe :<\/h6>\n\n\n\n<ul class=\"wp-block-list\">\n<li>Choisissez un mot de passe s\u00e9curis\u00e9 en respectant les crit\u00e8res indiqu\u00e9s (longueur minimale,<br>caract\u00e8res sp\u00e9ciaux, etc.).<\/li>\n\n\n\n<li>Confirmez ce mot de passe, puis cliquez sur \u00ab\u00a0Continuer\u00a0\u00bb.<\/li>\n<\/ul>\n\n\n\n<h6 class=\"wp-block-heading has-medium-font-size\">6. Associer votre enfant :<\/h6>\n\n\n\n<ul class=\"wp-block-list\">\n<li>Saisissez les informations concernant votre enfant comme la date de naissance<\/li>\n<\/ul>\n\n\n\n<h6 class=\"wp-block-heading has-medium-font-size\">7. Finaliser l&rsquo;inscription :<\/h6>\n\n\n\n<ul class=\"wp-block-list\">\n<li>Une fois l&rsquo;association de votre enfant valid\u00e9e, vous recevrez un e-mail de confirmation.<\/li>\n\n\n\n<li>Cliquez sur le lien dans cet e-mail pour activer votre compte Educonnect.<\/li>\n<\/ul>\n\n\n\n<h6 class=\"wp-block-heading has-medium-font-size\">8. Connexion \u00e0 Educonnect :<\/h6>\n\n\n\n<ul class=\"wp-block-list\">\n<li>Retournez sur la page d&rsquo;accueil Educonnect.<\/li>\n\n\n\n<li>Utilisez votre identifiant communiqu\u00e9 pendant la cr\u00e9ation du compte et le mot de passe que<br>vous avez cr\u00e9\u00e9s pour vous connecter.<\/li>\n<\/ul>\n\n\n\n<h6 class=\"wp-block-heading has-medium-font-size\">9. Acc\u00e9der \u00e0 Pronote :<\/h6>\n\n\n\n<ul class=\"wp-block-list\">\n<li>Une fois connect\u00e9 \u00e0 Educonnect, se rendre dans l\u2019onglet mes services.<\/li>\n\n\n\n<li>Cliquez sur ouvrir L\u2019ENT (Espace Num\u00e9rique de Travail)<\/li>\n\n\n\n<li>Une fois sur la page d&rsquo;accueil de l&rsquo;ENT, cherchez l&rsquo;ic\u00f4ne \u00ab\u00a0pronote\u00a0\u00bb<\/li>\n<\/ul>\n\n\n\n<p><\/p>\n\n\n\n<h2 class=\"wp-block-heading has-text-align-center\">Comment avoir Pronote sur t\u00e9l\u00e9phone<\/h2>\n\n\n\n<p>1 Sur votre smartphone, ouvrez l&rsquo;App Store (iOS) ou le Google Play Store (Android).<br>2 T\u00e9l\u00e9chargez et installez l&rsquo;application \u00ab\u00a0pronote\u00a0\u00bb d\u00e9velopp\u00e9e par Index Education.<br>3 Ouvrez votre navigateur internet sur un ordinateur.<br>4 Acc\u00e9dez \u00e0 pronote via Euconnect<br>5 Dans l&rsquo;interface pronote sur votre ordinateur g\u00e9n\u00e9rer un QR code<\/p>\n\n\n\n<figure class=\"wp-block-image size-large\"><img loading=\"lazy\" decoding=\"async\" width=\"1024\" height=\"138\" src=\"https:\/\/etab.ac-reunion.fr\/clg-le-toullec\/wp-content\/uploads\/sites\/73\/2026\/04\/image-2-1024x138.png\" alt=\"\" class=\"wp-image-3077\" srcset=\"https:\/\/etab.ac-reunion.fr\/clg-le-toullec\/wp-content\/uploads\/sites\/73\/2026\/04\/image-2-1024x138.png 1024w, https:\/\/etab.ac-reunion.fr\/clg-le-toullec\/wp-content\/uploads\/sites\/73\/2026\/04\/image-2-300x40.png 300w, https:\/\/etab.ac-reunion.fr\/clg-le-toullec\/wp-content\/uploads\/sites\/73\/2026\/04\/image-2-768x103.png 768w, https:\/\/etab.ac-reunion.fr\/clg-le-toullec\/wp-content\/uploads\/sites\/73\/2026\/04\/image-2-150x20.png 150w, https:\/\/etab.ac-reunion.fr\/clg-le-toullec\/wp-content\/uploads\/sites\/73\/2026\/04\/image-2.png 1437w\" sizes=\"auto, (max-width: 1024px) 100vw, 1024px\" \/><\/figure>\n\n\n\n<p>6 Depuis le t\u00e9l\u00e9phone Utilisez l&rsquo;option \u00ab\u00a0Scanner le QR Code\u00a0\u00bb dans l&rsquo;application pronote.<\/p>\n\n\n\n<p><\/p>\n\n\n\n<p class=\"has-text-align-center has-small-font-size\"><em>Assistance : En cas de difficult\u00e9 lors de la cr\u00e9ation de votre compte, vous pouvez solliciter de l\u2019aide en<br>\u00e9crivant \u00e0 ce.9741313j@ac-reunion.fr ou consulter la section \u00ab\u00a0Aide\u00a0\u00bb sur le site Educonnect.<\/em><\/p>\n\n\n\n<p><\/p>\n","protected":false},"excerpt":{"rendered":"<p>Un compte unique pour suivre et accompagner la scolarit\u00e9 de mon enfant.T\u00e9l\u00e9charger le document Proc\u00e9dure de Cr\u00e9ation d&rsquo;un Compte Educonnect pour les ParentsCette proc\u00e9dure guide les parents pour cr\u00e9er leur compte Educonnect et associer leur enfant au service,leur permettant ainsi d&rsquo;acc\u00e9der aux ressources num\u00e9riques (D\u00e9marche en ligne, Metice, Pronote) del&rsquo;\u00c9ducation &#8230;<\/p>\n<p> <a class=\"continue-reading-link\" href=\"https:\/\/etab.ac-reunion.fr\/clg-le-toullec\/creation-compte-educonnect\/\"><span>Continue reading<\/span><i class=\"crycon-right-dir\"><\/i><\/a> <\/p>\n","protected":false},"author":27811,"featured_media":0,"parent":0,"menu_order":0,"comment_status":"closed","ping_status":"closed","template":"","meta":{"footnotes":""},"class_list":["post-2875","page","type-page","status-publish","hentry"],"_links":{"self":[{"href":"https:\/\/etab.ac-reunion.fr\/clg-le-toullec\/wp-json\/wp\/v2\/pages\/2875","targetHints":{"allow":["GET"]}}],"collection":[{"href":"https:\/\/etab.ac-reunion.fr\/clg-le-toullec\/wp-json\/wp\/v2\/pages"}],"about":[{"href":"https:\/\/etab.ac-reunion.fr\/clg-le-toullec\/wp-json\/wp\/v2\/types\/page"}],"author":[{"embeddable":true,"href":"https:\/\/etab.ac-reunion.fr\/clg-le-toullec\/wp-json\/wp\/v2\/users\/27811"}],"replies":[{"embeddable":true,"href":"https:\/\/etab.ac-reunion.fr\/clg-le-toullec\/wp-json\/wp\/v2\/comments?post=2875"}],"version-history":[{"count":8,"href":"https:\/\/etab.ac-reunion.fr\/clg-le-toullec\/wp-json\/wp\/v2\/pages\/2875\/revisions"}],"predecessor-version":[{"id":3079,"href":"https:\/\/etab.ac-reunion.fr\/clg-le-toullec\/wp-json\/wp\/v2\/pages\/2875\/revisions\/3079"}],"wp:attachment":[{"href":"https:\/\/etab.ac-reunion.fr\/clg-le-toullec\/wp-json\/wp\/v2\/media?parent=2875"}],"curies":[{"name":"wp","href":"https:\/\/api.w.org\/{rel}","templated":true}]}}