{"id":175,"date":"2016-02-15T14:44:48","date_gmt":"2016-02-15T10:44:48","guid":{"rendered":"http:\/\/college-lecontedelisle-tmp.ac-reunion.fr\/?page_id=175"},"modified":"2019-07-02T15:08:53","modified_gmt":"2019-07-02T11:08:53","slug":"charte-informatique","status":"publish","type":"page","link":"https:\/\/etab.ac-reunion.fr\/clg-leconte-de-lisle\/informations\/charte-informatique\/","title":{"rendered":"Charte Informatique"},"content":{"rendered":"<ol>\n<li><strong> CHAMP D&rsquo;APPLICATION DE LA CHARTE<\/strong><\/li>\n<\/ol>\n<p>Les r\u00e8gles et obligations ci-dessous \u00e9nonc\u00e9es s&rsquo;appliquent \u00e0 toute personne, \u00e9l\u00e8ve, enseignant, personnel administratif ou technique, autoris\u00e9e par le Chef d\u2019\u00e9tablissement \u00e0 utiliser les moyens et syst\u00e8mes informatiques \u00e0 usage p\u00e9dagogique du coll\u00e8ge Leconte de Lisle.<\/p>\n<p>Ces derniers comprennent notamment le r\u00e9seau, le serveur, les stations de travail, les micro-ordinateurs et leurs p\u00e9riph\u00e9riques, des tablettes, des salles d&rsquo;enseignement, du foyer socio-\u00e9ducatif, du C.D.I. et de la salle des professeurs du coll\u00e8ge. Ces r\u00e8gles d\u00e9finies s&rsquo;\u00e9tendent \u00e9galement \u00e0 l&rsquo;utilisation du r\u00e9seau Internet.<\/p>\n<p>La pr\u00e9sente charte d\u00e9finit les r\u00e8gles d\u2019utilisation des \u00e9quipements et services par l\u2019utilisateur. L\u2019utilisateur est toute personne de la communaut\u00e9 \u00e9ducative du coll\u00e8ge et toute personne invit\u00e9e d\u00fbment autoris\u00e9e sous la responsabilit\u00e9 du chef d\u2019\u00e9tablisssement.<\/p>\n<p><strong>&nbsp;<\/strong><\/p>\n<ol start=\"2\">\n<li><strong> R\u00c8GLES DE GESTION DES TICE DU COLLEGE LECONTE DE LISLE<\/strong><\/li>\n<\/ol>\n<p><strong><em>2.1. MISSIONS DES ADMINISTRATEURS<\/em><\/strong><\/p>\n<p>Chaque ordinateur et chaque r\u00e9seau est g\u00e9r\u00e9 par un ou plusieurs administrateurs qui g\u00e8rent le compte des utilisateurs et tout ce qui y est associ\u00e9.<\/p>\n<p>De mani\u00e8re g\u00e9n\u00e9rale, les administrateurs ont le droit de faire tout ce qui est n\u00e9cessaire pour assurer le bon fonctionnement des moyens informatiques du coll\u00e8ge. Ils informent, dans la mesure du possible, les utilisateurs de toute intervention susceptible de perturber ou d&rsquo;interrompre l&rsquo;utilisation habituelle des moyens informatiques.<\/p>\n<p>Les administrateurs n&rsquo;ouvrent de compte qu&rsquo;aux utilisateurs ayant pris connaissance et sign\u00e9 le pr\u00e9sent document, et peuvent le fermer provisoirement ou d\u00e9finitivement s&rsquo;ils ont des raisons de penser que l&rsquo;utilisateur viole les r\u00e8gles \u00e9nonc\u00e9es ici.<\/p>\n<p>Des moyens techniques sont mis en \u0153uvre (contr\u00f4le des connexions, suivi de l&rsquo;utilisation des diff\u00e9rents postes <strong><u>avec identification de chaque utilisateur<\/u><\/strong>) afin de v\u00e9rifier que l&rsquo;usage du r\u00e9seau informatique correspond aux r\u00e8gles indiqu\u00e9es de &nbsp;la charte.<\/p>\n<p><strong><em>2.2. CONDITIONS D&rsquo;ACC\u00c8S AUX MOYENS INFORMATIQUES DU COLLEGE. <\/em><\/strong><\/p>\n<p>L&rsquo;utilisation des moyens informatiques du coll\u00e8ge a pour objet exclusif de mener des activit\u00e9s d&rsquo;enseignement ou de documentation. Tout autre type de&nbsp; projets requi\u00e8re une autorisation pr\u00e9alable ou convention sign\u00e9e par le Principal du coll\u00e8ge.<\/p>\n<p>Chaque utilisateur se voit attribuer un compte informatique (nom ou num\u00e9ro d&rsquo;utilisateur et un mot de passe) qui lui permettra de se connecter au r\u00e9seau p\u00e9dagogique. Il dispose \u00e9galement d&rsquo;un espace disque personnel sur le serveur, d&rsquo;un espace personnel sur le serveur Web Intranet de l&rsquo;\u00e9tablissement et d&rsquo;un compte de messagerie Intranet (messagerie p\u00e9dagogique interne \u00e0 l&rsquo;\u00e9tablissement).<\/p>\n<p>Les comptes et mots de passe sont nominatifs, personnels et incessibles (ils ne peuvent \u00eatre pr\u00eat\u00e9s). Chaque utilisateur est responsable de l&rsquo;utilisation qui en est faite.<\/p>\n<p>L&rsquo;utilisateur pr\u00e9viendra l&rsquo;administrateur si son mot de passe ne lui permet plus de se connecter ou s&rsquo;il soup\u00e7onne que son compte est viol\u00e9. Un nouveau mot de passe lui sera communiqu\u00e9.<\/p>\n<ol start=\"3\">\n<li><strong> LE RESPECT DE LA D\u00c9ONTOLOGIE INFORMATIQUE<\/strong><\/li>\n<\/ol>\n<p><strong><em>3.1. &nbsp;R\u00c8GLES DE BASE : <\/em><\/strong><\/p>\n<p>Chaque utilisateur s&rsquo;engage \u00e0 respecter les r\u00e8gles de la d\u00e9ontologie informatique et notamment \u00e0 ne pas effectuer intentionnellement des op\u00e9rations qui pourraient avoir pour cons\u00e9quences :<\/p>\n<ul>\n<li>de masquer sa v\u00e9ritable identit\u00e9 (un utilisateur doit, par exemple indiquer sa v\u00e9ritable identit\u00e9 dans les correspondances de courrier \u00e9lectronique, les pseudonymes sont exclus),<\/li>\n<li>de s&rsquo;approprier le mot de passe d&rsquo;un autre utilisateur,<\/li>\n<li>de modifier ou de d\u00e9truire des informations ne lui appartenant pas sur un des syst\u00e8mes informatiques,<\/li>\n<li>d&rsquo;acc\u00e9der \u00e0 des informations appartenant \u00e0 d&rsquo;autres utilisateurs sans leur autorisation,<\/li>\n<li>de porter atteinte \u00e0 l&rsquo;int\u00e9grit\u00e9 d&rsquo;un autre utilisateur ou \u00e0 sa sensibilit\u00e9, notamment par l&rsquo;interm\u00e9diaire de messages, textes ou images provocants,<\/li>\n<li>d&rsquo;interrompre le fonctionnement normal du r\u00e9seau ou d&rsquo;un des syst\u00e8mes connect\u00e9s ou non au r\u00e9seau,<\/li>\n<li>de se connecter ou d&rsquo;essayer de se connecter sur un site ou un compte sans y \u00eatre autoris\u00e9.<\/li>\n<\/ul>\n<p>La r\u00e9alisation, l&rsquo;utilisation ou la diffusion d&rsquo;un programme informatique ayant de tels objectifs est strictement interdite.<\/p>\n<p>De plus, l\u2019utilisateur s\u2019engage \u00e0 utiliser Internet exclusivement pour une utilisation d\u2019ordre p\u00e9dagogique. En particulier, la connexion \u00e0 des services de dialogue en direct n&rsquo;est pas autoris\u00e9e. L&rsquo;acc\u00e8s \u00e0 des sites \u00e0 caract\u00e8re pornographique, x\u00e9nophobe, antis\u00e9mite ou raciste est strictement interdit.<\/p>\n<p>L&rsquo;acc\u00e8s \u00e0 Internet pour les \u00e9l\u00e8ves ne pourra se faire que sous la validation et la responsabilit\u00e9 d&rsquo;un adulte.<\/p>\n<p>En aucun cas, l&rsquo;\u00e9l\u00e8ve ne devra laisser de signes d\u2019identification (adresse, num\u00e9ro de t\u00e9l\u00e9phone, &#8230;).<\/p>\n<p><strong><em>3.2. UTILISATION DE LOGICIELS ET RESPECT DES DROITS DE LA PROPRI\u00c9T\u00c9 : <\/em><\/strong><\/p>\n<p>L\u2019utilisateur ne peut installer un logiciel sur un ordinateur ou le rendre accessible sur le r\u00e9seau qu\u2019apr\u00e8s accord du ou des administrateurs. Il ne peut faire de copies de logiciels n&rsquo;appartenant pas au domaine public.<\/p>\n<p>Notamment, il ne devra en aucun cas :<\/p>\n<ul>\n<li>installer des logiciels \u00e0 caract\u00e8re ludique (sauf \u00e0 des fins scientifiques ou p\u00e9dagogiques r\u00e9elles),<\/li>\n<li>faire une copie d\u2019un logiciel commercial,<\/li>\n<li>contourner les restrictions d&rsquo;utilisation d\u2019un logiciel,<\/li>\n<li>d\u00e9velopper, copier des programmes qui s\u2019auto-dupliquent ou s&rsquo;attachent \u00e0 d\u2019autres programmes (virus informatiques).<\/li>\n<\/ul>\n<p><strong><em>3.3.&nbsp; UTILISATION \u00c9QUITABLE DES MOYENS INFORMATIQUES : <\/em><\/strong><\/p>\n<p>Chaque utilisateur s&rsquo;engage \u00e0 prendre soin du mat\u00e9riel et des locaux informatiques mis \u00e0 sa disposition. Il informe un des administrateurs r\u00e9seau de toute anomalie constat\u00e9e.<\/p>\n<p>Toute personne qui emprunte un mat\u00e9riel informatique le fait en pr\u00e9sence d\u2019un responsable. L\u2019utilisateur ne peut occuper que la quantit\u00e9 d\u2019espace disque qui lui est strictement allou\u00e9e.<\/p>\n<p>Les activit\u00e9s risquant d\u2019accaparer fortement les ressources informatiques (impression de gros documents, calculs importants, utilisation intensive du r\u00e9seau,&#8230;) sont soumises \u00e0 autorisation.<\/p>\n<p>Un utilisateur ne doit jamais quitter un poste de travail sans se d\u00e9connecter et \u00e9teindre son poste.<\/p>\n<p>L\u2019utilisateur reste responsable d\u2019\u00e9ventuels faits commis par une tierce personne et issus de cette non fermeture de session de travail.<\/p>\n<p>Toutes d\u00e9gradations de mat\u00e9riels informatiques ou de documents informatiques seront sanctionn\u00e9es. Des r\u00e9parations pourront \u00eatre demand\u00e9es.<\/p>\n<p>L&rsquo;utilisateur qui contreviendrait aux r\u00e8gles pr\u00e9c\u00e9demment d\u00e9finies s&rsquo;expose au retrait temporaire ou d\u00e9finitif de son compte informatique ainsi qu&rsquo;aux poursuites disciplinaires et p\u00e9nales, pr\u00e9vues par les textes l\u00e9gislatifs et r\u00e9glementaires en vigueur.<\/p>\n<p><strong>3.4. &nbsp;PROTECTION DES DONNEES A CARACTERE PERSONNEL&nbsp;:<\/strong><\/p>\n<p>Le responsable des traitements des donn\u00e9es \u00e0 caract\u00e8re personnel est le Principal du coll\u00e8ge. Le coll\u00e8ge a d\u00e9clar\u00e9 l\u2019ENT aupr\u00e8s de la CNIL (Commission Nationale Informatique et Libert\u00e9s). Un outil de marquage permet d\u2019\u00e9tablir des statistiques de fr\u00e9quentation des diff\u00e9rents services de l\u2019ENT et les croiser avec des profils d\u2019utilisateurs. L\u2019utilisateur peut exercer aupr\u00e8s du Principal du coll\u00e8ge son droit d\u2019acc\u00e8s, de rectification et d\u2019opposition aux donn\u00e9es \u00e0 caract\u00e8re personnel le concernant (loi 78-17 relative \u00e0 l\u2019informatique, aux fichiers et aux libert\u00e9s).<\/p>\n<p><strong>3.5.&nbsp; MAUVAISE UTILISATION ET NON RESPECT DES REGLES&nbsp;:<\/strong><\/p>\n<p>La charte ne se substituant pas au r\u00e8glement int\u00e9rieur de l\u2019\u00e9tablissement, le non-respect des r\u00e8gles des principes \u00e9tablis ou rappel\u00e9s par la charte pourra donner lieu \u00e0 une limitation ou \u00e0 une suppression des acc\u00e8s aux services. En cas de manquement \u00e0 la pr\u00e9sente charte, l\u2019utilisation est au courant qu\u2019il s\u2019expose \u00e0 des sanctions disciplinaires, des poursuites judiciaires.<\/p>\n","protected":false},"excerpt":{"rendered":"<p>CHAMP D&rsquo;APPLICATION DE LA CHARTE Les r\u00e8gles et obligations ci-dessous \u00e9nonc\u00e9es s&rsquo;appliquent \u00e0 toute personne, \u00e9l\u00e8ve, enseignant, personnel administratif ou technique, autoris\u00e9e par le Chef d\u2019\u00e9tablissement \u00e0 utiliser les moyens\u2026<\/p>\n<p class=\"continue-reading-button\"> <a class=\"continue-reading-link\" href=\"https:\/\/etab.ac-reunion.fr\/clg-leconte-de-lisle\/informations\/charte-informatique\/\">Continuer \u00e0 lire<i class=\"crycon-right-dir\"><\/i><\/a><\/p>\n","protected":false},"author":10521,"featured_media":0,"parent":161,"menu_order":2,"comment_status":"closed","ping_status":"closed","template":"","meta":{"footnotes":""},"class_list":["post-175","page","type-page","status-publish","hentry"],"_links":{"self":[{"href":"https:\/\/etab.ac-reunion.fr\/clg-leconte-de-lisle\/wp-json\/wp\/v2\/pages\/175","targetHints":{"allow":["GET"]}}],"collection":[{"href":"https:\/\/etab.ac-reunion.fr\/clg-leconte-de-lisle\/wp-json\/wp\/v2\/pages"}],"about":[{"href":"https:\/\/etab.ac-reunion.fr\/clg-leconte-de-lisle\/wp-json\/wp\/v2\/types\/page"}],"author":[{"embeddable":true,"href":"https:\/\/etab.ac-reunion.fr\/clg-leconte-de-lisle\/wp-json\/wp\/v2\/users\/10521"}],"replies":[{"embeddable":true,"href":"https:\/\/etab.ac-reunion.fr\/clg-leconte-de-lisle\/wp-json\/wp\/v2\/comments?post=175"}],"version-history":[{"count":7,"href":"https:\/\/etab.ac-reunion.fr\/clg-leconte-de-lisle\/wp-json\/wp\/v2\/pages\/175\/revisions"}],"predecessor-version":[{"id":1255,"href":"https:\/\/etab.ac-reunion.fr\/clg-leconte-de-lisle\/wp-json\/wp\/v2\/pages\/175\/revisions\/1255"}],"up":[{"embeddable":true,"href":"https:\/\/etab.ac-reunion.fr\/clg-leconte-de-lisle\/wp-json\/wp\/v2\/pages\/161"}],"wp:attachment":[{"href":"https:\/\/etab.ac-reunion.fr\/clg-leconte-de-lisle\/wp-json\/wp\/v2\/media?parent=175"}],"curies":[{"name":"wp","href":"https:\/\/api.w.org\/{rel}","templated":true}]}}