{"id":1892,"date":"2022-02-28T14:34:53","date_gmt":"2022-02-28T10:34:53","guid":{"rendered":"http:\/\/college-lecontedelisle.ac-reunion.fr\/?page_id=1892"},"modified":"2022-03-07T13:17:10","modified_gmt":"2022-03-07T09:17:10","slug":"ressources-thematique","status":"publish","type":"page","link":"https:\/\/etab.ac-reunion.fr\/clg-leconte-de-lisle\/cdi\/ressources-thematique\/","title":{"rendered":"Ressources th\u00e9matique"},"content":{"rendered":"\n<p class=\"has-large-font-size\"><strong>Les femmes \u00e0 l&rsquo;honneur en ce 8 mars au CDI<\/strong><\/p>\n\n\n\n<p>Participons \u00e0 cette journ\u00e9e avec une exposition au CDI et un <a rel=\"noreferrer noopener\" href=\"https:\/\/padlet.com\/cdi9740091f\/qgyhoazxjoc7735w\" target=\"_blank\">padlet <\/a>qui vous permettra d&rsquo;en savoir plus avec des vid\u00e9os, des sites d\u00e9di\u00e9s et m\u00eame de la po\u00e9sie&#8230;<\/p>\n\n\n\n<hr class=\"wp-block-separator\" \/>\n\n\n\n<p class=\"has-large-font-size\"><strong>UKRAINE<\/strong><\/p>\n\n\n\n<figure class=\"wp-block-image size-full is-resized\"><img loading=\"lazy\" decoding=\"async\" src=\"https:\/\/etab.ac-reunion.fr\/clg-leconte-de-lisle\/wp-content\/uploads\/sites\/141\/2022\/02\/kiev.jpg\" alt=\"\" class=\"wp-image-1893\" width=\"612\" height=\"306\" srcset=\"https:\/\/etab.ac-reunion.fr\/clg-leconte-de-lisle\/wp-content\/uploads\/sites\/141\/2022\/02\/kiev.jpg 612w, https:\/\/etab.ac-reunion.fr\/clg-leconte-de-lisle\/wp-content\/uploads\/sites\/141\/2022\/02\/kiev-300x150.jpg 300w, https:\/\/etab.ac-reunion.fr\/clg-leconte-de-lisle\/wp-content\/uploads\/sites\/141\/2022\/02\/kiev-150x75.jpg 150w\" sizes=\"auto, (max-width: 612px) 100vw, 612px\" \/><figcaption>Un <strong>conflit en Ukraine<\/strong> vient de se d\u00e9clarer. Mais qu&rsquo;est-ce que cela veut dire exactement ?<\/figcaption><\/figure>\n\n\n\n<p>Pour mieux comprendre et savoir de quoi l&rsquo;on parle, voici un <a rel=\"noreferrer noopener\" href=\"https:\/\/padlet.com\/cdi9740091f\/8v5v355upsvmatd7\" target=\"_blank\"><em><u>PADLET<\/u><\/em> <\/a>d\u00e9di\u00e9 \u00e0 cet \u00e9v\u00e8nement.\u00a0\u00bb<\/p>\n","protected":false},"excerpt":{"rendered":"<p>Les femmes \u00e0 l&rsquo;honneur en ce 8 mars au CDI Participons \u00e0 cette journ\u00e9e avec une exposition au CDI et un padlet qui vous permettra d&rsquo;en savoir plus avec des\u2026<\/p>\n<p class=\"continue-reading-button\"> <a class=\"continue-reading-link\" href=\"https:\/\/etab.ac-reunion.fr\/clg-leconte-de-lisle\/cdi\/ressources-thematique\/\">Continuer \u00e0 lire<i class=\"crycon-right-dir\"><\/i><\/a><\/p>\n","protected":false},"author":18474,"featured_media":1893,"parent":183,"menu_order":3,"comment_status":"closed","ping_status":"closed","template":"","meta":{"footnotes":""},"class_list":["post-1892","page","type-page","status-publish","has-post-thumbnail","hentry"],"_links":{"self":[{"href":"https:\/\/etab.ac-reunion.fr\/clg-leconte-de-lisle\/wp-json\/wp\/v2\/pages\/1892","targetHints":{"allow":["GET"]}}],"collection":[{"href":"https:\/\/etab.ac-reunion.fr\/clg-leconte-de-lisle\/wp-json\/wp\/v2\/pages"}],"about":[{"href":"https:\/\/etab.ac-reunion.fr\/clg-leconte-de-lisle\/wp-json\/wp\/v2\/types\/page"}],"author":[{"embeddable":true,"href":"https:\/\/etab.ac-reunion.fr\/clg-leconte-de-lisle\/wp-json\/wp\/v2\/users\/18474"}],"replies":[{"embeddable":true,"href":"https:\/\/etab.ac-reunion.fr\/clg-leconte-de-lisle\/wp-json\/wp\/v2\/comments?post=1892"}],"version-history":[{"count":5,"href":"https:\/\/etab.ac-reunion.fr\/clg-leconte-de-lisle\/wp-json\/wp\/v2\/pages\/1892\/revisions"}],"predecessor-version":[{"id":1904,"href":"https:\/\/etab.ac-reunion.fr\/clg-leconte-de-lisle\/wp-json\/wp\/v2\/pages\/1892\/revisions\/1904"}],"up":[{"embeddable":true,"href":"https:\/\/etab.ac-reunion.fr\/clg-leconte-de-lisle\/wp-json\/wp\/v2\/pages\/183"}],"wp:featuredmedia":[{"embeddable":true,"href":"https:\/\/etab.ac-reunion.fr\/clg-leconte-de-lisle\/wp-json\/wp\/v2\/media\/1893"}],"wp:attachment":[{"href":"https:\/\/etab.ac-reunion.fr\/clg-leconte-de-lisle\/wp-json\/wp\/v2\/media?parent=1892"}],"curies":[{"name":"wp","href":"https:\/\/api.w.org\/{rel}","templated":true}]}}