{"id":234,"date":"2016-02-16T11:08:06","date_gmt":"2016-02-16T07:08:06","guid":{"rendered":"http:\/\/college-lecontedelisle-tmp.ac-reunion.fr\/?page_id=234"},"modified":"2019-02-19T07:40:29","modified_gmt":"2019-02-19T03:40:29","slug":"contact","status":"publish","type":"page","link":"https:\/\/etab.ac-reunion.fr\/clg-leconte-de-lisle\/contact\/","title":{"rendered":"Contact"},"content":{"rendered":"\n<div class=\"wpcf7 no-js\" id=\"wpcf7-f1177-o1\" lang=\"fr-FR\" dir=\"ltr\" data-wpcf7-id=\"1177\">\n<div class=\"screen-reader-response\"><p role=\"status\" aria-live=\"polite\" aria-atomic=\"true\"><\/p> <ul><\/ul><\/div>\n<form action=\"\/clg-leconte-de-lisle\/wp-json\/wp\/v2\/pages\/234#wpcf7-f1177-o1\" method=\"post\" class=\"wpcf7-form init\" aria-label=\"Formulaire de contact\" novalidate=\"novalidate\" data-status=\"init\">\n<fieldset class=\"hidden-fields-container\"><input type=\"hidden\" name=\"_wpcf7\" value=\"1177\" \/><input type=\"hidden\" name=\"_wpcf7_version\" value=\"6.1.5\" \/><input type=\"hidden\" name=\"_wpcf7_locale\" value=\"fr_FR\" \/><input type=\"hidden\" name=\"_wpcf7_unit_tag\" value=\"wpcf7-f1177-o1\" \/><input type=\"hidden\" name=\"_wpcf7_container_post\" value=\"0\" \/><input type=\"hidden\" name=\"_wpcf7_posted_data_hash\" value=\"\" \/>\n<\/fieldset>\n<p><label> Votre nom (obligatoire)<br \/>\n<span class=\"wpcf7-form-control-wrap\" data-name=\"your-name\"><input size=\"40\" maxlength=\"400\" class=\"wpcf7-form-control wpcf7-text wpcf7-validates-as-required\" aria-required=\"true\" aria-invalid=\"false\" value=\"\" type=\"text\" name=\"your-name\" \/><\/span> <\/label>\n<\/p>\n<p><label> Votre adresse de messagerie (obligatoire)<br \/>\n<span class=\"wpcf7-form-control-wrap\" data-name=\"your-email\"><input size=\"40\" maxlength=\"400\" class=\"wpcf7-form-control wpcf7-email wpcf7-validates-as-required wpcf7-text wpcf7-validates-as-email\" aria-required=\"true\" aria-invalid=\"false\" value=\"\" type=\"email\" name=\"your-email\" \/><\/span> <\/label>\n<\/p>\n<p><label> Objet (obligatoire)<br \/>\n<span class=\"wpcf7-form-control-wrap\" data-name=\"your-subject\"><input size=\"40\" maxlength=\"400\" class=\"wpcf7-form-control wpcf7-text wpcf7-validates-as-required\" aria-required=\"true\" aria-invalid=\"false\" value=\"\" type=\"text\" name=\"your-subject\" \/><\/span> <\/label>\n<\/p>\n<p><label> Votre message (obligatoire)<br \/>\n<span class=\"wpcf7-form-control-wrap\" data-name=\"your-message\"><textarea cols=\"40\" rows=\"10\" maxlength=\"2000\" class=\"wpcf7-form-control wpcf7-textarea wpcf7-validates-as-required\" aria-required=\"true\" aria-invalid=\"false\" name=\"your-message\"><\/textarea><\/span> <\/label>\n<\/p>\n<p><span class=\"wpcf7-form-control-wrap\" data-name=\"quiz-662\"><label><span class=\"wpcf7-quiz-label\">2+3= ?<\/span> <input size=\"40\" class=\"wpcf7-form-control wpcf7-quiz\" autocomplete=\"off\" aria-required=\"true\" aria-invalid=\"false\" type=\"text\" name=\"quiz-662\" \/><\/label><input type=\"hidden\" name=\"_wpcf7_quiz_answer_quiz-662\" value=\"f43a2183658be0b889f34a9a82e58719\" \/><\/span><br \/>\n<span class=\"wpcf7-form-control-wrap\" data-name=\"quiz-395\"><label><span class=\"wpcf7-quiz-label\">Quelle est le num\u00e9ro du d\u00e9partement de la R\u00e9union ?<\/span> <input size=\"40\" class=\"wpcf7-form-control wpcf7-quiz\" autocomplete=\"off\" aria-required=\"true\" aria-invalid=\"false\" type=\"text\" name=\"quiz-395\" \/><\/label><input type=\"hidden\" name=\"_wpcf7_quiz_answer_quiz-395\" value=\"31e3541b92aad036ed24de4c4b38dd31\" \/><\/span>\n<\/p>\n<p><label>Les informations recueillies \u00e0 partir de ce formulaire sont transmises uniquement \u00e0 l\u2019\u00e9tablissement. Elles ne sont pas conserv\u00e9es ou transmises \u00e0 des tiers.<\/label>\n<\/p>\n<p><label>Une r\u00e9ponse est g\u00e9n\u00e9ralement apport\u00e9e dans les deux jours ouvr\u00e9s apr\u00e8s r\u00e9ception.<\/label>\n<\/p>\n<p><span id=\"wpcf7-69dc5d0333565-wrapper\" class=\"wpcf7-form-control-wrap Website-wrap\" style=\"display:none !important; visibility:hidden !important;\"><label for=\"wpcf7-69dc5d0333565-field\" class=\"hp-message\">Veuillez laisser ce champ vide.<\/label><input id=\"wpcf7-69dc5d0333565-field\"  class=\"wpcf7-form-control wpcf7-text\" type=\"text\" name=\"Website\" value=\"\" size=\"40\" tabindex=\"-1\" autocomplete=\"new-password\" \/><\/span>\n<\/p>\n<p><input class=\"wpcf7-form-control wpcf7-submit has-spinner\" type=\"submit\" value=\"Envoyer\" \/>\n<\/p><div class=\"wpcf7-response-output\" aria-hidden=\"true\"><\/div>\n<\/form>\n<\/div>\n\n","protected":false},"excerpt":{"rendered":"<p class=\"continue-reading-button\"> <a class=\"continue-reading-link\" href=\"https:\/\/etab.ac-reunion.fr\/clg-leconte-de-lisle\/contact\/\">Continuer \u00e0 lire<i class=\"crycon-right-dir\"><\/i><\/a><\/p>\n","protected":false},"author":10521,"featured_media":0,"parent":0,"menu_order":6,"comment_status":"closed","ping_status":"closed","template":"","meta":{"footnotes":""},"class_list":["post-234","page","type-page","status-publish","hentry"],"_links":{"self":[{"href":"https:\/\/etab.ac-reunion.fr\/clg-leconte-de-lisle\/wp-json\/wp\/v2\/pages\/234","targetHints":{"allow":["GET"]}}],"collection":[{"href":"https:\/\/etab.ac-reunion.fr\/clg-leconte-de-lisle\/wp-json\/wp\/v2\/pages"}],"about":[{"href":"https:\/\/etab.ac-reunion.fr\/clg-leconte-de-lisle\/wp-json\/wp\/v2\/types\/page"}],"author":[{"embeddable":true,"href":"https:\/\/etab.ac-reunion.fr\/clg-leconte-de-lisle\/wp-json\/wp\/v2\/users\/10521"}],"replies":[{"embeddable":true,"href":"https:\/\/etab.ac-reunion.fr\/clg-leconte-de-lisle\/wp-json\/wp\/v2\/comments?post=234"}],"version-history":[{"count":4,"href":"https:\/\/etab.ac-reunion.fr\/clg-leconte-de-lisle\/wp-json\/wp\/v2\/pages\/234\/revisions"}],"predecessor-version":[{"id":1179,"href":"https:\/\/etab.ac-reunion.fr\/clg-leconte-de-lisle\/wp-json\/wp\/v2\/pages\/234\/revisions\/1179"}],"wp:attachment":[{"href":"https:\/\/etab.ac-reunion.fr\/clg-leconte-de-lisle\/wp-json\/wp\/v2\/media?parent=234"}],"curies":[{"name":"wp","href":"https:\/\/api.w.org\/{rel}","templated":true}]}}