{"id":56,"date":"2016-02-09T14:18:34","date_gmt":"2016-02-09T10:18:34","guid":{"rendered":"http:\/\/college-lecontedelisle-tmp.ac-reunion.fr\/?page_id=56"},"modified":"2017-03-01T10:50:42","modified_gmt":"2017-03-01T06:50:42","slug":"album-photo","status":"publish","type":"page","link":"https:\/\/etab.ac-reunion.fr\/clg-leconte-de-lisle\/evenements\/album-photo\/","title":{"rendered":"Album Photo"},"content":{"rendered":"<p>Nous vous invitons \u00e0\u00a0d\u00e9couvrir les photos des \u00e9v\u00e9nements et des sorties organis\u00e9s par le coll\u00e8ge<\/p>\n<div id=\"attachment_124\" style=\"width: 160px\" class=\"wp-caption alignleft\"><a href=\"https:\/\/etab.ac-reunion.fr\/clg-leconte-de-lisle\/harcelement-scolaire-2\/\"><img loading=\"lazy\" decoding=\"async\" aria-describedby=\"caption-attachment-124\" class=\"wp-image-124 size-thumbnail\" src=\"https:\/\/etab.ac-reunion.fr\/clg-leconte-de-lisle\/wp-content\/uploads\/sites\/141\/2016\/02\/100_00412-150x150.jpg\" alt=\"Harc\u00e8lement Scolaire\" width=\"150\" height=\"150\" \/><\/a><p id=\"caption-attachment-124\" class=\"wp-caption-text\">Harc\u00e8lement Scolaire<\/p><\/div>\n<div id=\"attachment_416\" style=\"width: 160px\" class=\"wp-caption alignleft\"><a href=\"https:\/\/etab.ac-reunion.fr\/clg-leconte-de-lisle\/forum-des-metiers-2016\/\"><img loading=\"lazy\" decoding=\"async\" aria-describedby=\"caption-attachment-416\" class=\"wp-image-416 size-thumbnail\" src=\"https:\/\/etab.ac-reunion.fr\/clg-leconte-de-lisle\/wp-content\/uploads\/sites\/141\/2016\/04\/Forum-des-m\u00e9tiers-6-150x150.jpg\" alt=\"Forum des m\u00e9tiers 6\" width=\"150\" height=\"150\" \/><\/a><p id=\"caption-attachment-416\" class=\"wp-caption-text\">Forum des m\u00e9tiers<\/p><\/div>\n<div id=\"attachment_429\" style=\"width: 160px\" class=\"wp-caption alignleft\"><a href=\"https:\/\/etab.ac-reunion.fr\/clg-leconte-de-lisle\/cross-2016\/\"><img loading=\"lazy\" decoding=\"async\" aria-describedby=\"caption-attachment-429\" class=\"wp-image-429 size-thumbnail\" src=\"https:\/\/etab.ac-reunion.fr\/clg-leconte-de-lisle\/wp-content\/uploads\/sites\/141\/2016\/04\/Cross-2016-150x150.jpg\" alt=\"Cross 2016\" width=\"150\" height=\"150\" \/><\/a><p id=\"caption-attachment-429\" class=\"wp-caption-text\">CROSS 2015<\/p><\/div>\n<div id=\"attachment_843\" style=\"width: 160px\" class=\"wp-caption alignleft\"><a href=\"https:\/\/etab.ac-reunion.fr\/clg-leconte-de-lisle\/cross-21-septembre-2016\/\"><img loading=\"lazy\" decoding=\"async\" aria-describedby=\"caption-attachment-843\" class=\"wp-image-843 size-thumbnail\" src=\"https:\/\/etab.ac-reunion.fr\/clg-leconte-de-lisle\/wp-content\/uploads\/sites\/141\/2016\/10\/CROSS-2016-52-150x150.jpg\" width=\"150\" height=\"150\" \/><\/a><p id=\"caption-attachment-843\" class=\"wp-caption-text\">CROSS 2016<\/p><\/div>\n<div id=\"attachment_939\" style=\"width: 160px\" class=\"wp-caption alignleft\"><a href=\"https:\/\/etab.ac-reunion.fr\/clg-leconte-de-lisle\/carnaval2017\/\"><img loading=\"lazy\" decoding=\"async\" aria-describedby=\"caption-attachment-939\" class=\"wp-image-939 size-thumbnail\" src=\"https:\/\/etab.ac-reunion.fr\/clg-leconte-de-lisle\/wp-content\/uploads\/sites\/141\/2017\/03\/P2280078-150x150.jpg\" width=\"150\" height=\"150\" \/><\/a><p id=\"caption-attachment-939\" class=\"wp-caption-text\">Carnaval 2017<\/p><\/div>\n","protected":false},"excerpt":{"rendered":"<p>Nous vous invitons \u00e0\u00a0d\u00e9couvrir les photos des \u00e9v\u00e9nements et des sorties organis\u00e9s par le coll\u00e8ge<\/p>\n<p class=\"continue-reading-button\"> <a class=\"continue-reading-link\" href=\"https:\/\/etab.ac-reunion.fr\/clg-leconte-de-lisle\/evenements\/album-photo\/\">Continuer \u00e0 lire<i class=\"crycon-right-dir\"><\/i><\/a><\/p>\n","protected":false},"author":10521,"featured_media":560,"parent":181,"menu_order":0,"comment_status":"closed","ping_status":"closed","template":"","meta":{"footnotes":""},"class_list":["post-56","page","type-page","status-publish","has-post-thumbnail","hentry"],"_links":{"self":[{"href":"https:\/\/etab.ac-reunion.fr\/clg-leconte-de-lisle\/wp-json\/wp\/v2\/pages\/56","targetHints":{"allow":["GET"]}}],"collection":[{"href":"https:\/\/etab.ac-reunion.fr\/clg-leconte-de-lisle\/wp-json\/wp\/v2\/pages"}],"about":[{"href":"https:\/\/etab.ac-reunion.fr\/clg-leconte-de-lisle\/wp-json\/wp\/v2\/types\/page"}],"author":[{"embeddable":true,"href":"https:\/\/etab.ac-reunion.fr\/clg-leconte-de-lisle\/wp-json\/wp\/v2\/users\/10521"}],"replies":[{"embeddable":true,"href":"https:\/\/etab.ac-reunion.fr\/clg-leconte-de-lisle\/wp-json\/wp\/v2\/comments?post=56"}],"version-history":[{"count":32,"href":"https:\/\/etab.ac-reunion.fr\/clg-leconte-de-lisle\/wp-json\/wp\/v2\/pages\/56\/revisions"}],"predecessor-version":[{"id":949,"href":"https:\/\/etab.ac-reunion.fr\/clg-leconte-de-lisle\/wp-json\/wp\/v2\/pages\/56\/revisions\/949"}],"up":[{"embeddable":true,"href":"https:\/\/etab.ac-reunion.fr\/clg-leconte-de-lisle\/wp-json\/wp\/v2\/pages\/181"}],"wp:featuredmedia":[{"embeddable":true,"href":"https:\/\/etab.ac-reunion.fr\/clg-leconte-de-lisle\/wp-json\/wp\/v2\/media\/560"}],"wp:attachment":[{"href":"https:\/\/etab.ac-reunion.fr\/clg-leconte-de-lisle\/wp-json\/wp\/v2\/media?parent=56"}],"curies":[{"name":"wp","href":"https:\/\/api.w.org\/{rel}","templated":true}]}}