{"id":12972,"date":"2025-04-28T08:55:49","date_gmt":"2025-04-28T04:55:49","guid":{"rendered":"https:\/\/etab.ac-reunion.fr\/clg-les-aigrettes\/?page_id=12972"},"modified":"2025-04-28T09:02:31","modified_gmt":"2025-04-28T05:02:31","slug":"tutoriels","status":"publish","type":"page","link":"https:\/\/etab.ac-reunion.fr\/clg-les-aigrettes\/tutoriels\/","title":{"rendered":"Tutoriels"},"content":{"rendered":"<p>Vous pouvez retrouver sur cette page des tutoriels \u00e0 destination de l&rsquo;ensemble de la communaut\u00e9 \u00e9ducative (\u00e9l\u00e8ves, enseignants, personnels, parents).<\/p>\n<a href=\"https:\/\/etab.ac-reunion.fr\/clg-les-aigrettes\/wp-content\/uploads\/sites\/96\/2025\/04\/Petit-rappel-sur-les-acces-ENT.pdf\" class=\"pdfemb-viewer\" style=\"\" data-width=\"max\" data-height=\"max\" data-toolbar=\"bottom\" data-toolbar-fixed=\"on\">Petit rappel sur les acc\u00e8s ENT<\/a>\n<h1><strong>El\u00e8ves :<\/strong><\/h1>\n<a href=\"https:\/\/etab.ac-reunion.fr\/clg-les-aigrettes\/wp-content\/uploads\/sites\/96\/2025\/04\/Installer-Pronote-sur-Mobile-2024-eleves-et-personnel-v2.pdf\" class=\"pdfemb-viewer\" style=\"\" data-width=\"max\" data-height=\"max\" data-toolbar=\"bottom\" data-toolbar-fixed=\"on\">Installer Pronote sur Mobile 2024 eleves et personnel v2<\/a>\n<a href=\"https:\/\/etab.ac-reunion.fr\/clg-les-aigrettes\/wp-content\/uploads\/sites\/96\/2025\/04\/Tuto-Deconnexion-utilisateurs.pdf\" class=\"pdfemb-viewer\" style=\"\" data-width=\"max\" data-height=\"max\" data-toolbar=\"bottom\" data-toolbar-fixed=\"on\">Tuto - Deconnexion utilisateurs<\/a>\n<p><!--more--><\/p>\n<h1><strong>Enseignants et personnels :<\/strong><\/h1>\n<a href=\"https:\/\/etab.ac-reunion.fr\/clg-les-aigrettes\/wp-content\/uploads\/sites\/96\/2025\/04\/Installer-Pronote-sur-Mobile-2024-eleves-et-personnel-v2.pdf\" class=\"pdfemb-viewer\" style=\"\" data-width=\"max\" data-height=\"max\" data-toolbar=\"bottom\" data-toolbar-fixed=\"on\">Installer Pronote sur Mobile 2024 eleves et personnel v2<\/a>\n<h1><strong>Parents :<\/strong><\/h1>\n<a href=\"https:\/\/etab.ac-reunion.fr\/clg-les-aigrettes\/wp-content\/uploads\/sites\/96\/2025\/04\/Creer-son-compte-Educonnect.pdf\" class=\"pdfemb-viewer\" style=\"\" data-width=\"max\" data-height=\"max\" data-toolbar=\"bottom\" data-toolbar-fixed=\"on\">Cr\u00e9er son compte Educonnect<\/a>\n<a href=\"https:\/\/etab.ac-reunion.fr\/clg-les-aigrettes\/wp-content\/uploads\/sites\/96\/2025\/04\/Installer-Pronote-sur-Mobile-2024.pdf\" class=\"pdfemb-viewer\" style=\"\" data-width=\"max\" data-height=\"max\" data-toolbar=\"bottom\" data-toolbar-fixed=\"on\">Installer Pronote sur Mobile 2024<\/a>\n<!-- AddThis Advanced Settings generic via filter on the_content --><!-- AddThis Share Buttons generic via filter on the_content -->","protected":false},"excerpt":{"rendered":"<p>Vous pouvez retrouver sur cette page des tutoriels \u00e0 destination de l&rsquo;ensemble de la communaut\u00e9 \u00e9ducative (\u00e9l\u00e8ves, enseignants, personnels, parents). El\u00e8ves :<!-- AddThis Advanced Settings generic via filter on get_the_excerpt --><!-- AddThis Share Buttons generic via filter on get_the_excerpt --><\/p>\n","protected":false},"author":24673,"featured_media":0,"parent":0,"menu_order":0,"comment_status":"closed","ping_status":"closed","template":"","meta":{"_et_pb_use_builder":"","_et_pb_old_content":"","_et_gb_content_width":"","footnotes":"","_links_to":"","_links_to_target":""},"class_list":["post-12972","page","type-page","status-publish","hentry"],"_links":{"self":[{"href":"https:\/\/etab.ac-reunion.fr\/clg-les-aigrettes\/wp-json\/wp\/v2\/pages\/12972","targetHints":{"allow":["GET"]}}],"collection":[{"href":"https:\/\/etab.ac-reunion.fr\/clg-les-aigrettes\/wp-json\/wp\/v2\/pages"}],"about":[{"href":"https:\/\/etab.ac-reunion.fr\/clg-les-aigrettes\/wp-json\/wp\/v2\/types\/page"}],"author":[{"embeddable":true,"href":"https:\/\/etab.ac-reunion.fr\/clg-les-aigrettes\/wp-json\/wp\/v2\/users\/24673"}],"replies":[{"embeddable":true,"href":"https:\/\/etab.ac-reunion.fr\/clg-les-aigrettes\/wp-json\/wp\/v2\/comments?post=12972"}],"version-history":[{"count":8,"href":"https:\/\/etab.ac-reunion.fr\/clg-les-aigrettes\/wp-json\/wp\/v2\/pages\/12972\/revisions"}],"predecessor-version":[{"id":12986,"href":"https:\/\/etab.ac-reunion.fr\/clg-les-aigrettes\/wp-json\/wp\/v2\/pages\/12972\/revisions\/12986"}],"wp:attachment":[{"href":"https:\/\/etab.ac-reunion.fr\/clg-les-aigrettes\/wp-json\/wp\/v2\/media?parent=12972"}],"curies":[{"name":"wp","href":"https:\/\/api.w.org\/{rel}","templated":true}]}}