{"id":145,"date":"2014-07-25T11:19:42","date_gmt":"2014-07-25T10:19:42","guid":{"rendered":"http:\/\/college-aigrettes-tmp.ac-reunion.fr\/?page_id=145"},"modified":"2026-02-05T15:37:25","modified_gmt":"2026-02-05T11:37:25","slug":"mentions-legales","status":"publish","type":"page","link":"https:\/\/etab.ac-reunion.fr\/clg-les-aigrettes\/mentions-legales\/","title":{"rendered":"Mentions L\u00e9gales"},"content":{"rendered":"<div class=\"entry post clearfix\" style=\"text-align: left\">\n<h1 class=\"title\">Mentions l\u00e9gales<\/h1>\n<h4><span style=\"text-decoration: underline\">Editeur:<\/span><\/h4>\n<p>Coll\u00e8ge les Aigrettes<\/p>\n<p>11 route du Th\u00e9\u00e2tre<\/p>\n<p>97434 Saint Gilles Les Bains<\/p>\n<p>T\u00e9l\u00e9phone\u00a0: 02 62 24 58 58<\/p>\n<p><strong>Mail<\/strong> : <a href=\"mailto:ce.9740932v@ac-reunion.fr\">ce.9740932v@ac-reunion.fr\u00a0<\/a><\/p>\n<h4><\/h4>\n<h4><span style=\"text-decoration: underline\">Directeurs de la publication et responsable de la r\u00e9daction:<\/span><\/h4>\n<ul>\n<li>M. VALLON Jean-Lou &#8211; Principal<\/li>\n<li>Mme CRABE Ghislain &#8211; Principale Adjointe<\/li>\n<\/ul>\n<h4><span style=\"text-decoration: underline\">Conception et r\u00e9alisation:<\/span><\/h4>\n<ul>\n<li>Webmestre Mme TOUSTOU Olivia<\/li>\n<\/ul>\n<h4><span style=\"text-decoration: underline\">Fournisseur de l\u2019h\u00e9bergement:<\/span><\/h4>\n<p>Rectorat de l\u2019Acad\u00e9mie de La R\u00e9union<br \/>\nSecr\u00e9tariat g\u00e9n\u00e9ral \u2013 Service Communication<br \/>\n24, Avenue Georges Brassens \u2013 97702 \u2013 St-Denis \u2013 Messag Cedex 9<\/p>\n<h4><span style=\"text-decoration: underline\">Propri\u00e9t\u00e9 intellectuelle:<\/span><\/h4>\n<p><em>Les photographies, textes, slogans, dessins, images, s\u00e9quences anim\u00e9es,<\/em><br \/>\n<em> sonores ou non, ainsi que toutes les \u0153uvres int\u00e9gr\u00e9es dans le site sont la propri\u00e9t\u00e9<\/em><br \/>\n<em> de l\u2019\u00e9diteur du site ou de tiers ayant autoris\u00e9 l\u2019\u00e9diteur du site \u00e0 les utiliser.<\/em><br \/>\n<em> Toute reproduction totale ou partielle de ces \u00e9l\u00e9ments sans l\u2019autorisation expresse de<\/em><br \/>\n<em> l\u2019exploitant du site Internet ou de ses ayant-droit est prohib\u00e9e, au sens de l\u2019article L713-2 du CPI.<\/em><\/p>\n<\/div>\n<!-- AddThis Advanced Settings generic via filter on the_content --><!-- AddThis Share Buttons generic via filter on the_content -->","protected":false},"excerpt":{"rendered":"<p>Mentions l\u00e9gales Editeur: Coll\u00e8ge les Aigrettes 11 route du Th\u00e9\u00e2tre 97434 Saint Gilles Les Bains T\u00e9l\u00e9phone\u00a0: 02 62 24 58 58 Mail : ce.9740932v@ac-reunion.fr\u00a0 Directeurs de la publication et responsable [&hellip;]<!-- AddThis Advanced Settings generic via filter on get_the_excerpt --><!-- AddThis Share Buttons generic via filter on get_the_excerpt --><\/p>\n","protected":false},"author":2335,"featured_media":0,"parent":0,"menu_order":0,"comment_status":"closed","ping_status":"closed","template":"","meta":{"_et_pb_use_builder":"","_et_pb_old_content":"","_et_gb_content_width":"","footnotes":"","_links_to":"","_links_to_target":""},"class_list":["post-145","page","type-page","status-publish","hentry"],"_links":{"self":[{"href":"https:\/\/etab.ac-reunion.fr\/clg-les-aigrettes\/wp-json\/wp\/v2\/pages\/145","targetHints":{"allow":["GET"]}}],"collection":[{"href":"https:\/\/etab.ac-reunion.fr\/clg-les-aigrettes\/wp-json\/wp\/v2\/pages"}],"about":[{"href":"https:\/\/etab.ac-reunion.fr\/clg-les-aigrettes\/wp-json\/wp\/v2\/types\/page"}],"author":[{"embeddable":true,"href":"https:\/\/etab.ac-reunion.fr\/clg-les-aigrettes\/wp-json\/wp\/v2\/users\/2335"}],"replies":[{"embeddable":true,"href":"https:\/\/etab.ac-reunion.fr\/clg-les-aigrettes\/wp-json\/wp\/v2\/comments?post=145"}],"version-history":[{"count":8,"href":"https:\/\/etab.ac-reunion.fr\/clg-les-aigrettes\/wp-json\/wp\/v2\/pages\/145\/revisions"}],"predecessor-version":[{"id":13517,"href":"https:\/\/etab.ac-reunion.fr\/clg-les-aigrettes\/wp-json\/wp\/v2\/pages\/145\/revisions\/13517"}],"wp:attachment":[{"href":"https:\/\/etab.ac-reunion.fr\/clg-les-aigrettes\/wp-json\/wp\/v2\/media?parent=145"}],"curies":[{"name":"wp","href":"https:\/\/api.w.org\/{rel}","templated":true}]}}