{"id":255,"date":"2013-10-29T09:20:11","date_gmt":"2013-10-29T05:20:11","guid":{"rendered":"http:\/\/college-les-mascareignes-tmp.ac-reunion.fr\/?page_id=255"},"modified":"2023-06-16T13:00:42","modified_gmt":"2023-06-16T09:00:42","slug":"mentions-legales","status":"publish","type":"page","link":"https:\/\/etab.ac-reunion.fr\/clg-les-mascareignes\/mentions-legales\/","title":{"rendered":"Mentions l\u00e9gales"},"content":{"rendered":"<p>\u00c9diteur<br \/>\nRectorat de l\u2019Acad\u00e9mie de La R\u00e9union<br \/>\nSecr\u00e9tariat g\u00e9n\u00e9ral \u2013 Service Communication<br \/>\n24, Avenue Georges Brassens \u2013 97702 \u2013 St-Denis \u2013 Messag Cedex 9<\/p>\n<p>Directrice de la publication et de la r\u00e9daction<br \/>\nResponsable de la ma\u00eetrise d\u2019ouvrage<br \/>\nFr\u00e9d\u00e9ric CREVEAUX , PRINCIPALE<\/p>\n<p>Responsable de la ma\u00eetrise d\u2019oeuvre :<br \/>\nFabrice DESCHAMPS, PRINCIPALE ADJOINTE<\/p>\n<p>Webmestre :<br \/>\nBruny PITOU<\/p>\n","protected":false},"excerpt":{"rendered":"<p>\u00c9diteur Rectorat de l\u2019Acad\u00e9mie de La R\u00e9union Secr\u00e9tariat g\u00e9n\u00e9ral \u2013 Service Communication 24, Avenue Georges Brassens \u2013 97702 \u2013 St-Denis \u2013 Messag Cedex 9 Directrice de la publication et de la r\u00e9daction Responsable de la ma\u00eetrise d\u2019ouvrage Fr\u00e9d\u00e9ric CREVEAUX , PRINCIPALE Responsable de la ma\u00eetrise d\u2019oeuvre : Fabrice DESCHAMPS, PRINCIPALE&#8230;<\/p>\n<p> <a class=\"continue-reading-link\" href=\"https:\/\/etab.ac-reunion.fr\/clg-les-mascareignes\/mentions-legales\/\"><span>Lire la suite<\/span><i class=\"crycon-right-dir\"><\/i><\/a> <\/p>\n","protected":false},"author":66,"featured_media":0,"parent":0,"menu_order":0,"comment_status":"closed","ping_status":"closed","template":"","meta":{"footnotes":""},"class_list":["post-255","page","type-page","status-publish","hentry"],"_links":{"self":[{"href":"https:\/\/etab.ac-reunion.fr\/clg-les-mascareignes\/wp-json\/wp\/v2\/pages\/255","targetHints":{"allow":["GET"]}}],"collection":[{"href":"https:\/\/etab.ac-reunion.fr\/clg-les-mascareignes\/wp-json\/wp\/v2\/pages"}],"about":[{"href":"https:\/\/etab.ac-reunion.fr\/clg-les-mascareignes\/wp-json\/wp\/v2\/types\/page"}],"author":[{"embeddable":true,"href":"https:\/\/etab.ac-reunion.fr\/clg-les-mascareignes\/wp-json\/wp\/v2\/users\/66"}],"replies":[{"embeddable":true,"href":"https:\/\/etab.ac-reunion.fr\/clg-les-mascareignes\/wp-json\/wp\/v2\/comments?post=255"}],"version-history":[{"count":7,"href":"https:\/\/etab.ac-reunion.fr\/clg-les-mascareignes\/wp-json\/wp\/v2\/pages\/255\/revisions"}],"predecessor-version":[{"id":12306,"href":"https:\/\/etab.ac-reunion.fr\/clg-les-mascareignes\/wp-json\/wp\/v2\/pages\/255\/revisions\/12306"}],"wp:attachment":[{"href":"https:\/\/etab.ac-reunion.fr\/clg-les-mascareignes\/wp-json\/wp\/v2\/media?parent=255"}],"curies":[{"name":"wp","href":"https:\/\/api.w.org\/{rel}","templated":true}]}}